{"id":6510,"date":"2021-04-01T11:06:29","date_gmt":"2024-05-28T14:06:56","guid":{"rendered":"https:\/\/holmac.com\/catalogo-prodotti\/non%20class\u00e9\/hzc-30\/"},"modified":"2024-08-28T17:26:41","modified_gmt":"2024-08-28T15:26:41","slug":"hzc-30","status":"publish","type":"product","link":"https:\/\/holmac.com\/fr\/catalogo-prodotti\/arracheuse\/hzc-30\/","title":{"rendered":"HZC 30"},"content":{"rendered":"<p>La HZC 30 est une arracheuse qui comprend un certain nombre de nouvelles fonctionnalit\u00e9s, le r\u00e9sultat d\u2019une recherche constante de solutions pour simplifier le travail des gens dans la p\u00e9pini\u00e8re. Equipement de s\u00e9rie comprend: Syst\u00e8me de levage vertical de la motte au-dessus du sol, le d\u00e9placement de l\u2019unit\u00e9 de lame\/vibreur de 35\u00b0 sur les deux c\u00f4t\u00e9s, syst\u00e8me brevet\u00e9 d\u2019ouverture\/avancement ind\u00e9pendante des chenille avec le graisseur centralis\u00e9e, syst\u00e8me hydraulique visant \u00e0 assurer un mouvement plus rapide de l\u2019approche \u00e0 la plant, syst\u00e8me d\u2019isolation du l\u2019op\u00e9rateur contre les vibrations, bras porte-lame pour le montage des lames du 25-30-35-40- 45-50-55-60-65-70-80-90-100 cm.<\/p>\n","protected":false},"excerpt":{"rendered":"<p>La HZC 30 est une arracheuse qui comprend un certain nombre de nouvelles fonctionnalit\u00e9s, le r\u00e9sultat d\u2019une recherche constante de [&hellip;]<\/p>\n","protected":false},"featured_media":6013,"template":"","meta":{"_acf_changed":false,"_mo_disable_npp":"","site-sidebar-layout":"default","site-content-layout":"","ast-site-content-layout":"default","site-content-style":"default","site-sidebar-style":"default","ast-global-header-display":"","ast-banner-title-visibility":"","ast-main-header-display":"","ast-hfb-above-header-display":"","ast-hfb-below-header-display":"","ast-hfb-mobile-header-display":"","site-post-title":"","ast-breadcrumbs-content":"","ast-featured-img":"","footer-sml-layout":"","ast-disable-related-posts":"","theme-transparent-header-meta":"default","adv-header-id-meta":"","stick-header-meta":"","header-above-stick-meta":"","header-main-stick-meta":"","header-below-stick-meta":"","astra-migrate-meta-layouts":"set","ast-page-background-enabled":"default","ast-page-background-meta":{"desktop":{"background-color":"var(--ast-global-color-4)","background-image":"","background-repeat":"repeat","background-position":"center center","background-size":"auto","background-attachment":"scroll","background-type":"","background-media":"","overlay-type":"","overlay-color":"","overlay-opacity":"","overlay-gradient":""},"tablet":{"background-color":"","background-image":"","background-repeat":"repeat","background-position":"center center","background-size":"auto","background-attachment":"scroll","background-type":"","background-media":"","overlay-type":"","overlay-color":"","overlay-opacity":"","overlay-gradient":""},"mobile":{"background-color":"","background-image":"","background-repeat":"repeat","background-position":"center center","background-size":"auto","background-attachment":"scroll","background-type":"","background-media":"","overlay-type":"","overlay-color":"","overlay-opacity":"","overlay-gradient":""}},"ast-content-background-meta":{"desktop":{"background-color":"var(--ast-global-color-5)","background-image":"","background-repeat":"repeat","background-position":"center center","background-size":"auto","background-attachment":"scroll","background-type":"","background-media":"","overlay-type":"","overlay-color":"","overlay-opacity":"","overlay-gradient":""},"tablet":{"background-color":"var(--ast-global-color-5)","background-image":"","background-repeat":"repeat","background-position":"center center","background-size":"auto","background-attachment":"scroll","background-type":"","background-media":"","overlay-type":"","overlay-color":"","overlay-opacity":"","overlay-gradient":""},"mobile":{"background-color":"var(--ast-global-color-5)","background-image":"","background-repeat":"repeat","background-position":"center center","background-size":"auto","background-attachment":"scroll","background-type":"","background-media":"","overlay-type":"","overlay-color":"","overlay-opacity":"","overlay-gradient":""}}},"product_brand":[],"product_cat":[159],"product_tag":[],"class_list":{"0":"post-6510","1":"product","2":"type-product","3":"status-publish","4":"has-post-thumbnail","6":"product_cat-arracheuse","7":"desktop-align-left","8":"tablet-align-left","9":"mobile-align-left","11":"first","12":"instock","13":"shipping-taxable","14":"purchasable","15":"product-type-woosg"},"acf":[],"yoast_head":"<!-- This site is optimized with the Yoast SEO plugin v27.4 - https:\/\/yoast.com\/product\/yoast-seo-wordpress\/ -->\n<title>HZC 30 - Holmac di Gastaldi Christian &amp; Figli SRL<\/title>\n<meta name=\"robots\" content=\"index, follow, max-snippet:-1, max-image-preview:large, max-video-preview:-1\" \/>\n<link rel=\"canonical\" href=\"https:\/\/holmac.com\/fr\/catalogo-prodotti\/arracheuse\/hzc-30\/\" \/>\n<meta property=\"og:locale\" content=\"fr_FR\" \/>\n<meta property=\"og:type\" content=\"article\" \/>\n<meta property=\"og:title\" content=\"HZC 30 - Holmac di Gastaldi Christian &amp; Figli SRL\" \/>\n<meta property=\"og:description\" content=\"La HZC 30 est une arracheuse qui comprend un certain nombre de nouvelles fonctionnalit\u00e9s, le r\u00e9sultat d\u2019une recherche constante de [&hellip;]\" \/>\n<meta property=\"og:url\" content=\"https:\/\/holmac.com\/fr\/catalogo-prodotti\/arracheuse\/hzc-30\/\" \/>\n<meta property=\"og:site_name\" content=\"Holmac di Gastaldi Christian &amp; Figli SRL\" \/>\n<meta property=\"article:publisher\" content=\"https:\/\/www.facebook.com\/HOLMAC-143398409180653\/\" \/>\n<meta property=\"article:modified_time\" content=\"2024-08-28T15:26:41+00:00\" \/>\n<meta property=\"og:image\" content=\"https:\/\/holmac.com\/wp-content\/uploads\/2021\/04\/HZC30_side_white.png\" \/>\n\t<meta property=\"og:image:width\" content=\"822\" \/>\n\t<meta property=\"og:image:height\" content=\"595\" \/>\n\t<meta property=\"og:image:type\" content=\"image\/png\" \/>\n<meta name=\"twitter:card\" content=\"summary_large_image\" \/>\n<meta name=\"twitter:label1\" content=\"Dur\u00e9e de lecture estim\u00e9e\" \/>\n\t<meta name=\"twitter:data1\" content=\"1 minute\" \/>\n<script type=\"application\/ld+json\" class=\"yoast-schema-graph\">{\"@context\":\"https:\\\/\\\/schema.org\",\"@graph\":[{\"@type\":\"WebPage\",\"@id\":\"https:\\\/\\\/holmac.com\\\/fr\\\/catalogo-prodotti\\\/arracheuse\\\/hzc-30\\\/\",\"url\":\"https:\\\/\\\/holmac.com\\\/fr\\\/catalogo-prodotti\\\/arracheuse\\\/hzc-30\\\/\",\"name\":\"HZC 30 - Holmac di Gastaldi Christian &amp; Figli SRL\",\"isPartOf\":{\"@id\":\"https:\\\/\\\/holmac.com\\\/fr\\\/#website\"},\"primaryImageOfPage\":{\"@id\":\"https:\\\/\\\/holmac.com\\\/fr\\\/catalogo-prodotti\\\/arracheuse\\\/hzc-30\\\/#primaryimage\"},\"image\":{\"@id\":\"https:\\\/\\\/holmac.com\\\/fr\\\/catalogo-prodotti\\\/arracheuse\\\/hzc-30\\\/#primaryimage\"},\"thumbnailUrl\":\"https:\\\/\\\/holmac.com\\\/wp-content\\\/uploads\\\/2021\\\/04\\\/HZC30_side_white.png\",\"datePublished\":\"2024-05-28T14:06:56+00:00\",\"dateModified\":\"2024-08-28T15:26:41+00:00\",\"breadcrumb\":{\"@id\":\"https:\\\/\\\/holmac.com\\\/fr\\\/catalogo-prodotti\\\/arracheuse\\\/hzc-30\\\/#breadcrumb\"},\"inLanguage\":\"fr-FR\",\"potentialAction\":[{\"@type\":\"ReadAction\",\"target\":[\"https:\\\/\\\/holmac.com\\\/fr\\\/catalogo-prodotti\\\/arracheuse\\\/hzc-30\\\/\"]}]},{\"@type\":\"ImageObject\",\"inLanguage\":\"fr-FR\",\"@id\":\"https:\\\/\\\/holmac.com\\\/fr\\\/catalogo-prodotti\\\/arracheuse\\\/hzc-30\\\/#primaryimage\",\"url\":\"https:\\\/\\\/holmac.com\\\/wp-content\\\/uploads\\\/2021\\\/04\\\/HZC30_side_white.png\",\"contentUrl\":\"https:\\\/\\\/holmac.com\\\/wp-content\\\/uploads\\\/2021\\\/04\\\/HZC30_side_white.png\",\"width\":822,\"height\":595},{\"@type\":\"BreadcrumbList\",\"@id\":\"https:\\\/\\\/holmac.com\\\/fr\\\/catalogo-prodotti\\\/arracheuse\\\/hzc-30\\\/#breadcrumb\",\"itemListElement\":[{\"@type\":\"ListItem\",\"position\":1,\"name\":\"Home\",\"item\":\"https:\\\/\\\/holmac.com\\\/fr\\\/holmac\\\/\"},{\"@type\":\"ListItem\",\"position\":2,\"name\":\"Product Catalog\",\"item\":\"https:\\\/\\\/holmac.com\\\/fr\\\/product-catalog\\\/\"},{\"@type\":\"ListItem\",\"position\":3,\"name\":\"HZC 30\"}]},{\"@type\":\"WebSite\",\"@id\":\"https:\\\/\\\/holmac.com\\\/fr\\\/#website\",\"url\":\"https:\\\/\\\/holmac.com\\\/fr\\\/\",\"name\":\"HOLMAC sas di Gastaldi Niccol\u00f2 & C.\",\"description\":\"since 1969\",\"publisher\":{\"@id\":\"https:\\\/\\\/holmac.com\\\/fr\\\/#organization\"},\"alternateName\":\"HOLMAC\",\"potentialAction\":[{\"@type\":\"SearchAction\",\"target\":{\"@type\":\"EntryPoint\",\"urlTemplate\":\"https:\\\/\\\/holmac.com\\\/fr\\\/?s={search_term_string}\"},\"query-input\":{\"@type\":\"PropertyValueSpecification\",\"valueRequired\":true,\"valueName\":\"search_term_string\"}}],\"inLanguage\":\"fr-FR\"},{\"@type\":\"Organization\",\"@id\":\"https:\\\/\\\/holmac.com\\\/fr\\\/#organization\",\"name\":\"HOLMAC sas di Gastaldi Niccol\u00f2 & C.\",\"url\":\"https:\\\/\\\/holmac.com\\\/fr\\\/\",\"logo\":{\"@type\":\"ImageObject\",\"inLanguage\":\"fr-FR\",\"@id\":\"https:\\\/\\\/holmac.com\\\/fr\\\/#\\\/schema\\\/logo\\\/image\\\/\",\"url\":\"https:\\\/\\\/holmac.com\\\/wp-content\\\/uploads\\\/2024\\\/04\\\/logo-holmac-full.svg\",\"contentUrl\":\"https:\\\/\\\/holmac.com\\\/wp-content\\\/uploads\\\/2024\\\/04\\\/logo-holmac-full.svg\",\"caption\":\"HOLMAC sas di Gastaldi Niccol\u00f2 & C.\"},\"image\":{\"@id\":\"https:\\\/\\\/holmac.com\\\/fr\\\/#\\\/schema\\\/logo\\\/image\\\/\"},\"sameAs\":[\"https:\\\/\\\/www.facebook.com\\\/HOLMAC-143398409180653\\\/\",\"https:\\\/\\\/www.instagram.com\\\/holmac_official\\\/\",\"https:\\\/\\\/www.youtube.com\\\/channel\\\/UCyTkusnUyzkvOnuJgEEh-1Q\\\/featured\",\"https:\\\/\\\/www.linkedin.com\\\/company\\\/holmac-sas-official\\\/about\\\/\"]}]}<\/script>\n<!-- \/ Yoast SEO plugin. -->","yoast_head_json":{"title":"HZC 30 - Holmac di Gastaldi Christian &amp; Figli SRL","robots":{"index":"index","follow":"follow","max-snippet":"max-snippet:-1","max-image-preview":"max-image-preview:large","max-video-preview":"max-video-preview:-1"},"canonical":"https:\/\/holmac.com\/fr\/catalogo-prodotti\/arracheuse\/hzc-30\/","og_locale":"fr_FR","og_type":"article","og_title":"HZC 30 - Holmac di Gastaldi Christian &amp; Figli SRL","og_description":"La HZC 30 est une arracheuse qui comprend un certain nombre de nouvelles fonctionnalit\u00e9s, le r\u00e9sultat d\u2019une recherche constante de [&hellip;]","og_url":"https:\/\/holmac.com\/fr\/catalogo-prodotti\/arracheuse\/hzc-30\/","og_site_name":"Holmac di Gastaldi Christian &amp; Figli SRL","article_publisher":"https:\/\/www.facebook.com\/HOLMAC-143398409180653\/","article_modified_time":"2024-08-28T15:26:41+00:00","og_image":[{"width":822,"height":595,"url":"https:\/\/holmac.com\/wp-content\/uploads\/2021\/04\/HZC30_side_white.png","type":"image\/png"}],"twitter_card":"summary_large_image","twitter_misc":{"Dur\u00e9e de lecture estim\u00e9e":"1 minute"},"schema":{"@context":"https:\/\/schema.org","@graph":[{"@type":"WebPage","@id":"https:\/\/holmac.com\/fr\/catalogo-prodotti\/arracheuse\/hzc-30\/","url":"https:\/\/holmac.com\/fr\/catalogo-prodotti\/arracheuse\/hzc-30\/","name":"HZC 30 - Holmac di Gastaldi Christian &amp; Figli SRL","isPartOf":{"@id":"https:\/\/holmac.com\/fr\/#website"},"primaryImageOfPage":{"@id":"https:\/\/holmac.com\/fr\/catalogo-prodotti\/arracheuse\/hzc-30\/#primaryimage"},"image":{"@id":"https:\/\/holmac.com\/fr\/catalogo-prodotti\/arracheuse\/hzc-30\/#primaryimage"},"thumbnailUrl":"https:\/\/holmac.com\/wp-content\/uploads\/2021\/04\/HZC30_side_white.png","datePublished":"2024-05-28T14:06:56+00:00","dateModified":"2024-08-28T15:26:41+00:00","breadcrumb":{"@id":"https:\/\/holmac.com\/fr\/catalogo-prodotti\/arracheuse\/hzc-30\/#breadcrumb"},"inLanguage":"fr-FR","potentialAction":[{"@type":"ReadAction","target":["https:\/\/holmac.com\/fr\/catalogo-prodotti\/arracheuse\/hzc-30\/"]}]},{"@type":"ImageObject","inLanguage":"fr-FR","@id":"https:\/\/holmac.com\/fr\/catalogo-prodotti\/arracheuse\/hzc-30\/#primaryimage","url":"https:\/\/holmac.com\/wp-content\/uploads\/2021\/04\/HZC30_side_white.png","contentUrl":"https:\/\/holmac.com\/wp-content\/uploads\/2021\/04\/HZC30_side_white.png","width":822,"height":595},{"@type":"BreadcrumbList","@id":"https:\/\/holmac.com\/fr\/catalogo-prodotti\/arracheuse\/hzc-30\/#breadcrumb","itemListElement":[{"@type":"ListItem","position":1,"name":"Home","item":"https:\/\/holmac.com\/fr\/holmac\/"},{"@type":"ListItem","position":2,"name":"Product Catalog","item":"https:\/\/holmac.com\/fr\/product-catalog\/"},{"@type":"ListItem","position":3,"name":"HZC 30"}]},{"@type":"WebSite","@id":"https:\/\/holmac.com\/fr\/#website","url":"https:\/\/holmac.com\/fr\/","name":"HOLMAC sas di Gastaldi Niccol\u00f2 & C.","description":"since 1969","publisher":{"@id":"https:\/\/holmac.com\/fr\/#organization"},"alternateName":"HOLMAC","potentialAction":[{"@type":"SearchAction","target":{"@type":"EntryPoint","urlTemplate":"https:\/\/holmac.com\/fr\/?s={search_term_string}"},"query-input":{"@type":"PropertyValueSpecification","valueRequired":true,"valueName":"search_term_string"}}],"inLanguage":"fr-FR"},{"@type":"Organization","@id":"https:\/\/holmac.com\/fr\/#organization","name":"HOLMAC sas di Gastaldi Niccol\u00f2 & C.","url":"https:\/\/holmac.com\/fr\/","logo":{"@type":"ImageObject","inLanguage":"fr-FR","@id":"https:\/\/holmac.com\/fr\/#\/schema\/logo\/image\/","url":"https:\/\/holmac.com\/wp-content\/uploads\/2024\/04\/logo-holmac-full.svg","contentUrl":"https:\/\/holmac.com\/wp-content\/uploads\/2024\/04\/logo-holmac-full.svg","caption":"HOLMAC sas di Gastaldi Niccol\u00f2 & C."},"image":{"@id":"https:\/\/holmac.com\/fr\/#\/schema\/logo\/image\/"},"sameAs":["https:\/\/www.facebook.com\/HOLMAC-143398409180653\/","https:\/\/www.instagram.com\/holmac_official\/","https:\/\/www.youtube.com\/channel\/UCyTkusnUyzkvOnuJgEEh-1Q\/featured","https:\/\/www.linkedin.com\/company\/holmac-sas-official\/about\/"]}]}},"_links":{"self":[{"href":"https:\/\/holmac.com\/fr\/wp-json\/wp\/v2\/product\/6510","targetHints":{"allow":["GET"]}}],"collection":[{"href":"https:\/\/holmac.com\/fr\/wp-json\/wp\/v2\/product"}],"about":[{"href":"https:\/\/holmac.com\/fr\/wp-json\/wp\/v2\/types\/product"}],"wp:featuredmedia":[{"embeddable":true,"href":"https:\/\/holmac.com\/fr\/wp-json\/wp\/v2\/media\/6013"}],"wp:attachment":[{"href":"https:\/\/holmac.com\/fr\/wp-json\/wp\/v2\/media?parent=6510"}],"wp:term":[{"taxonomy":"product_brand","embeddable":true,"href":"https:\/\/holmac.com\/fr\/wp-json\/wp\/v2\/product_brand?post=6510"},{"taxonomy":"product_cat","embeddable":true,"href":"https:\/\/holmac.com\/fr\/wp-json\/wp\/v2\/product_cat?post=6510"},{"taxonomy":"product_tag","embeddable":true,"href":"https:\/\/holmac.com\/fr\/wp-json\/wp\/v2\/product_tag?post=6510"}],"curies":[{"name":"wp","href":"https:\/\/api.w.org\/{rel}","templated":true}]}}