{"id":6428,"date":"2021-04-01T11:07:14","date_gmt":"2024-05-24T10:41:58","guid":{"rendered":"https:\/\/holmac.com\/catalogo-prodotti\/non%20class\u00e9\/hzc-45\/"},"modified":"2024-08-28T17:25:57","modified_gmt":"2024-08-28T15:25:57","slug":"hzc-45","status":"publish","type":"product","link":"https:\/\/holmac.com\/fr\/catalogo-prodotti\/arracheuse\/hzc-45\/","title":{"rendered":"HZC 45"},"content":{"rendered":"<p>La HZC 45 est une machine avec des caract\u00e9ristiques techniques et mecaniques vraiment innovantes, brevet\u00e9e et homologu\u00e9e pour garantir la meilleure capacit\u00e9 du travail avec le maximum de s\u00fbret\u00e9 et de rendement. La HZC 45 a \u00e9t\u00e9 d\u00e9velopp\u00e9e avec l\u2019objectif d\u2019 augmenter le confort de conduite pour l\u2019op\u00e9rateur, de r\u00e9duire sensiblement les vibrations et de permettre une meilleure visibilit\u00e9 durant le travail d\u2019arrachage, de plus le systeme d\u2019ouverture \/d\u2019avancement des chenilles permet d\u2019 enlever, avec la lame, une plante avec une motte de 150 cm de diam\u00e8tre.<\/p>\n","protected":false},"excerpt":{"rendered":"<p>La HZC 45 est une machine avec des caract\u00e9ristiques techniques et mecaniques vraiment innovantes, brevet\u00e9e et homologu\u00e9e pour garantir la [&hellip;]<\/p>\n","protected":false},"featured_media":6084,"template":"","meta":{"_acf_changed":false,"_mo_disable_npp":"","site-sidebar-layout":"default","site-content-layout":"","ast-site-content-layout":"default","site-content-style":"default","site-sidebar-style":"default","ast-global-header-display":"","ast-banner-title-visibility":"","ast-main-header-display":"","ast-hfb-above-header-display":"","ast-hfb-below-header-display":"","ast-hfb-mobile-header-display":"","site-post-title":"","ast-breadcrumbs-content":"","ast-featured-img":"","footer-sml-layout":"","ast-disable-related-posts":"","theme-transparent-header-meta":"default","adv-header-id-meta":"","stick-header-meta":"","header-above-stick-meta":"","header-main-stick-meta":"","header-below-stick-meta":"","astra-migrate-meta-layouts":"set","ast-page-background-enabled":"default","ast-page-background-meta":{"desktop":{"background-color":"var(--ast-global-color-4)","background-image":"","background-repeat":"repeat","background-position":"center center","background-size":"auto","background-attachment":"scroll","background-type":"","background-media":"","overlay-type":"","overlay-color":"","overlay-opacity":"","overlay-gradient":""},"tablet":{"background-color":"","background-image":"","background-repeat":"repeat","background-position":"center center","background-size":"auto","background-attachment":"scroll","background-type":"","background-media":"","overlay-type":"","overlay-color":"","overlay-opacity":"","overlay-gradient":""},"mobile":{"background-color":"","background-image":"","background-repeat":"repeat","background-position":"center center","background-size":"auto","background-attachment":"scroll","background-type":"","background-media":"","overlay-type":"","overlay-color":"","overlay-opacity":"","overlay-gradient":""}},"ast-content-background-meta":{"desktop":{"background-color":"var(--ast-global-color-5)","background-image":"","background-repeat":"repeat","background-position":"center center","background-size":"auto","background-attachment":"scroll","background-type":"","background-media":"","overlay-type":"","overlay-color":"","overlay-opacity":"","overlay-gradient":""},"tablet":{"background-color":"var(--ast-global-color-5)","background-image":"","background-repeat":"repeat","background-position":"center center","background-size":"auto","background-attachment":"scroll","background-type":"","background-media":"","overlay-type":"","overlay-color":"","overlay-opacity":"","overlay-gradient":""},"mobile":{"background-color":"var(--ast-global-color-5)","background-image":"","background-repeat":"repeat","background-position":"center center","background-size":"auto","background-attachment":"scroll","background-type":"","background-media":"","overlay-type":"","overlay-color":"","overlay-opacity":"","overlay-gradient":""}}},"product_brand":[],"product_cat":[159],"product_tag":[],"class_list":{"0":"post-6428","1":"product","2":"type-product","3":"status-publish","4":"has-post-thumbnail","6":"product_cat-arracheuse","7":"desktop-align-left","8":"tablet-align-left","9":"mobile-align-left","11":"first","12":"instock","13":"shipping-taxable","14":"purchasable","15":"product-type-woosg"},"acf":[],"yoast_head":"<!-- This site is optimized with the Yoast SEO plugin v27.4 - https:\/\/yoast.com\/product\/yoast-seo-wordpress\/ -->\n<title>HZC 45 - Holmac di Gastaldi Christian &amp; Figli SRL<\/title>\n<meta name=\"robots\" content=\"index, follow, max-snippet:-1, max-image-preview:large, max-video-preview:-1\" \/>\n<link rel=\"canonical\" href=\"https:\/\/holmac.com\/fr\/catalogo-prodotti\/arracheuse\/hzc-45\/\" \/>\n<meta property=\"og:locale\" content=\"fr_FR\" \/>\n<meta property=\"og:type\" content=\"article\" \/>\n<meta property=\"og:title\" content=\"HZC 45 - Holmac di Gastaldi Christian &amp; Figli SRL\" \/>\n<meta property=\"og:description\" content=\"La HZC 45 est une machine avec des caract\u00e9ristiques techniques et mecaniques vraiment innovantes, brevet\u00e9e et homologu\u00e9e pour garantir la [&hellip;]\" \/>\n<meta property=\"og:url\" content=\"https:\/\/holmac.com\/fr\/catalogo-prodotti\/arracheuse\/hzc-45\/\" \/>\n<meta property=\"og:site_name\" content=\"Holmac di Gastaldi Christian &amp; Figli SRL\" \/>\n<meta property=\"article:publisher\" content=\"https:\/\/www.facebook.com\/HOLMAC-143398409180653\/\" \/>\n<meta property=\"article:modified_time\" content=\"2024-08-28T15:25:57+00:00\" \/>\n<meta property=\"og:image\" content=\"https:\/\/holmac.com\/wp-content\/uploads\/2021\/04\/HZC45_side_white.png\" \/>\n\t<meta property=\"og:image:width\" content=\"822\" \/>\n\t<meta property=\"og:image:height\" content=\"595\" \/>\n\t<meta property=\"og:image:type\" content=\"image\/png\" \/>\n<meta name=\"twitter:card\" content=\"summary_large_image\" \/>\n<meta name=\"twitter:label1\" content=\"Dur\u00e9e de lecture estim\u00e9e\" \/>\n\t<meta name=\"twitter:data1\" content=\"1 minute\" \/>\n<script type=\"application\/ld+json\" class=\"yoast-schema-graph\">{\"@context\":\"https:\\\/\\\/schema.org\",\"@graph\":[{\"@type\":\"WebPage\",\"@id\":\"https:\\\/\\\/holmac.com\\\/fr\\\/catalogo-prodotti\\\/arracheuse\\\/hzc-45\\\/\",\"url\":\"https:\\\/\\\/holmac.com\\\/fr\\\/catalogo-prodotti\\\/arracheuse\\\/hzc-45\\\/\",\"name\":\"HZC 45 - Holmac di Gastaldi Christian &amp; Figli SRL\",\"isPartOf\":{\"@id\":\"https:\\\/\\\/holmac.com\\\/fr\\\/#website\"},\"primaryImageOfPage\":{\"@id\":\"https:\\\/\\\/holmac.com\\\/fr\\\/catalogo-prodotti\\\/arracheuse\\\/hzc-45\\\/#primaryimage\"},\"image\":{\"@id\":\"https:\\\/\\\/holmac.com\\\/fr\\\/catalogo-prodotti\\\/arracheuse\\\/hzc-45\\\/#primaryimage\"},\"thumbnailUrl\":\"https:\\\/\\\/holmac.com\\\/wp-content\\\/uploads\\\/2021\\\/04\\\/HZC45_side_white.png\",\"datePublished\":\"2024-05-24T10:41:58+00:00\",\"dateModified\":\"2024-08-28T15:25:57+00:00\",\"breadcrumb\":{\"@id\":\"https:\\\/\\\/holmac.com\\\/fr\\\/catalogo-prodotti\\\/arracheuse\\\/hzc-45\\\/#breadcrumb\"},\"inLanguage\":\"fr-FR\",\"potentialAction\":[{\"@type\":\"ReadAction\",\"target\":[\"https:\\\/\\\/holmac.com\\\/fr\\\/catalogo-prodotti\\\/arracheuse\\\/hzc-45\\\/\"]}]},{\"@type\":\"ImageObject\",\"inLanguage\":\"fr-FR\",\"@id\":\"https:\\\/\\\/holmac.com\\\/fr\\\/catalogo-prodotti\\\/arracheuse\\\/hzc-45\\\/#primaryimage\",\"url\":\"https:\\\/\\\/holmac.com\\\/wp-content\\\/uploads\\\/2021\\\/04\\\/HZC45_side_white.png\",\"contentUrl\":\"https:\\\/\\\/holmac.com\\\/wp-content\\\/uploads\\\/2021\\\/04\\\/HZC45_side_white.png\",\"width\":822,\"height\":595},{\"@type\":\"BreadcrumbList\",\"@id\":\"https:\\\/\\\/holmac.com\\\/fr\\\/catalogo-prodotti\\\/arracheuse\\\/hzc-45\\\/#breadcrumb\",\"itemListElement\":[{\"@type\":\"ListItem\",\"position\":1,\"name\":\"Home\",\"item\":\"https:\\\/\\\/holmac.com\\\/fr\\\/holmac\\\/\"},{\"@type\":\"ListItem\",\"position\":2,\"name\":\"Product Catalog\",\"item\":\"https:\\\/\\\/holmac.com\\\/fr\\\/product-catalog\\\/\"},{\"@type\":\"ListItem\",\"position\":3,\"name\":\"HZC 45\"}]},{\"@type\":\"WebSite\",\"@id\":\"https:\\\/\\\/holmac.com\\\/fr\\\/#website\",\"url\":\"https:\\\/\\\/holmac.com\\\/fr\\\/\",\"name\":\"HOLMAC sas di Gastaldi Niccol\u00f2 & C.\",\"description\":\"since 1969\",\"publisher\":{\"@id\":\"https:\\\/\\\/holmac.com\\\/fr\\\/#organization\"},\"alternateName\":\"HOLMAC\",\"potentialAction\":[{\"@type\":\"SearchAction\",\"target\":{\"@type\":\"EntryPoint\",\"urlTemplate\":\"https:\\\/\\\/holmac.com\\\/fr\\\/?s={search_term_string}\"},\"query-input\":{\"@type\":\"PropertyValueSpecification\",\"valueRequired\":true,\"valueName\":\"search_term_string\"}}],\"inLanguage\":\"fr-FR\"},{\"@type\":\"Organization\",\"@id\":\"https:\\\/\\\/holmac.com\\\/fr\\\/#organization\",\"name\":\"HOLMAC sas di Gastaldi Niccol\u00f2 & C.\",\"url\":\"https:\\\/\\\/holmac.com\\\/fr\\\/\",\"logo\":{\"@type\":\"ImageObject\",\"inLanguage\":\"fr-FR\",\"@id\":\"https:\\\/\\\/holmac.com\\\/fr\\\/#\\\/schema\\\/logo\\\/image\\\/\",\"url\":\"https:\\\/\\\/holmac.com\\\/wp-content\\\/uploads\\\/2024\\\/04\\\/logo-holmac-full.svg\",\"contentUrl\":\"https:\\\/\\\/holmac.com\\\/wp-content\\\/uploads\\\/2024\\\/04\\\/logo-holmac-full.svg\",\"caption\":\"HOLMAC sas di Gastaldi Niccol\u00f2 & C.\"},\"image\":{\"@id\":\"https:\\\/\\\/holmac.com\\\/fr\\\/#\\\/schema\\\/logo\\\/image\\\/\"},\"sameAs\":[\"https:\\\/\\\/www.facebook.com\\\/HOLMAC-143398409180653\\\/\",\"https:\\\/\\\/www.instagram.com\\\/holmac_official\\\/\",\"https:\\\/\\\/www.youtube.com\\\/channel\\\/UCyTkusnUyzkvOnuJgEEh-1Q\\\/featured\",\"https:\\\/\\\/www.linkedin.com\\\/company\\\/holmac-sas-official\\\/about\\\/\"]}]}<\/script>\n<!-- \/ Yoast SEO plugin. -->","yoast_head_json":{"title":"HZC 45 - Holmac di Gastaldi Christian &amp; Figli SRL","robots":{"index":"index","follow":"follow","max-snippet":"max-snippet:-1","max-image-preview":"max-image-preview:large","max-video-preview":"max-video-preview:-1"},"canonical":"https:\/\/holmac.com\/fr\/catalogo-prodotti\/arracheuse\/hzc-45\/","og_locale":"fr_FR","og_type":"article","og_title":"HZC 45 - Holmac di Gastaldi Christian &amp; Figli SRL","og_description":"La HZC 45 est une machine avec des caract\u00e9ristiques techniques et mecaniques vraiment innovantes, brevet\u00e9e et homologu\u00e9e pour garantir la [&hellip;]","og_url":"https:\/\/holmac.com\/fr\/catalogo-prodotti\/arracheuse\/hzc-45\/","og_site_name":"Holmac di Gastaldi Christian &amp; Figli SRL","article_publisher":"https:\/\/www.facebook.com\/HOLMAC-143398409180653\/","article_modified_time":"2024-08-28T15:25:57+00:00","og_image":[{"width":822,"height":595,"url":"https:\/\/holmac.com\/wp-content\/uploads\/2021\/04\/HZC45_side_white.png","type":"image\/png"}],"twitter_card":"summary_large_image","twitter_misc":{"Dur\u00e9e de lecture estim\u00e9e":"1 minute"},"schema":{"@context":"https:\/\/schema.org","@graph":[{"@type":"WebPage","@id":"https:\/\/holmac.com\/fr\/catalogo-prodotti\/arracheuse\/hzc-45\/","url":"https:\/\/holmac.com\/fr\/catalogo-prodotti\/arracheuse\/hzc-45\/","name":"HZC 45 - Holmac di Gastaldi Christian &amp; Figli SRL","isPartOf":{"@id":"https:\/\/holmac.com\/fr\/#website"},"primaryImageOfPage":{"@id":"https:\/\/holmac.com\/fr\/catalogo-prodotti\/arracheuse\/hzc-45\/#primaryimage"},"image":{"@id":"https:\/\/holmac.com\/fr\/catalogo-prodotti\/arracheuse\/hzc-45\/#primaryimage"},"thumbnailUrl":"https:\/\/holmac.com\/wp-content\/uploads\/2021\/04\/HZC45_side_white.png","datePublished":"2024-05-24T10:41:58+00:00","dateModified":"2024-08-28T15:25:57+00:00","breadcrumb":{"@id":"https:\/\/holmac.com\/fr\/catalogo-prodotti\/arracheuse\/hzc-45\/#breadcrumb"},"inLanguage":"fr-FR","potentialAction":[{"@type":"ReadAction","target":["https:\/\/holmac.com\/fr\/catalogo-prodotti\/arracheuse\/hzc-45\/"]}]},{"@type":"ImageObject","inLanguage":"fr-FR","@id":"https:\/\/holmac.com\/fr\/catalogo-prodotti\/arracheuse\/hzc-45\/#primaryimage","url":"https:\/\/holmac.com\/wp-content\/uploads\/2021\/04\/HZC45_side_white.png","contentUrl":"https:\/\/holmac.com\/wp-content\/uploads\/2021\/04\/HZC45_side_white.png","width":822,"height":595},{"@type":"BreadcrumbList","@id":"https:\/\/holmac.com\/fr\/catalogo-prodotti\/arracheuse\/hzc-45\/#breadcrumb","itemListElement":[{"@type":"ListItem","position":1,"name":"Home","item":"https:\/\/holmac.com\/fr\/holmac\/"},{"@type":"ListItem","position":2,"name":"Product Catalog","item":"https:\/\/holmac.com\/fr\/product-catalog\/"},{"@type":"ListItem","position":3,"name":"HZC 45"}]},{"@type":"WebSite","@id":"https:\/\/holmac.com\/fr\/#website","url":"https:\/\/holmac.com\/fr\/","name":"HOLMAC sas di Gastaldi Niccol\u00f2 & C.","description":"since 1969","publisher":{"@id":"https:\/\/holmac.com\/fr\/#organization"},"alternateName":"HOLMAC","potentialAction":[{"@type":"SearchAction","target":{"@type":"EntryPoint","urlTemplate":"https:\/\/holmac.com\/fr\/?s={search_term_string}"},"query-input":{"@type":"PropertyValueSpecification","valueRequired":true,"valueName":"search_term_string"}}],"inLanguage":"fr-FR"},{"@type":"Organization","@id":"https:\/\/holmac.com\/fr\/#organization","name":"HOLMAC sas di Gastaldi Niccol\u00f2 & C.","url":"https:\/\/holmac.com\/fr\/","logo":{"@type":"ImageObject","inLanguage":"fr-FR","@id":"https:\/\/holmac.com\/fr\/#\/schema\/logo\/image\/","url":"https:\/\/holmac.com\/wp-content\/uploads\/2024\/04\/logo-holmac-full.svg","contentUrl":"https:\/\/holmac.com\/wp-content\/uploads\/2024\/04\/logo-holmac-full.svg","caption":"HOLMAC sas di Gastaldi Niccol\u00f2 & C."},"image":{"@id":"https:\/\/holmac.com\/fr\/#\/schema\/logo\/image\/"},"sameAs":["https:\/\/www.facebook.com\/HOLMAC-143398409180653\/","https:\/\/www.instagram.com\/holmac_official\/","https:\/\/www.youtube.com\/channel\/UCyTkusnUyzkvOnuJgEEh-1Q\/featured","https:\/\/www.linkedin.com\/company\/holmac-sas-official\/about\/"]}]}},"_links":{"self":[{"href":"https:\/\/holmac.com\/fr\/wp-json\/wp\/v2\/product\/6428","targetHints":{"allow":["GET"]}}],"collection":[{"href":"https:\/\/holmac.com\/fr\/wp-json\/wp\/v2\/product"}],"about":[{"href":"https:\/\/holmac.com\/fr\/wp-json\/wp\/v2\/types\/product"}],"wp:featuredmedia":[{"embeddable":true,"href":"https:\/\/holmac.com\/fr\/wp-json\/wp\/v2\/media\/6084"}],"wp:attachment":[{"href":"https:\/\/holmac.com\/fr\/wp-json\/wp\/v2\/media?parent=6428"}],"wp:term":[{"taxonomy":"product_brand","embeddable":true,"href":"https:\/\/holmac.com\/fr\/wp-json\/wp\/v2\/product_brand?post=6428"},{"taxonomy":"product_cat","embeddable":true,"href":"https:\/\/holmac.com\/fr\/wp-json\/wp\/v2\/product_cat?post=6428"},{"taxonomy":"product_tag","embeddable":true,"href":"https:\/\/holmac.com\/fr\/wp-json\/wp\/v2\/product_tag?post=6428"}],"curies":[{"name":"wp","href":"https:\/\/api.w.org\/{rel}","templated":true}]}}