{"id":7912,"date":"2024-06-11T19:17:53","date_gmt":"2024-06-11T17:17:53","guid":{"rendered":"https:\/\/holmac.com\/espace-reserve-aux-revendeurs\/"},"modified":"2024-07-10T09:52:49","modified_gmt":"2024-07-10T07:52:49","slug":"espace-reserve-aux-revendeurs","status":"publish","type":"page","link":"https:\/\/holmac.com\/fr\/espace-reserve-aux-revendeurs\/","title":{"rendered":"Espace r\u00e9serv\u00e9 aux revendeurs"},"content":{"rendered":"\t\t<div data-elementor-type=\"wp-page\" data-elementor-id=\"7912\" class=\"elementor elementor-7912 elementor-4326\" data-elementor-settings=\"{&quot;ha_cmc_init_switcher&quot;:&quot;no&quot;}\" data-elementor-post-type=\"page\">\n\t\t\t\t<div class=\"elementor-element elementor-element-4ca4289 e-flex e-con-boxed e-con e-parent\" data-id=\"4ca4289\" data-element_type=\"container\" data-e-type=\"container\" data-settings=\"{&quot;background_background&quot;:&quot;classic&quot;,&quot;_ha_eqh_enable&quot;:false}\">\n\t\t\t\t\t<div class=\"e-con-inner\">\n\t\t<div class=\"elementor-element elementor-element-3bfa4f15 e-con-full e-flex e-con e-child\" data-id=\"3bfa4f15\" data-element_type=\"container\" data-e-type=\"container\" data-settings=\"{&quot;background_background&quot;:&quot;classic&quot;,&quot;_ha_eqh_enable&quot;:false}\">\n\t\t\t\t<div class=\"elementor-element elementor-element-c424788 e-my-account-tabs-horizontal elementor-widget elementor-widget-woocommerce-my-account\" data-id=\"c424788\" data-element_type=\"widget\" data-e-type=\"widget\" data-settings=\"{&quot;customize_dashboard_check&quot;:&quot;yes&quot;}\" data-widget_type=\"woocommerce-my-account.default\">\n\t\t\t\t\t<div class=\"e-my-account-tab e-my-account-tab__ \">\t\t\t<div class=\"woocommerce\"><div class=\"woocommerce-notices-wrapper\"><\/div>\n\n\t\t<h2>Se connecter<\/h2>\n\n\t\t<form class=\"woocommerce-form woocommerce-form-login login\" method=\"post\" novalidate>\n\n\t\t\t\n\t\t\t<p class=\"woocommerce-form-row woocommerce-form-row--wide form-row form-row-wide\">\n\t\t\t\t<label for=\"username\">Identifiant ou e-mail&nbsp;<span class=\"required\" aria-hidden=\"true\">*<\/span><span class=\"screen-reader-text\">Obligatoire<\/span><\/label>\n\t\t\t\t<input type=\"text\" class=\"woocommerce-Input woocommerce-Input--text input-text\" name=\"username\" id=\"username\" autocomplete=\"username\" value=\"\" required aria-required=\"true\" \/>\t\t\t<\/p>\n\t\t\t<p class=\"woocommerce-form-row woocommerce-form-row--wide form-row form-row-wide\">\n\t\t\t\t<label for=\"password\">Mot de passe&nbsp;<span class=\"required\" aria-hidden=\"true\">*<\/span><span class=\"screen-reader-text\">Obligatoire<\/span><\/label>\n\t\t\t\t<input class=\"woocommerce-Input woocommerce-Input--text input-text\" type=\"password\" name=\"password\" id=\"password\" autocomplete=\"current-password\" required aria-required=\"true\" \/>\n\t\t\t<\/p>\n\n\t\t\t\n\t\t\t<p class=\"form-row\">\n\t\t\t\t<label class=\"woocommerce-form__label woocommerce-form__label-for-checkbox woocommerce-form-login__rememberme\">\n\t\t\t\t\t<input class=\"woocommerce-form__input woocommerce-form__input-checkbox\" name=\"rememberme\" type=\"checkbox\" id=\"rememberme\" value=\"forever\" \/> <span>Se souvenir de moi<\/span>\n\t\t\t\t<\/label>\n\t\t\t\t<input type=\"hidden\" id=\"woocommerce-login-nonce\" name=\"woocommerce-login-nonce\" value=\"f132a6dbff\" \/><input type=\"hidden\" name=\"_wp_http_referer\" value=\"\/fr\/wp-json\/wp\/v2\/pages\/7912\" \/>\t\t\t\t<button type=\"submit\" class=\"woocommerce-button button woocommerce-form-login__submit\" name=\"login\" value=\"Se connecter\">Se connecter<\/button>\n\t\t\t<\/p>\n\t\t\t<p class=\"woocommerce-LostPassword lost_password\">\n\t\t\t\t<a href=\"https:\/\/holmac.com\/fr\/espace-reserve-aux-revendeurs\/recuperer-mot-de-passe\/\">Mot de passe perdu\u00a0?<\/a>\n\t\t\t<\/p>\n\n\t\t\t\n\t\t<\/form>\n\n\n<\/div>\t\t<\/div>\n\t\t\t\t\t\t<\/div>\n\t\t\t\t<div class=\"elementor-element elementor-element-01c8aa8 elementor-align-end elementor-icon-list--layout-traditional elementor-list-item-link-full_width elementor-widget elementor-widget-icon-list\" data-id=\"01c8aa8\" data-element_type=\"widget\" data-e-type=\"widget\" data-settings=\"{&quot;enabled_visibility&quot;:&quot;yes&quot;,&quot;dce_visibility_selected&quot;:&quot;yes&quot;}\" data-widget_type=\"icon-list.default\">\n\t\t\t\t\t\t\t<ul class=\"elementor-icon-list-items\">\n\t\t\t\t\t\t\t<li class=\"elementor-icon-list-item\">\n\t\t\t\t\t\t\t\t\t\t\t<a href=\"https:\/\/holmac.com\/area-riservata-rivenditori\/recupera-password\">\n\n\t\t\t\t\t\t\t\t\t\t\t\t<span class=\"elementor-icon-list-icon\">\n\t\t\t\t\t\t\t<i aria-hidden=\"true\" class=\"hm hm-key\"><\/i>\t\t\t\t\t\t<\/span>\n\t\t\t\t\t\t\t\t\t\t<span class=\"elementor-icon-list-text\">R\u00e9cup\u00e9ration de mot de passe<\/span>\n\t\t\t\t\t\t\t\t\t\t\t<\/a>\n\t\t\t\t\t\t\t\t\t<\/li>\n\t\t\t\t\t\t<\/ul>\n\t\t\t\t\t\t<\/div>\n\t\t\t\t<\/div>\n\t\t<div class=\"elementor-element elementor-element-46ab3493 e-con-full e-flex e-con e-child\" data-id=\"46ab3493\" data-element_type=\"container\" data-e-type=\"container\" data-settings=\"{&quot;_ha_eqh_enable&quot;:false}\">\n\t\t\t\t<div class=\"elementor-element elementor-element-3a6a7216 elementor-widget__width-inherit elementor-invisible elementor-widget elementor-widget-heading\" data-id=\"3a6a7216\" data-element_type=\"widget\" data-e-type=\"widget\" data-settings=\"{&quot;_animation&quot;:&quot;fadeIn&quot;,&quot;_animation_delay&quot;:100}\" data-widget_type=\"heading.default\">\n\t\t\t\t\t<h2 class=\"elementor-heading-title elementor-size-default\">Espace r\u00e9serv\u00e9 aux revendeurs<\/h2>\t\t\t\t<\/div>\n\t\t<!-- dce invisible element 123c6f5 -->\t\t<\/div>\n\t\t\t\t\t<\/div>\n\t\t\t\t<\/div>\n\t\t<div class=\"elementor-element elementor-element-1267d2e9 e-flex e-con-boxed e-con e-parent\" data-id=\"1267d2e9\" data-element_type=\"container\" data-e-type=\"container\" data-settings=\"{&quot;_ha_eqh_enable&quot;:false}\">\n\t\t\t\t\t<div class=\"e-con-inner\">\n\t\t\t\t<div class=\"elementor-element elementor-element-0d17361 elementor-widget elementor-widget-spacer\" data-id=\"0d17361\" data-element_type=\"widget\" data-e-type=\"widget\" data-widget_type=\"spacer.default\">\n\t\t\t\t\t\t\t<div class=\"elementor-spacer\">\n\t\t\t<div class=\"elementor-spacer-inner\"><\/div>\n\t\t<\/div>\n\t\t\t\t\t\t<\/div>\n\t\t\t\t\t<\/div>\n\t\t\t\t<\/div>\n\t\t<!-- dce invisible element 2960296d -->\t\t<\/div>\n\t\t","protected":false},"excerpt":{"rendered":"<p>Tableau de bord D\u00e9tails du compte Se d\u00e9connecter Tableau de bord D\u00e9tails du compte Se d\u00e9connecter Tableau de bord D\u00e9tails [&hellip;]<\/p>\n","protected":false},"author":1,"featured_media":0,"parent":0,"menu_order":18,"comment_status":"closed","ping_status":"closed","template":"","meta":{"_acf_changed":false,"_mo_disable_npp":"","site-sidebar-layout":"no-sidebar","site-content-layout":"","ast-site-content-layout":"full-width-container","site-content-style":"default","site-sidebar-style":"default","ast-global-header-display":"","ast-banner-title-visibility":"","ast-main-header-display":"","ast-hfb-above-header-display":"","ast-hfb-below-header-display":"","ast-hfb-mobile-header-display":"","site-post-title":"disabled","ast-breadcrumbs-content":"","ast-featured-img":"disabled","footer-sml-layout":"","ast-disable-related-posts":"","theme-transparent-header-meta":"","adv-header-id-meta":"","stick-header-meta":"","header-above-stick-meta":"","header-main-stick-meta":"","header-below-stick-meta":"","astra-migrate-meta-layouts":"default","ast-page-background-enabled":"default","ast-page-background-meta":{"desktop":{"background-color":"var(--ast-global-color-4)","background-image":"","background-repeat":"repeat","background-position":"center center","background-size":"auto","background-attachment":"scroll","background-type":"","background-media":"","overlay-type":"","overlay-color":"","overlay-opacity":"","overlay-gradient":""},"tablet":{"background-color":"","background-image":"","background-repeat":"repeat","background-position":"center center","background-size":"auto","background-attachment":"scroll","background-type":"","background-media":"","overlay-type":"","overlay-color":"","overlay-opacity":"","overlay-gradient":""},"mobile":{"background-color":"","background-image":"","background-repeat":"repeat","background-position":"center center","background-size":"auto","background-attachment":"scroll","background-type":"","background-media":"","overlay-type":"","overlay-color":"","overlay-opacity":"","overlay-gradient":""}},"ast-content-background-meta":{"desktop":{"background-color":"var(--ast-global-color-5)","background-image":"","background-repeat":"repeat","background-position":"center center","background-size":"auto","background-attachment":"scroll","background-type":"","background-media":"","overlay-type":"","overlay-color":"","overlay-opacity":"","overlay-gradient":""},"tablet":{"background-color":"var(--ast-global-color-5)","background-image":"","background-repeat":"repeat","background-position":"center center","background-size":"auto","background-attachment":"scroll","background-type":"","background-media":"","overlay-type":"","overlay-color":"","overlay-opacity":"","overlay-gradient":""},"mobile":{"background-color":"var(--ast-global-color-5)","background-image":"","background-repeat":"repeat","background-position":"center center","background-size":"auto","background-attachment":"scroll","background-type":"","background-media":"","overlay-type":"","overlay-color":"","overlay-opacity":"","overlay-gradient":""}},"footnotes":""},"class_list":["post-7912","page","type-page","status-publish","hentry"],"acf":[],"yoast_head":"<!-- This site is optimized with the Yoast SEO plugin v27.3 - https:\/\/yoast.com\/product\/yoast-seo-wordpress\/ -->\n<title>Espace r\u00e9serv\u00e9 aux revendeurs - Holmac di Gastaldi Christian &amp; Figli SRL<\/title>\n<meta name=\"robots\" content=\"index, follow, max-snippet:-1, max-image-preview:large, max-video-preview:-1\" \/>\n<link rel=\"canonical\" href=\"https:\/\/holmac.com\/fr\/espace-reserve-aux-revendeurs\/\" \/>\n<meta property=\"og:locale\" content=\"fr_FR\" \/>\n<meta property=\"og:type\" content=\"article\" \/>\n<meta property=\"og:title\" content=\"Espace r\u00e9serv\u00e9 aux revendeurs - Holmac di Gastaldi Christian &amp; Figli SRL\" \/>\n<meta property=\"og:description\" content=\"Tableau de bord D\u00e9tails du compte Se d\u00e9connecter Tableau de bord D\u00e9tails du compte Se d\u00e9connecter Tableau de bord D\u00e9tails [&hellip;]\" \/>\n<meta property=\"og:url\" content=\"https:\/\/holmac.com\/fr\/espace-reserve-aux-revendeurs\/\" \/>\n<meta property=\"og:site_name\" content=\"Holmac di Gastaldi Christian &amp; Figli SRL\" \/>\n<meta property=\"article:publisher\" content=\"https:\/\/www.facebook.com\/HOLMAC-143398409180653\/\" \/>\n<meta property=\"article:modified_time\" content=\"2024-07-10T07:52:49+00:00\" \/>\n<meta name=\"twitter:card\" content=\"summary_large_image\" \/>\n<meta name=\"twitter:label1\" content=\"Dur\u00e9e de lecture estim\u00e9e\" \/>\n\t<meta name=\"twitter:data1\" content=\"1 minute\" \/>\n<script type=\"application\/ld+json\" class=\"yoast-schema-graph\">{\"@context\":\"https:\\\/\\\/schema.org\",\"@graph\":[{\"@type\":\"WebPage\",\"@id\":\"https:\\\/\\\/holmac.com\\\/fr\\\/espace-reserve-aux-revendeurs\\\/\",\"url\":\"https:\\\/\\\/holmac.com\\\/fr\\\/espace-reserve-aux-revendeurs\\\/\",\"name\":\"Espace r\u00e9serv\u00e9 aux revendeurs - Holmac di Gastaldi Christian &amp; Figli SRL\",\"isPartOf\":{\"@id\":\"https:\\\/\\\/holmac.com\\\/fr\\\/#website\"},\"datePublished\":\"2024-06-11T17:17:53+00:00\",\"dateModified\":\"2024-07-10T07:52:49+00:00\",\"breadcrumb\":{\"@id\":\"https:\\\/\\\/holmac.com\\\/fr\\\/espace-reserve-aux-revendeurs\\\/#breadcrumb\"},\"inLanguage\":\"fr-FR\",\"potentialAction\":[{\"@type\":\"ReadAction\",\"target\":[\"https:\\\/\\\/holmac.com\\\/fr\\\/espace-reserve-aux-revendeurs\\\/\"]}]},{\"@type\":\"BreadcrumbList\",\"@id\":\"https:\\\/\\\/holmac.com\\\/fr\\\/espace-reserve-aux-revendeurs\\\/#breadcrumb\",\"itemListElement\":[{\"@type\":\"ListItem\",\"position\":1,\"name\":\"Home\",\"item\":\"https:\\\/\\\/holmac.com\\\/fr\\\/holmac\\\/\"},{\"@type\":\"ListItem\",\"position\":2,\"name\":\"Espace r\u00e9serv\u00e9 aux revendeurs\"}]},{\"@type\":\"WebSite\",\"@id\":\"https:\\\/\\\/holmac.com\\\/fr\\\/#website\",\"url\":\"https:\\\/\\\/holmac.com\\\/fr\\\/\",\"name\":\"HOLMAC sas di Gastaldi Niccol\u00f2 & C.\",\"description\":\"since 1969\",\"publisher\":{\"@id\":\"https:\\\/\\\/holmac.com\\\/fr\\\/#organization\"},\"alternateName\":\"HOLMAC\",\"potentialAction\":[{\"@type\":\"SearchAction\",\"target\":{\"@type\":\"EntryPoint\",\"urlTemplate\":\"https:\\\/\\\/holmac.com\\\/fr\\\/?s={search_term_string}\"},\"query-input\":{\"@type\":\"PropertyValueSpecification\",\"valueRequired\":true,\"valueName\":\"search_term_string\"}}],\"inLanguage\":\"fr-FR\"},{\"@type\":\"Organization\",\"@id\":\"https:\\\/\\\/holmac.com\\\/fr\\\/#organization\",\"name\":\"HOLMAC sas di Gastaldi Niccol\u00f2 & C.\",\"url\":\"https:\\\/\\\/holmac.com\\\/fr\\\/\",\"logo\":{\"@type\":\"ImageObject\",\"inLanguage\":\"fr-FR\",\"@id\":\"https:\\\/\\\/holmac.com\\\/fr\\\/#\\\/schema\\\/logo\\\/image\\\/\",\"url\":\"https:\\\/\\\/holmac.com\\\/wp-content\\\/uploads\\\/2024\\\/04\\\/logo-holmac-full.svg\",\"contentUrl\":\"https:\\\/\\\/holmac.com\\\/wp-content\\\/uploads\\\/2024\\\/04\\\/logo-holmac-full.svg\",\"caption\":\"HOLMAC sas di Gastaldi Niccol\u00f2 & C.\"},\"image\":{\"@id\":\"https:\\\/\\\/holmac.com\\\/fr\\\/#\\\/schema\\\/logo\\\/image\\\/\"},\"sameAs\":[\"https:\\\/\\\/www.facebook.com\\\/HOLMAC-143398409180653\\\/\",\"https:\\\/\\\/www.instagram.com\\\/holmac_official\\\/\",\"https:\\\/\\\/www.youtube.com\\\/channel\\\/UCyTkusnUyzkvOnuJgEEh-1Q\\\/featured\",\"https:\\\/\\\/www.linkedin.com\\\/company\\\/holmac-sas-official\\\/about\\\/\"]}]}<\/script>\n<!-- \/ Yoast SEO plugin. -->","yoast_head_json":{"title":"Espace r\u00e9serv\u00e9 aux revendeurs - Holmac di Gastaldi Christian &amp; Figli SRL","robots":{"index":"index","follow":"follow","max-snippet":"max-snippet:-1","max-image-preview":"max-image-preview:large","max-video-preview":"max-video-preview:-1"},"canonical":"https:\/\/holmac.com\/fr\/espace-reserve-aux-revendeurs\/","og_locale":"fr_FR","og_type":"article","og_title":"Espace r\u00e9serv\u00e9 aux revendeurs - Holmac di Gastaldi Christian &amp; Figli SRL","og_description":"Tableau de bord D\u00e9tails du compte Se d\u00e9connecter Tableau de bord D\u00e9tails du compte Se d\u00e9connecter Tableau de bord D\u00e9tails [&hellip;]","og_url":"https:\/\/holmac.com\/fr\/espace-reserve-aux-revendeurs\/","og_site_name":"Holmac di Gastaldi Christian &amp; Figli SRL","article_publisher":"https:\/\/www.facebook.com\/HOLMAC-143398409180653\/","article_modified_time":"2024-07-10T07:52:49+00:00","twitter_card":"summary_large_image","twitter_misc":{"Dur\u00e9e de lecture estim\u00e9e":"1 minute"},"schema":{"@context":"https:\/\/schema.org","@graph":[{"@type":"WebPage","@id":"https:\/\/holmac.com\/fr\/espace-reserve-aux-revendeurs\/","url":"https:\/\/holmac.com\/fr\/espace-reserve-aux-revendeurs\/","name":"Espace r\u00e9serv\u00e9 aux revendeurs - Holmac di Gastaldi Christian &amp; Figli SRL","isPartOf":{"@id":"https:\/\/holmac.com\/fr\/#website"},"datePublished":"2024-06-11T17:17:53+00:00","dateModified":"2024-07-10T07:52:49+00:00","breadcrumb":{"@id":"https:\/\/holmac.com\/fr\/espace-reserve-aux-revendeurs\/#breadcrumb"},"inLanguage":"fr-FR","potentialAction":[{"@type":"ReadAction","target":["https:\/\/holmac.com\/fr\/espace-reserve-aux-revendeurs\/"]}]},{"@type":"BreadcrumbList","@id":"https:\/\/holmac.com\/fr\/espace-reserve-aux-revendeurs\/#breadcrumb","itemListElement":[{"@type":"ListItem","position":1,"name":"Home","item":"https:\/\/holmac.com\/fr\/holmac\/"},{"@type":"ListItem","position":2,"name":"Espace r\u00e9serv\u00e9 aux revendeurs"}]},{"@type":"WebSite","@id":"https:\/\/holmac.com\/fr\/#website","url":"https:\/\/holmac.com\/fr\/","name":"HOLMAC sas di Gastaldi Niccol\u00f2 & C.","description":"since 1969","publisher":{"@id":"https:\/\/holmac.com\/fr\/#organization"},"alternateName":"HOLMAC","potentialAction":[{"@type":"SearchAction","target":{"@type":"EntryPoint","urlTemplate":"https:\/\/holmac.com\/fr\/?s={search_term_string}"},"query-input":{"@type":"PropertyValueSpecification","valueRequired":true,"valueName":"search_term_string"}}],"inLanguage":"fr-FR"},{"@type":"Organization","@id":"https:\/\/holmac.com\/fr\/#organization","name":"HOLMAC sas di Gastaldi Niccol\u00f2 & C.","url":"https:\/\/holmac.com\/fr\/","logo":{"@type":"ImageObject","inLanguage":"fr-FR","@id":"https:\/\/holmac.com\/fr\/#\/schema\/logo\/image\/","url":"https:\/\/holmac.com\/wp-content\/uploads\/2024\/04\/logo-holmac-full.svg","contentUrl":"https:\/\/holmac.com\/wp-content\/uploads\/2024\/04\/logo-holmac-full.svg","caption":"HOLMAC sas di Gastaldi Niccol\u00f2 & C."},"image":{"@id":"https:\/\/holmac.com\/fr\/#\/schema\/logo\/image\/"},"sameAs":["https:\/\/www.facebook.com\/HOLMAC-143398409180653\/","https:\/\/www.instagram.com\/holmac_official\/","https:\/\/www.youtube.com\/channel\/UCyTkusnUyzkvOnuJgEEh-1Q\/featured","https:\/\/www.linkedin.com\/company\/holmac-sas-official\/about\/"]}]}},"_links":{"self":[{"href":"https:\/\/holmac.com\/fr\/wp-json\/wp\/v2\/pages\/7912","targetHints":{"allow":["GET"]}}],"collection":[{"href":"https:\/\/holmac.com\/fr\/wp-json\/wp\/v2\/pages"}],"about":[{"href":"https:\/\/holmac.com\/fr\/wp-json\/wp\/v2\/types\/page"}],"author":[{"embeddable":true,"href":"https:\/\/holmac.com\/fr\/wp-json\/wp\/v2\/users\/1"}],"replies":[{"embeddable":true,"href":"https:\/\/holmac.com\/fr\/wp-json\/wp\/v2\/comments?post=7912"}],"version-history":[{"count":6,"href":"https:\/\/holmac.com\/fr\/wp-json\/wp\/v2\/pages\/7912\/revisions"}],"predecessor-version":[{"id":7991,"href":"https:\/\/holmac.com\/fr\/wp-json\/wp\/v2\/pages\/7912\/revisions\/7991"}],"wp:attachment":[{"href":"https:\/\/holmac.com\/fr\/wp-json\/wp\/v2\/media?parent=7912"}],"curies":[{"name":"wp","href":"https:\/\/api.w.org\/{rel}","templated":true}]}}