{"id":7353,"date":"2024-06-07T13:18:49","date_gmt":"2024-06-07T11:18:49","guid":{"rendered":"https:\/\/holmac.com\/politique-de-confidentialite\/"},"modified":"2024-06-07T13:18:50","modified_gmt":"2024-06-07T11:18:50","slug":"politique-de-confidentialite","status":"publish","type":"page","link":"https:\/\/holmac.com\/fr\/politique-de-confidentialite\/","title":{"rendered":"Politique de confidentialit\u00e9"},"content":{"rendered":"\t\t<div data-elementor-type=\"wp-page\" data-elementor-id=\"7353\" class=\"elementor elementor-7353 elementor-649\" data-elementor-settings=\"{&quot;ha_cmc_init_switcher&quot;:&quot;no&quot;}\" data-elementor-post-type=\"page\">\n\t\t\t\t<div class=\"elementor-element elementor-element-244a007 e-flex e-con-boxed e-con e-parent\" data-id=\"244a007\" data-element_type=\"container\" data-e-type=\"container\" data-settings=\"{&quot;_ha_eqh_enable&quot;:false}\">\n\t\t\t\t\t<div class=\"e-con-inner\">\n\t\t\t\t<div class=\"elementor-element elementor-element-122ade0 elementor-widget__width-inherit elementor-invisible elementor-widget elementor-widget-heading\" data-id=\"122ade0\" data-element_type=\"widget\" data-e-type=\"widget\" data-settings=\"{&quot;_animation&quot;:&quot;fadeIn&quot;,&quot;_animation_delay&quot;:100}\" data-widget_type=\"heading.default\">\n\t\t\t\t\t<h2 class=\"elementor-heading-title elementor-size-default\">Politique de confidentialit\u00e9<\/h2>\t\t\t\t<\/div>\n\t\t\t\t\t<\/div>\n\t\t\t\t<\/div>\n\t\t<div class=\"elementor-element elementor-element-490bf57 e-flex e-con-boxed e-con e-parent\" data-id=\"490bf57\" data-element_type=\"container\" data-e-type=\"container\" data-settings=\"{&quot;_ha_eqh_enable&quot;:false}\">\n\t\t\t\t\t<div class=\"e-con-inner\">\n\t\t\t\t<div class=\"elementor-element elementor-element-db0f90e elementor-widget elementor-widget-text-editor\" data-id=\"db0f90e\" data-element_type=\"widget\" data-e-type=\"widget\" data-widget_type=\"text-editor.default\">\n\t\t\t\t\t\t\t\t\t<i>Informations conform\u00e9ment \u00e0 l&rsquo;article 13 du r\u00e8glement (UE) 2016\/679  <\/i>\n<h3>La raison de cette information<\/h3>\nConform\u00e9ment au R\u00e8glement (UE) 2016\/679 (ci-apr\u00e8s d\u00e9nomm\u00e9 le \u00a0\u00bb R\u00e8glement \u00ab\u00a0), cette page d\u00e9crit les modalit\u00e9s de traitement des donn\u00e9es personnelles des utilisateurs consultant le site internet de Holmac S.a.s., accessible par voie \u00e9lectronique \u00e0 l&rsquo;adresse https:\/\/holmac.com (ci-apr\u00e8s d\u00e9nomm\u00e9 le \u00a0\u00bb Site \u00ab\u00a0).\n\nCes informations ne concernent pas les autres sites, pages ou services en ligne accessibles par les liens hypertextes \u00e9ventuellement publi\u00e9s sur le Site, mais qui renvoient \u00e0 des ressources ext\u00e9rieures au domaine <a href=\"https:\/\/holmac.com\/fr\/\">https:\/\/holmac.com<\/a> .\n\nLa pr\u00e9sente politique de confidentialit\u00e9 de Holmac S.a.s. (la \u00ab\u00a0politique de confidentialit\u00e9\u00a0\u00bb) s&rsquo;applique exclusivement aux activit\u00e9s en ligne du site et est valable pour les visiteurs et les utilisateurs du site. Elle ne s&rsquo;applique pas aux informations collect\u00e9es par d&rsquo;autres canaux que le site.\n\nL&rsquo;objectif de la politique de confidentialit\u00e9 est de fournir une transparence maximale concernant les informations que le site recueille et l&rsquo;utilisation qu&rsquo;il en fait.\n\nLorsque le Site requiert la fourniture de donn\u00e9es, la fourniture et donc le consentement \u00e0 la collecte et au traitement de celles-ci est facultatif, l&rsquo;utilisateur peut refuser son consentement et peut r\u00e9voquer le consentement d\u00e9j\u00e0 fourni \u00e0 tout moment (en \u00e9crivant \u00e0 Holmac S.a.s. aux adresses indiqu\u00e9es dans la section \u00ab\u00a0Contacts\u00a0\u00bb du Site). Toutefois, le refus de consentement, m\u00eame en d\u00e9sactivant les cookies, peut entra\u00eener l&rsquo;impossibilit\u00e9 de fournir certains services et votre exp\u00e9rience de navigation sur le site peut \u00eatre alt\u00e9r\u00e9e.\n<h3><span style=\"font-weight: normal;\">Responsable du traitement des donn\u00e9es<\/span><\/h3>\nLe responsable du traitement des donn\u00e9es est Holmac S.a.s., dont le si\u00e8ge social est situ\u00e9 Via Canada n. 13, 35127 Padoue, en la personne de son repr\u00e9sentant l\u00e9gal <em>pro tempore<\/em>. \n<h3>D\u00e9l\u00e9gu\u00e9 \u00e0 la protection des donn\u00e9es<\/h3>\nLe d\u00e9l\u00e9gu\u00e9 \u00e0 la protection des donn\u00e9es (DPD) de l&rsquo;entreprise peut \u00eatre contact\u00e9 \u00e0 l&rsquo;adresse indiqu\u00e9e dans la section \u00ab\u00a0Contact\u00a0\u00bb du site web.\n<h3><span style=\"font-weight: normal;\">Base juridique du traitement <\/span><\/h3>\nLes donn\u00e9es personnelles collect\u00e9es sont trait\u00e9es exclusivement \u00e0 des fins li\u00e9es \u00e0 l&rsquo;exercice de l&rsquo;activit\u00e9 typique de Holmac S.a.s. La base juridique du traitement se trouve dans le r\u00e8glement.\n<h3>Types de donn\u00e9es trait\u00e9es<\/h3>\n<h6><em>\nDonn\u00e9es de navigation <\/em><\/h6>\nLes syst\u00e8mes informatiques et les proc\u00e9dures logicielles utilis\u00e9s pour faire fonctionner le site acqui\u00e8rent, au cours de leur fonctionnement normal, certaines donn\u00e9es personnelles dont la transmission est implicite dans l&rsquo;utilisation des protocoles de communication Internet.\n\nCette cat\u00e9gorie de donn\u00e9es comprend les adresses IP ou les noms de domaine des ordinateurs et des terminaux utilis\u00e9s par les utilisateurs, les adresses de notation URI\/URL (Uniform Resource Identifier\/Locator) des ressources demand\u00e9es, l&rsquo;heure de la demande, la m\u00e9thode utilis\u00e9e pour soumettre la demande au serveur, la taille du fichier obtenu en r\u00e9ponse, le code num\u00e9rique indiquant l&rsquo;\u00e9tat de la r\u00e9ponse donn\u00e9e par le serveur (succ\u00e8s, erreur, etc.) et d&rsquo;autres param\u00e8tres relatifs au syst\u00e8me d&rsquo;exploitation et \u00e0 l&rsquo;environnement informatique de l&rsquo;utilisateur.\n\nCes donn\u00e9es, n\u00e9cessaires \u00e0 l&rsquo;utilisation du site et des services qu&rsquo;il offre, peuvent \u00e9galement \u00eatre trait\u00e9es dans le but de :\n<ul>\n \t<li>obtenir des informations statistiques sur l&rsquo;utilisation des services ou les pr\u00e9f\u00e9rences des utilisateurs en ce qui concerne les voitures et les v\u00e9hicules dont le site fait la promotion (pages les plus visit\u00e9es, nombre de visiteurs par tranche horaire ou par jour, zones g\u00e9ographiques d&rsquo;origine, type de v\u00e9hicules sur lesquels l&rsquo;attention est port\u00e9e, etc \ud83d\ude09<\/li>\n \t<li>contr\u00f4ler le bon fonctionnement des services offerts.<\/li>\n<\/ul>\nLes donn\u00e9es de navigation ne persistent pas et sont supprim\u00e9es apr\u00e8s avoir \u00e9t\u00e9 agr\u00e9g\u00e9es (sauf en cas d&rsquo;enqu\u00eates criminelles des autorit\u00e9s judiciaires).\n\nCes informations sont trait\u00e9es automatiquement et collect\u00e9es sous forme agr\u00e9g\u00e9e uniquement dans le but de v\u00e9rifier le bon fonctionnement du site et pour des raisons de s\u00e9curit\u00e9.\n\n\u00c0 des fins de s\u00e9curit\u00e9 (filtres anti-spam, firewalls, d\u00e9tection de virus), les donn\u00e9es enregistr\u00e9es automatiquement peuvent \u00e9ventuellement inclure des donn\u00e9es personnelles telles que l&rsquo;adresse IP, qui pourraient \u00eatre utilis\u00e9es, conform\u00e9ment aux lois pertinentes en vigueur, afin de bloquer les tentatives d&rsquo;endommager le site lui-m\u00eame ou de causer des dommages \u00e0 d&rsquo;autres utilisateurs, ou en tout \u00e9tat de cause des activit\u00e9s nuisibles ou criminelles. Ces donn\u00e9es ne sont jamais utilis\u00e9es pour l&rsquo;identification ou le profilage des utilisateurs, mais uniquement pour la protection du site et de ses utilisateurs.\n<h6><em>Donn\u00e9es communiqu\u00e9es par l&rsquo;utilisateur<\/em><\/h6>\nL&rsquo;envoi facultatif, explicite et volontaire de messages aux adresses de contact du site, ainsi que le remplissage et l&rsquo;envoi d&rsquo;\u00e9ventuels formulaires ou le remplissage de formulaires de contact, impliquent l&rsquo;acquisition des donn\u00e9es de contact de l&rsquo;exp\u00e9diteur n\u00e9cessaires pour r\u00e9pondre, ainsi que de toutes les donn\u00e9es personnelles incluses dans les communications elles-m\u00eames, et leur fourniture implique le consentement \u00e0 leur traitement aux fins indiqu\u00e9es dans le pr\u00e9sent document.\n<h6><em>Cookies et autres syst\u00e8mes de suivi<\/em><\/h6>\nPour plus de d\u00e9tails sur l&rsquo;utilisation des cookies, veuillez consulter l&rsquo;avis correspondant ici : <a href=\"https:\/\/holmac.com\/fr\/cookie-policy-ue\/\">https:\/\/holmac.com\/fr\/cookie-policy-ue\/<\/a>\n<h3>Finalit\u00e9 du traitement<\/h3>\nLes donn\u00e9es seront trait\u00e9es \u00e0 des fins institutionnelles, li\u00e9es et instrumentales \u00e0 l&rsquo;activit\u00e9 typique de Holmac S.a.s. et en particulier :\n<ol>\n \t<li>\u00e0 des fins strictement li\u00e9es \u00e0 la gestion de la relation contractuelle, dont le traitement est n\u00e9cessaire \u00e0 l&rsquo;ex\u00e9cution du contrat auquel la personne concern\u00e9e est partie (article 6, lettre b) du GDPR) et \u00e0 la poursuite de l&rsquo;int\u00e9r\u00eat de Holmac S.a.s. dans l&rsquo;exercice de son activit\u00e9 \u00e9conomique (article 6, lettre f) du GDPR) ;<\/li>\n \t<li>pour l&rsquo;ex\u00e9cution des obligations l\u00e9gales auxquelles le responsable du traitement est soumis (article 6, point c), du RGPD) ;<\/li>\n \t<li>pour communiquer et\/ou envoyer, \u00e9galement par des moyens automatis\u00e9s, des bulletins d&rsquo;information et des informations sur les activit\u00e9s et les produits de Holmac S.a.s. (art. 6 lettre a) du GDPR) (objectifs de marketing direct) ;<\/li>\n \t<li>identifier, y compris par le biais du traitement \u00e9lectronique, les habitudes et les propensions des consommateurs, afin de r\u00e9pondre aux besoins sp\u00e9cifiques des utilisateurs en proposant de nouveaux services et produits (article 6, point a), du RGPD) ;<\/li>\n \t<li>diffuser, lors d&rsquo;\u00e9v\u00e9nements promotionnels et de foires commerciales, sur les canaux de communication de Holmac S.a.s., les images des participants qui y sont recueillies au moyen de photographies et\/ou de films ;<\/li>\n<\/ol>\n<h3>Lieu de traitement<\/h3>\nLes donn\u00e9es collect\u00e9es par le site sont trait\u00e9es dans les locaux du contr\u00f4leur des donn\u00e9es et dans le centre de donn\u00e9es de l&rsquo;h\u00e9bergement web, qui est situ\u00e9 dans l&rsquo;Union europ\u00e9enne et agit en conformit\u00e9 avec les normes europ\u00e9ennes.\n<h3>Mesures de s\u00e9curit\u00e9<\/h3>\nLe site traite les donn\u00e9es des utilisateurs de mani\u00e8re l\u00e9gale et loyale, en prenant des mesures de s\u00e9curit\u00e9 appropri\u00e9es pour emp\u00eacher l&rsquo;acc\u00e8s non autoris\u00e9, la divulgation, la modification ou la destruction des donn\u00e9es.\n\nLe traitement est effectu\u00e9 \u00e0 l&rsquo;aide d&rsquo;outils informatiques et\/ou t\u00e9l\u00e9matiques, avec des m\u00e9thodes d&rsquo;organisation et une logique strictement li\u00e9es aux finalit\u00e9s indiqu\u00e9es.\n\nOutre le Responsable du traitement, dans certains cas, des cat\u00e9gories de personnes charg\u00e9es de l&rsquo;organisation du Site et de Holmac S.a.s. (telles que le personnel administratif et commercial, le personnel de marketing, les administrateurs de syst\u00e8me) ou des sujets externes (tels que les prestataires de services techniques tiers, les courriers postaux, les fournisseurs d&rsquo;h\u00e9bergement, les soci\u00e9t\u00e9s informatiques, les agences de communication) peuvent avoir acc\u00e8s aux donn\u00e9es.\n<h3>Droits des utilisateurs<\/h3>\nConform\u00e9ment au r\u00e8glement et \u00e0 la l\u00e9gislation nationale, l&rsquo;utilisateur peut, de la mani\u00e8re et dans les limites pr\u00e9vues par la l\u00e9gislation en vigueur, exercer les droits suivants:\n<ul>\n \t<li>demander la confirmation de l&rsquo;existence de donn\u00e9es \u00e0 caract\u00e8re personnel le concernant (droit d&rsquo;acc\u00e8s);<\/li>\n \t<li>conna\u00eetre son origine;<\/li>\n \t<li>recevoir une communication intelligible;<\/li>\n \t<li>obtenir des informations sur la logique, les m\u00e9thodes et les finalit\u00e9s du traitement;<\/li>\n \t<li>demander la mise \u00e0 jour, la rectification, l&rsquo;int\u00e9gration, l&rsquo;effacement, la transformation sous forme anonyme et le verrouillage des donn\u00e9es trait\u00e9es en violation de la loi, y compris les donn\u00e9es qui ne sont plus n\u00e9cessaires aux fins pour lesquelles elles ont \u00e9t\u00e9 collect\u00e9es;<\/li>\n \t<li>dans les cas de traitement fond\u00e9 sur le consentement, recevoir, aux frais exclusifs de tout support, vos donn\u00e9es fournies au responsable du traitement, dans un format structur\u00e9, lisible par machine et couramment utilis\u00e9 par un appareil \u00e9lectronique;<\/li>\n \t<li>le droit d&rsquo;introduire une r\u00e9clamation aupr\u00e8s de l&rsquo;autorit\u00e9 de contr\u00f4le (garanteprivacy.it);<\/li>\n \t<li>ainsi que, plus g\u00e9n\u00e9ralement, d&rsquo;exercer tous les droits qui lui sont reconnus par les dispositions l\u00e9gales applicables.<\/li>\n<\/ul>\nLes demandes doivent \u00eatre adress\u00e9es au contr\u00f4leur des donn\u00e9es aux adresses indiqu\u00e9es dans la section \u00ab\u00a0Contact\u00a0\u00bb du site.\n\nLorsque les donn\u00e9es sont trait\u00e9es sur la base du <strong>int\u00e9r\u00eats l\u00e9gitimes<\/strong> Les droits de la personne concern\u00e9e par le traitement sont en tout \u00e9tat de cause garantis (\u00e0 l&rsquo;exception du droit \u00e0 la portabilit\u00e9, qui n&rsquo;est pas pr\u00e9vu par la r\u00e9glementation), en particulier le droit d&rsquo;opposition au traitement, qui peut \u00eatre exerc\u00e9 en adressant une demande au responsable du traitement.\n<h3>Droit de plainte<\/h3>\nLes personnes concern\u00e9es qui consid\u00e8rent que le traitement des donn\u00e9es personnelles les concernant effectu\u00e9 par le biais de ce site est contraire aux dispositions du r\u00e8glement ont le droit d&rsquo;introduire une r\u00e9clamation aupr\u00e8s du Garante della Privacy (<a href=\"https:\/\/www.google.com\/url?sa=t&amp;source=web&amp;rct=j&amp;opi=89978449&amp;url=https:\/\/www.garanteprivacy.it\/home\/diritti\/come-agire-per-tutelare-i-tuoi-dati-personali&amp;ved=2ahUKEwi2qdD74ceGAxX3_7sIHT0RB_8QFnoECB0QAQ&amp;usg=AOvVaw2ixjp6c78ql8r1GPvZ08_G\">www.garanteprivacy.it<\/a>), comme le pr\u00e9voit l&rsquo;art. 77 du r\u00e8glement lui-m\u00eame, ou d&rsquo;intenter une action en justice appropri\u00e9e (art. 79 du r\u00e8glement).\t\t\t\t\t\t\t\t<\/div>\n\t\t\t\t\t<\/div>\n\t\t\t\t<\/div>\n\t\t\t\t<\/div>\n\t\t","protected":false},"excerpt":{"rendered":"<p>Informations conform\u00e9ment \u00e0 l&rsquo;article 13 du r\u00e8glement (UE) 2016\/679 La raison de cette information Conform\u00e9ment au R\u00e8glement (UE) 2016\/679 (ci-apr\u00e8s [&hellip;]<\/p>\n","protected":false},"author":1,"featured_media":0,"parent":0,"menu_order":50,"comment_status":"closed","ping_status":"closed","template":"elementor_header_footer","meta":{"_acf_changed":false,"_mo_disable_npp":"","site-sidebar-layout":"default","site-content-layout":"","ast-site-content-layout":"default","site-content-style":"default","site-sidebar-style":"default","ast-global-header-display":"","ast-banner-title-visibility":"","ast-main-header-display":"","ast-hfb-above-header-display":"","ast-hfb-below-header-display":"","ast-hfb-mobile-header-display":"","site-post-title":"","ast-breadcrumbs-content":"","ast-featured-img":"","footer-sml-layout":"","ast-disable-related-posts":"","theme-transparent-header-meta":"","adv-header-id-meta":"","stick-header-meta":"","header-above-stick-meta":"","header-main-stick-meta":"","header-below-stick-meta":"","astra-migrate-meta-layouts":"default","ast-page-background-enabled":"default","ast-page-background-meta":{"desktop":{"background-color":"var(--ast-global-color-4)","background-image":"","background-repeat":"repeat","background-position":"center center","background-size":"auto","background-attachment":"scroll","background-type":"","background-media":"","overlay-type":"","overlay-color":"","overlay-opacity":"","overlay-gradient":""},"tablet":{"background-color":"","background-image":"","background-repeat":"repeat","background-position":"center center","background-size":"auto","background-attachment":"scroll","background-type":"","background-media":"","overlay-type":"","overlay-color":"","overlay-opacity":"","overlay-gradient":""},"mobile":{"background-color":"","background-image":"","background-repeat":"repeat","background-position":"center center","background-size":"auto","background-attachment":"scroll","background-type":"","background-media":"","overlay-type":"","overlay-color":"","overlay-opacity":"","overlay-gradient":""}},"ast-content-background-meta":{"desktop":{"background-color":"var(--ast-global-color-5)","background-image":"","background-repeat":"repeat","background-position":"center center","background-size":"auto","background-attachment":"scroll","background-type":"","background-media":"","overlay-type":"","overlay-color":"","overlay-opacity":"","overlay-gradient":""},"tablet":{"background-color":"var(--ast-global-color-5)","background-image":"","background-repeat":"repeat","background-position":"center center","background-size":"auto","background-attachment":"scroll","background-type":"","background-media":"","overlay-type":"","overlay-color":"","overlay-opacity":"","overlay-gradient":""},"mobile":{"background-color":"var(--ast-global-color-5)","background-image":"","background-repeat":"repeat","background-position":"center center","background-size":"auto","background-attachment":"scroll","background-type":"","background-media":"","overlay-type":"","overlay-color":"","overlay-opacity":"","overlay-gradient":""}},"footnotes":""},"class_list":["post-7353","page","type-page","status-publish","hentry"],"acf":[],"yoast_head":"<!-- This site is optimized with the Yoast SEO plugin v27.4 - https:\/\/yoast.com\/product\/yoast-seo-wordpress\/ -->\n<title>Politique de confidentialit\u00e9 - Holmac di Gastaldi Christian &amp; Figli SRL<\/title>\n<meta name=\"robots\" content=\"index, follow, max-snippet:-1, max-image-preview:large, max-video-preview:-1\" \/>\n<link rel=\"canonical\" href=\"https:\/\/holmac.com\/fr\/politique-de-confidentialite\/\" \/>\n<meta property=\"og:locale\" content=\"fr_FR\" \/>\n<meta property=\"og:type\" content=\"article\" \/>\n<meta property=\"og:title\" content=\"Politique de confidentialit\u00e9 - Holmac di Gastaldi Christian &amp; Figli SRL\" \/>\n<meta property=\"og:description\" content=\"Informations conform\u00e9ment \u00e0 l&rsquo;article 13 du r\u00e8glement (UE) 2016\/679 La raison de cette information Conform\u00e9ment au R\u00e8glement (UE) 2016\/679 (ci-apr\u00e8s [&hellip;]\" \/>\n<meta property=\"og:url\" content=\"https:\/\/holmac.com\/fr\/politique-de-confidentialite\/\" \/>\n<meta property=\"og:site_name\" content=\"Holmac di Gastaldi Christian &amp; Figli SRL\" \/>\n<meta property=\"article:publisher\" content=\"https:\/\/www.facebook.com\/HOLMAC-143398409180653\/\" \/>\n<meta property=\"article:modified_time\" content=\"2024-06-07T11:18:50+00:00\" \/>\n<meta name=\"twitter:card\" content=\"summary_large_image\" \/>\n<meta name=\"twitter:label1\" content=\"Dur\u00e9e de lecture estim\u00e9e\" \/>\n\t<meta name=\"twitter:data1\" content=\"8 minutes\" \/>\n<script type=\"application\/ld+json\" class=\"yoast-schema-graph\">{\"@context\":\"https:\\\/\\\/schema.org\",\"@graph\":[{\"@type\":\"WebPage\",\"@id\":\"https:\\\/\\\/holmac.com\\\/fr\\\/politique-de-confidentialite\\\/\",\"url\":\"https:\\\/\\\/holmac.com\\\/fr\\\/politique-de-confidentialite\\\/\",\"name\":\"Politique de confidentialit\u00e9 - Holmac di Gastaldi Christian &amp; Figli SRL\",\"isPartOf\":{\"@id\":\"https:\\\/\\\/holmac.com\\\/fr\\\/#website\"},\"datePublished\":\"2024-06-07T11:18:49+00:00\",\"dateModified\":\"2024-06-07T11:18:50+00:00\",\"breadcrumb\":{\"@id\":\"https:\\\/\\\/holmac.com\\\/fr\\\/politique-de-confidentialite\\\/#breadcrumb\"},\"inLanguage\":\"fr-FR\",\"potentialAction\":[{\"@type\":\"ReadAction\",\"target\":[\"https:\\\/\\\/holmac.com\\\/fr\\\/politique-de-confidentialite\\\/\"]}]},{\"@type\":\"BreadcrumbList\",\"@id\":\"https:\\\/\\\/holmac.com\\\/fr\\\/politique-de-confidentialite\\\/#breadcrumb\",\"itemListElement\":[{\"@type\":\"ListItem\",\"position\":1,\"name\":\"Home\",\"item\":\"https:\\\/\\\/holmac.com\\\/fr\\\/holmac\\\/\"},{\"@type\":\"ListItem\",\"position\":2,\"name\":\"Politique de confidentialit\u00e9\"}]},{\"@type\":\"WebSite\",\"@id\":\"https:\\\/\\\/holmac.com\\\/fr\\\/#website\",\"url\":\"https:\\\/\\\/holmac.com\\\/fr\\\/\",\"name\":\"HOLMAC sas di Gastaldi Niccol\u00f2 & C.\",\"description\":\"since 1969\",\"publisher\":{\"@id\":\"https:\\\/\\\/holmac.com\\\/fr\\\/#organization\"},\"alternateName\":\"HOLMAC\",\"potentialAction\":[{\"@type\":\"SearchAction\",\"target\":{\"@type\":\"EntryPoint\",\"urlTemplate\":\"https:\\\/\\\/holmac.com\\\/fr\\\/?s={search_term_string}\"},\"query-input\":{\"@type\":\"PropertyValueSpecification\",\"valueRequired\":true,\"valueName\":\"search_term_string\"}}],\"inLanguage\":\"fr-FR\"},{\"@type\":\"Organization\",\"@id\":\"https:\\\/\\\/holmac.com\\\/fr\\\/#organization\",\"name\":\"HOLMAC sas di Gastaldi Niccol\u00f2 & C.\",\"url\":\"https:\\\/\\\/holmac.com\\\/fr\\\/\",\"logo\":{\"@type\":\"ImageObject\",\"inLanguage\":\"fr-FR\",\"@id\":\"https:\\\/\\\/holmac.com\\\/fr\\\/#\\\/schema\\\/logo\\\/image\\\/\",\"url\":\"https:\\\/\\\/holmac.com\\\/wp-content\\\/uploads\\\/2024\\\/04\\\/logo-holmac-full.svg\",\"contentUrl\":\"https:\\\/\\\/holmac.com\\\/wp-content\\\/uploads\\\/2024\\\/04\\\/logo-holmac-full.svg\",\"caption\":\"HOLMAC sas di Gastaldi Niccol\u00f2 & C.\"},\"image\":{\"@id\":\"https:\\\/\\\/holmac.com\\\/fr\\\/#\\\/schema\\\/logo\\\/image\\\/\"},\"sameAs\":[\"https:\\\/\\\/www.facebook.com\\\/HOLMAC-143398409180653\\\/\",\"https:\\\/\\\/www.instagram.com\\\/holmac_official\\\/\",\"https:\\\/\\\/www.youtube.com\\\/channel\\\/UCyTkusnUyzkvOnuJgEEh-1Q\\\/featured\",\"https:\\\/\\\/www.linkedin.com\\\/company\\\/holmac-sas-official\\\/about\\\/\"]}]}<\/script>\n<!-- \/ Yoast SEO plugin. -->","yoast_head_json":{"title":"Politique de confidentialit\u00e9 - Holmac di Gastaldi Christian &amp; Figli SRL","robots":{"index":"index","follow":"follow","max-snippet":"max-snippet:-1","max-image-preview":"max-image-preview:large","max-video-preview":"max-video-preview:-1"},"canonical":"https:\/\/holmac.com\/fr\/politique-de-confidentialite\/","og_locale":"fr_FR","og_type":"article","og_title":"Politique de confidentialit\u00e9 - Holmac di Gastaldi Christian &amp; Figli SRL","og_description":"Informations conform\u00e9ment \u00e0 l&rsquo;article 13 du r\u00e8glement (UE) 2016\/679 La raison de cette information Conform\u00e9ment au R\u00e8glement (UE) 2016\/679 (ci-apr\u00e8s [&hellip;]","og_url":"https:\/\/holmac.com\/fr\/politique-de-confidentialite\/","og_site_name":"Holmac di Gastaldi Christian &amp; Figli SRL","article_publisher":"https:\/\/www.facebook.com\/HOLMAC-143398409180653\/","article_modified_time":"2024-06-07T11:18:50+00:00","twitter_card":"summary_large_image","twitter_misc":{"Dur\u00e9e de lecture estim\u00e9e":"8 minutes"},"schema":{"@context":"https:\/\/schema.org","@graph":[{"@type":"WebPage","@id":"https:\/\/holmac.com\/fr\/politique-de-confidentialite\/","url":"https:\/\/holmac.com\/fr\/politique-de-confidentialite\/","name":"Politique de confidentialit\u00e9 - Holmac di Gastaldi Christian &amp; Figli SRL","isPartOf":{"@id":"https:\/\/holmac.com\/fr\/#website"},"datePublished":"2024-06-07T11:18:49+00:00","dateModified":"2024-06-07T11:18:50+00:00","breadcrumb":{"@id":"https:\/\/holmac.com\/fr\/politique-de-confidentialite\/#breadcrumb"},"inLanguage":"fr-FR","potentialAction":[{"@type":"ReadAction","target":["https:\/\/holmac.com\/fr\/politique-de-confidentialite\/"]}]},{"@type":"BreadcrumbList","@id":"https:\/\/holmac.com\/fr\/politique-de-confidentialite\/#breadcrumb","itemListElement":[{"@type":"ListItem","position":1,"name":"Home","item":"https:\/\/holmac.com\/fr\/holmac\/"},{"@type":"ListItem","position":2,"name":"Politique de confidentialit\u00e9"}]},{"@type":"WebSite","@id":"https:\/\/holmac.com\/fr\/#website","url":"https:\/\/holmac.com\/fr\/","name":"HOLMAC sas di Gastaldi Niccol\u00f2 & C.","description":"since 1969","publisher":{"@id":"https:\/\/holmac.com\/fr\/#organization"},"alternateName":"HOLMAC","potentialAction":[{"@type":"SearchAction","target":{"@type":"EntryPoint","urlTemplate":"https:\/\/holmac.com\/fr\/?s={search_term_string}"},"query-input":{"@type":"PropertyValueSpecification","valueRequired":true,"valueName":"search_term_string"}}],"inLanguage":"fr-FR"},{"@type":"Organization","@id":"https:\/\/holmac.com\/fr\/#organization","name":"HOLMAC sas di Gastaldi Niccol\u00f2 & C.","url":"https:\/\/holmac.com\/fr\/","logo":{"@type":"ImageObject","inLanguage":"fr-FR","@id":"https:\/\/holmac.com\/fr\/#\/schema\/logo\/image\/","url":"https:\/\/holmac.com\/wp-content\/uploads\/2024\/04\/logo-holmac-full.svg","contentUrl":"https:\/\/holmac.com\/wp-content\/uploads\/2024\/04\/logo-holmac-full.svg","caption":"HOLMAC sas di Gastaldi Niccol\u00f2 & C."},"image":{"@id":"https:\/\/holmac.com\/fr\/#\/schema\/logo\/image\/"},"sameAs":["https:\/\/www.facebook.com\/HOLMAC-143398409180653\/","https:\/\/www.instagram.com\/holmac_official\/","https:\/\/www.youtube.com\/channel\/UCyTkusnUyzkvOnuJgEEh-1Q\/featured","https:\/\/www.linkedin.com\/company\/holmac-sas-official\/about\/"]}]}},"_links":{"self":[{"href":"https:\/\/holmac.com\/fr\/wp-json\/wp\/v2\/pages\/7353","targetHints":{"allow":["GET"]}}],"collection":[{"href":"https:\/\/holmac.com\/fr\/wp-json\/wp\/v2\/pages"}],"about":[{"href":"https:\/\/holmac.com\/fr\/wp-json\/wp\/v2\/types\/page"}],"author":[{"embeddable":true,"href":"https:\/\/holmac.com\/fr\/wp-json\/wp\/v2\/users\/1"}],"replies":[{"embeddable":true,"href":"https:\/\/holmac.com\/fr\/wp-json\/wp\/v2\/comments?post=7353"}],"version-history":[{"count":1,"href":"https:\/\/holmac.com\/fr\/wp-json\/wp\/v2\/pages\/7353\/revisions"}],"predecessor-version":[{"id":7354,"href":"https:\/\/holmac.com\/fr\/wp-json\/wp\/v2\/pages\/7353\/revisions\/7354"}],"wp:attachment":[{"href":"https:\/\/holmac.com\/fr\/wp-json\/wp\/v2\/media?parent=7353"}],"curies":[{"name":"wp","href":"https:\/\/api.w.org\/{rel}","templated":true}]}}