{"id":7509,"date":"2021-04-01T11:07:32","date_gmt":"2024-06-07T17:06:13","guid":{"rendered":"https:\/\/holmac.com\/catalogo-prodotti\/sin%20categor\u00eda\/hmc-28\/"},"modified":"2024-08-28T16:37:07","modified_gmt":"2024-08-28T14:37:07","slug":"hmc-28","status":"publish","type":"product","link":"https:\/\/holmac.com\/es\/catalogo-prodotti\/embaladora-de-plantes\/hmc-28\/","title":{"rendered":"HMC 28"},"content":{"rendered":"<p>La embaladora de plante es una m\u00e1quina dise\u00f1ada y patentada para facilitar el atado de la planta in situ. As\u00ed se ahorra mucha mano de obra, pero tambi\u00e9n se aprovecha mejor el espacio disponible para transportar las plantas en camiones o contenedores.<\/p>\n","protected":false},"excerpt":{"rendered":"<p>La embaladora de plante es una m\u00e1quina dise\u00f1ada y patentada para facilitar el atado de la planta in situ. As\u00ed [&hellip;]<\/p>\n","protected":false},"featured_media":6130,"template":"","meta":{"_acf_changed":false,"_mo_disable_npp":"","site-sidebar-layout":"default","site-content-layout":"","ast-site-content-layout":"default","site-content-style":"default","site-sidebar-style":"default","ast-global-header-display":"","ast-banner-title-visibility":"","ast-main-header-display":"","ast-hfb-above-header-display":"","ast-hfb-below-header-display":"","ast-hfb-mobile-header-display":"","site-post-title":"","ast-breadcrumbs-content":"","ast-featured-img":"","footer-sml-layout":"","ast-disable-related-posts":"","theme-transparent-header-meta":"default","adv-header-id-meta":"","stick-header-meta":"","header-above-stick-meta":"","header-main-stick-meta":"","header-below-stick-meta":"","astra-migrate-meta-layouts":"default","ast-page-background-enabled":"default","ast-page-background-meta":{"desktop":{"background-color":"var(--ast-global-color-4)","background-image":"","background-repeat":"repeat","background-position":"center center","background-size":"auto","background-attachment":"scroll","background-type":"","background-media":"","overlay-type":"","overlay-color":"","overlay-opacity":"","overlay-gradient":""},"tablet":{"background-color":"","background-image":"","background-repeat":"repeat","background-position":"center center","background-size":"auto","background-attachment":"scroll","background-type":"","background-media":"","overlay-type":"","overlay-color":"","overlay-opacity":"","overlay-gradient":""},"mobile":{"background-color":"","background-image":"","background-repeat":"repeat","background-position":"center center","background-size":"auto","background-attachment":"scroll","background-type":"","background-media":"","overlay-type":"","overlay-color":"","overlay-opacity":"","overlay-gradient":""}},"ast-content-background-meta":{"desktop":{"background-color":"var(--ast-global-color-5)","background-image":"","background-repeat":"repeat","background-position":"center center","background-size":"auto","background-attachment":"scroll","background-type":"","background-media":"","overlay-type":"","overlay-color":"","overlay-opacity":"","overlay-gradient":""},"tablet":{"background-color":"var(--ast-global-color-5)","background-image":"","background-repeat":"repeat","background-position":"center center","background-size":"auto","background-attachment":"scroll","background-type":"","background-media":"","overlay-type":"","overlay-color":"","overlay-opacity":"","overlay-gradient":""},"mobile":{"background-color":"var(--ast-global-color-5)","background-image":"","background-repeat":"repeat","background-position":"center center","background-size":"auto","background-attachment":"scroll","background-type":"","background-media":"","overlay-type":"","overlay-color":"","overlay-opacity":"","overlay-gradient":""}}},"product_brand":[],"product_cat":[197],"product_tag":[],"class_list":{"0":"post-7509","1":"product","2":"type-product","3":"status-publish","4":"has-post-thumbnail","6":"product_cat-embaladora-de-plantes","7":"desktop-align-left","8":"tablet-align-left","9":"mobile-align-left","11":"first","12":"instock","13":"shipping-taxable","14":"product-type-simple"},"acf":[],"yoast_head":"<!-- This site is optimized with the Yoast SEO plugin v27.6 - https:\/\/yoast.com\/product\/yoast-seo-wordpress\/ -->\n<title>HMC 28 - Holmac di Gastaldi Christian &amp; Figli SRL<\/title>\n<meta name=\"robots\" content=\"index, follow, max-snippet:-1, max-image-preview:large, max-video-preview:-1\" \/>\n<link rel=\"canonical\" href=\"https:\/\/holmac.com\/es\/catalogo-prodotti\/embaladora-de-plantes\/hmc-28\/\" \/>\n<meta property=\"og:locale\" content=\"es_ES\" \/>\n<meta property=\"og:type\" content=\"article\" \/>\n<meta property=\"og:title\" content=\"HMC 28 - Holmac di Gastaldi Christian &amp; Figli SRL\" \/>\n<meta property=\"og:description\" content=\"La embaladora de plante es una m\u00e1quina dise\u00f1ada y patentada para facilitar el atado de la planta in situ. As\u00ed [&hellip;]\" \/>\n<meta property=\"og:url\" content=\"https:\/\/holmac.com\/es\/catalogo-prodotti\/embaladora-de-plantes\/hmc-28\/\" \/>\n<meta property=\"og:site_name\" content=\"Holmac di Gastaldi Christian &amp; Figli SRL\" \/>\n<meta property=\"article:publisher\" content=\"https:\/\/www.facebook.com\/HOLMAC-143398409180653\/\" \/>\n<meta property=\"article:modified_time\" content=\"2024-08-28T14:37:07+00:00\" \/>\n<meta property=\"og:image\" content=\"https:\/\/holmac.com\/wp-content\/uploads\/2021\/04\/HMC28_side_white.png\" \/>\n\t<meta property=\"og:image:width\" content=\"822\" \/>\n\t<meta property=\"og:image:height\" content=\"595\" \/>\n\t<meta property=\"og:image:type\" content=\"image\/png\" \/>\n<meta name=\"twitter:card\" content=\"summary_large_image\" \/>\n<script type=\"application\/ld+json\" class=\"yoast-schema-graph\">{\"@context\":\"https:\\\/\\\/schema.org\",\"@graph\":[{\"@type\":\"WebPage\",\"@id\":\"https:\\\/\\\/holmac.com\\\/es\\\/catalogo-prodotti\\\/embaladora-de-plantes\\\/hmc-28\\\/\",\"url\":\"https:\\\/\\\/holmac.com\\\/es\\\/catalogo-prodotti\\\/embaladora-de-plantes\\\/hmc-28\\\/\",\"name\":\"HMC 28 - Holmac di Gastaldi Christian &amp; Figli SRL\",\"isPartOf\":{\"@id\":\"https:\\\/\\\/holmac.com\\\/es\\\/#website\"},\"primaryImageOfPage\":{\"@id\":\"https:\\\/\\\/holmac.com\\\/es\\\/catalogo-prodotti\\\/embaladora-de-plantes\\\/hmc-28\\\/#primaryimage\"},\"image\":{\"@id\":\"https:\\\/\\\/holmac.com\\\/es\\\/catalogo-prodotti\\\/embaladora-de-plantes\\\/hmc-28\\\/#primaryimage\"},\"thumbnailUrl\":\"https:\\\/\\\/holmac.com\\\/wp-content\\\/uploads\\\/2021\\\/04\\\/HMC28_side_white.png\",\"datePublished\":\"2024-06-07T17:06:13+00:00\",\"dateModified\":\"2024-08-28T14:37:07+00:00\",\"breadcrumb\":{\"@id\":\"https:\\\/\\\/holmac.com\\\/es\\\/catalogo-prodotti\\\/embaladora-de-plantes\\\/hmc-28\\\/#breadcrumb\"},\"inLanguage\":\"es\",\"potentialAction\":[{\"@type\":\"ReadAction\",\"target\":[\"https:\\\/\\\/holmac.com\\\/es\\\/catalogo-prodotti\\\/embaladora-de-plantes\\\/hmc-28\\\/\"]}]},{\"@type\":\"ImageObject\",\"inLanguage\":\"es\",\"@id\":\"https:\\\/\\\/holmac.com\\\/es\\\/catalogo-prodotti\\\/embaladora-de-plantes\\\/hmc-28\\\/#primaryimage\",\"url\":\"https:\\\/\\\/holmac.com\\\/wp-content\\\/uploads\\\/2021\\\/04\\\/HMC28_side_white.png\",\"contentUrl\":\"https:\\\/\\\/holmac.com\\\/wp-content\\\/uploads\\\/2021\\\/04\\\/HMC28_side_white.png\",\"width\":822,\"height\":595},{\"@type\":\"BreadcrumbList\",\"@id\":\"https:\\\/\\\/holmac.com\\\/es\\\/catalogo-prodotti\\\/embaladora-de-plantes\\\/hmc-28\\\/#breadcrumb\",\"itemListElement\":[{\"@type\":\"ListItem\",\"position\":1,\"name\":\"Home\",\"item\":\"https:\\\/\\\/holmac.com\\\/es\\\/holmac\\\/\"},{\"@type\":\"ListItem\",\"position\":2,\"name\":\"Catalogo de producto\",\"item\":\"https:\\\/\\\/holmac.com\\\/es\\\/catalogo-de-producto\\\/\"},{\"@type\":\"ListItem\",\"position\":3,\"name\":\"HMC 28\"}]},{\"@type\":\"WebSite\",\"@id\":\"https:\\\/\\\/holmac.com\\\/es\\\/#website\",\"url\":\"https:\\\/\\\/holmac.com\\\/es\\\/\",\"name\":\"HOLMAC sas di Gastaldi Niccol\u00f2 & C.\",\"description\":\"since 1969\",\"publisher\":{\"@id\":\"https:\\\/\\\/holmac.com\\\/es\\\/#organization\"},\"alternateName\":\"HOLMAC\",\"potentialAction\":[{\"@type\":\"SearchAction\",\"target\":{\"@type\":\"EntryPoint\",\"urlTemplate\":\"https:\\\/\\\/holmac.com\\\/es\\\/?s={search_term_string}\"},\"query-input\":{\"@type\":\"PropertyValueSpecification\",\"valueRequired\":true,\"valueName\":\"search_term_string\"}}],\"inLanguage\":\"es\"},{\"@type\":\"Organization\",\"@id\":\"https:\\\/\\\/holmac.com\\\/es\\\/#organization\",\"name\":\"HOLMAC sas di Gastaldi Niccol\u00f2 & C.\",\"url\":\"https:\\\/\\\/holmac.com\\\/es\\\/\",\"logo\":{\"@type\":\"ImageObject\",\"inLanguage\":\"es\",\"@id\":\"https:\\\/\\\/holmac.com\\\/es\\\/#\\\/schema\\\/logo\\\/image\\\/\",\"url\":\"https:\\\/\\\/holmac.com\\\/wp-content\\\/uploads\\\/2024\\\/04\\\/logo-holmac-full.svg\",\"contentUrl\":\"https:\\\/\\\/holmac.com\\\/wp-content\\\/uploads\\\/2024\\\/04\\\/logo-holmac-full.svg\",\"caption\":\"HOLMAC sas di Gastaldi Niccol\u00f2 & C.\"},\"image\":{\"@id\":\"https:\\\/\\\/holmac.com\\\/es\\\/#\\\/schema\\\/logo\\\/image\\\/\"},\"sameAs\":[\"https:\\\/\\\/www.facebook.com\\\/HOLMAC-143398409180653\\\/\",\"https:\\\/\\\/www.instagram.com\\\/holmac_official\\\/\",\"https:\\\/\\\/www.youtube.com\\\/channel\\\/UCyTkusnUyzkvOnuJgEEh-1Q\\\/featured\",\"https:\\\/\\\/www.linkedin.com\\\/company\\\/holmac-sas-official\\\/about\\\/\"]}]}<\/script>\n<!-- \/ Yoast SEO plugin. -->","yoast_head_json":{"title":"HMC 28 - Holmac di Gastaldi Christian &amp; Figli SRL","robots":{"index":"index","follow":"follow","max-snippet":"max-snippet:-1","max-image-preview":"max-image-preview:large","max-video-preview":"max-video-preview:-1"},"canonical":"https:\/\/holmac.com\/es\/catalogo-prodotti\/embaladora-de-plantes\/hmc-28\/","og_locale":"es_ES","og_type":"article","og_title":"HMC 28 - Holmac di Gastaldi Christian &amp; Figli SRL","og_description":"La embaladora de plante es una m\u00e1quina dise\u00f1ada y patentada para facilitar el atado de la planta in situ. As\u00ed [&hellip;]","og_url":"https:\/\/holmac.com\/es\/catalogo-prodotti\/embaladora-de-plantes\/hmc-28\/","og_site_name":"Holmac di Gastaldi Christian &amp; Figli SRL","article_publisher":"https:\/\/www.facebook.com\/HOLMAC-143398409180653\/","article_modified_time":"2024-08-28T14:37:07+00:00","og_image":[{"width":822,"height":595,"url":"https:\/\/holmac.com\/wp-content\/uploads\/2021\/04\/HMC28_side_white.png","type":"image\/png"}],"twitter_card":"summary_large_image","schema":{"@context":"https:\/\/schema.org","@graph":[{"@type":"WebPage","@id":"https:\/\/holmac.com\/es\/catalogo-prodotti\/embaladora-de-plantes\/hmc-28\/","url":"https:\/\/holmac.com\/es\/catalogo-prodotti\/embaladora-de-plantes\/hmc-28\/","name":"HMC 28 - Holmac di Gastaldi Christian &amp; Figli SRL","isPartOf":{"@id":"https:\/\/holmac.com\/es\/#website"},"primaryImageOfPage":{"@id":"https:\/\/holmac.com\/es\/catalogo-prodotti\/embaladora-de-plantes\/hmc-28\/#primaryimage"},"image":{"@id":"https:\/\/holmac.com\/es\/catalogo-prodotti\/embaladora-de-plantes\/hmc-28\/#primaryimage"},"thumbnailUrl":"https:\/\/holmac.com\/wp-content\/uploads\/2021\/04\/HMC28_side_white.png","datePublished":"2024-06-07T17:06:13+00:00","dateModified":"2024-08-28T14:37:07+00:00","breadcrumb":{"@id":"https:\/\/holmac.com\/es\/catalogo-prodotti\/embaladora-de-plantes\/hmc-28\/#breadcrumb"},"inLanguage":"es","potentialAction":[{"@type":"ReadAction","target":["https:\/\/holmac.com\/es\/catalogo-prodotti\/embaladora-de-plantes\/hmc-28\/"]}]},{"@type":"ImageObject","inLanguage":"es","@id":"https:\/\/holmac.com\/es\/catalogo-prodotti\/embaladora-de-plantes\/hmc-28\/#primaryimage","url":"https:\/\/holmac.com\/wp-content\/uploads\/2021\/04\/HMC28_side_white.png","contentUrl":"https:\/\/holmac.com\/wp-content\/uploads\/2021\/04\/HMC28_side_white.png","width":822,"height":595},{"@type":"BreadcrumbList","@id":"https:\/\/holmac.com\/es\/catalogo-prodotti\/embaladora-de-plantes\/hmc-28\/#breadcrumb","itemListElement":[{"@type":"ListItem","position":1,"name":"Home","item":"https:\/\/holmac.com\/es\/holmac\/"},{"@type":"ListItem","position":2,"name":"Catalogo de producto","item":"https:\/\/holmac.com\/es\/catalogo-de-producto\/"},{"@type":"ListItem","position":3,"name":"HMC 28"}]},{"@type":"WebSite","@id":"https:\/\/holmac.com\/es\/#website","url":"https:\/\/holmac.com\/es\/","name":"HOLMAC sas di Gastaldi Niccol\u00f2 & C.","description":"since 1969","publisher":{"@id":"https:\/\/holmac.com\/es\/#organization"},"alternateName":"HOLMAC","potentialAction":[{"@type":"SearchAction","target":{"@type":"EntryPoint","urlTemplate":"https:\/\/holmac.com\/es\/?s={search_term_string}"},"query-input":{"@type":"PropertyValueSpecification","valueRequired":true,"valueName":"search_term_string"}}],"inLanguage":"es"},{"@type":"Organization","@id":"https:\/\/holmac.com\/es\/#organization","name":"HOLMAC sas di Gastaldi Niccol\u00f2 & C.","url":"https:\/\/holmac.com\/es\/","logo":{"@type":"ImageObject","inLanguage":"es","@id":"https:\/\/holmac.com\/es\/#\/schema\/logo\/image\/","url":"https:\/\/holmac.com\/wp-content\/uploads\/2024\/04\/logo-holmac-full.svg","contentUrl":"https:\/\/holmac.com\/wp-content\/uploads\/2024\/04\/logo-holmac-full.svg","caption":"HOLMAC sas di Gastaldi Niccol\u00f2 & C."},"image":{"@id":"https:\/\/holmac.com\/es\/#\/schema\/logo\/image\/"},"sameAs":["https:\/\/www.facebook.com\/HOLMAC-143398409180653\/","https:\/\/www.instagram.com\/holmac_official\/","https:\/\/www.youtube.com\/channel\/UCyTkusnUyzkvOnuJgEEh-1Q\/featured","https:\/\/www.linkedin.com\/company\/holmac-sas-official\/about\/"]}]}},"_links":{"self":[{"href":"https:\/\/holmac.com\/es\/wp-json\/wp\/v2\/product\/7509","targetHints":{"allow":["GET"]}}],"collection":[{"href":"https:\/\/holmac.com\/es\/wp-json\/wp\/v2\/product"}],"about":[{"href":"https:\/\/holmac.com\/es\/wp-json\/wp\/v2\/types\/product"}],"wp:featuredmedia":[{"embeddable":true,"href":"https:\/\/holmac.com\/es\/wp-json\/wp\/v2\/media\/6130"}],"wp:attachment":[{"href":"https:\/\/holmac.com\/es\/wp-json\/wp\/v2\/media?parent=7509"}],"wp:term":[{"taxonomy":"product_brand","embeddable":true,"href":"https:\/\/holmac.com\/es\/wp-json\/wp\/v2\/product_brand?post=7509"},{"taxonomy":"product_cat","embeddable":true,"href":"https:\/\/holmac.com\/es\/wp-json\/wp\/v2\/product_cat?post=7509"},{"taxonomy":"product_tag","embeddable":true,"href":"https:\/\/holmac.com\/es\/wp-json\/wp\/v2\/product_tag?post=7509"}],"curies":[{"name":"wp","href":"https:\/\/api.w.org\/{rel}","templated":true}]}}