{"id":7424,"date":"2021-04-01T11:06:46","date_gmt":"2024-06-07T16:32:35","guid":{"rendered":"https:\/\/holmac.com\/catalogo-prodotti\/sin%20categor\u00eda\/hzc-32\/"},"modified":"2024-08-28T17:26:05","modified_gmt":"2024-08-28T15:26:05","slug":"hzc-32","status":"publish","type":"product","link":"https:\/\/holmac.com\/es\/catalogo-prodotti\/encepellonadora\/hzc-32\/","title":{"rendered":"HZC 32"},"content":{"rendered":"<p>La HZC32 es una m\u00e1quina dise\u00f1ada y construida para ofrecer la mejor capacidad de trabajo con la m\u00e1xima seguridad y rendimiento. Como modelo se sit\u00faa entre la HZC 29 y la HZC 38 con la posibilidad de montar la pala de 120 cm y m\u00e1s potencia. Esta m\u00e1quina es una evoluci\u00f3n de la HZC 29, que en 1999 fue la primera m\u00e1quina con el sistema de elevaci\u00f3n vertical del c\u00e9sped con la cuchilla. Con esta m\u00e1quina, tambi\u00e9n hemos reducido significativamente las vibraciones y aumentado la comodidad del operador con una mejor visibilidad durante las operaciones de enraizamiento.<\/p>\n","protected":false},"excerpt":{"rendered":"<p>La HZC32 es una m\u00e1quina dise\u00f1ada y construida para ofrecer la mejor capacidad de trabajo con la m\u00e1xima seguridad y [&hellip;]<\/p>\n","protected":false},"featured_media":6020,"template":"","meta":{"_acf_changed":false,"_mo_disable_npp":"","site-sidebar-layout":"default","site-content-layout":"","ast-site-content-layout":"default","site-content-style":"default","site-sidebar-style":"default","ast-global-header-display":"","ast-banner-title-visibility":"","ast-main-header-display":"","ast-hfb-above-header-display":"","ast-hfb-below-header-display":"","ast-hfb-mobile-header-display":"","site-post-title":"","ast-breadcrumbs-content":"","ast-featured-img":"","footer-sml-layout":"","ast-disable-related-posts":"","theme-transparent-header-meta":"default","adv-header-id-meta":"","stick-header-meta":"","header-above-stick-meta":"","header-main-stick-meta":"","header-below-stick-meta":"","astra-migrate-meta-layouts":"set","ast-page-background-enabled":"default","ast-page-background-meta":{"desktop":{"background-color":"var(--ast-global-color-4)","background-image":"","background-repeat":"repeat","background-position":"center center","background-size":"auto","background-attachment":"scroll","background-type":"","background-media":"","overlay-type":"","overlay-color":"","overlay-opacity":"","overlay-gradient":""},"tablet":{"background-color":"","background-image":"","background-repeat":"repeat","background-position":"center center","background-size":"auto","background-attachment":"scroll","background-type":"","background-media":"","overlay-type":"","overlay-color":"","overlay-opacity":"","overlay-gradient":""},"mobile":{"background-color":"","background-image":"","background-repeat":"repeat","background-position":"center center","background-size":"auto","background-attachment":"scroll","background-type":"","background-media":"","overlay-type":"","overlay-color":"","overlay-opacity":"","overlay-gradient":""}},"ast-content-background-meta":{"desktop":{"background-color":"var(--ast-global-color-5)","background-image":"","background-repeat":"repeat","background-position":"center center","background-size":"auto","background-attachment":"scroll","background-type":"","background-media":"","overlay-type":"","overlay-color":"","overlay-opacity":"","overlay-gradient":""},"tablet":{"background-color":"var(--ast-global-color-5)","background-image":"","background-repeat":"repeat","background-position":"center center","background-size":"auto","background-attachment":"scroll","background-type":"","background-media":"","overlay-type":"","overlay-color":"","overlay-opacity":"","overlay-gradient":""},"mobile":{"background-color":"var(--ast-global-color-5)","background-image":"","background-repeat":"repeat","background-position":"center center","background-size":"auto","background-attachment":"scroll","background-type":"","background-media":"","overlay-type":"","overlay-color":"","overlay-opacity":"","overlay-gradient":""}}},"product_brand":[],"product_cat":[160],"product_tag":[],"class_list":{"0":"post-7424","1":"product","2":"type-product","3":"status-publish","4":"has-post-thumbnail","6":"product_cat-encepellonadora","7":"desktop-align-left","8":"tablet-align-left","9":"mobile-align-left","11":"first","12":"instock","13":"shipping-taxable","14":"purchasable","15":"product-type-woosg"},"acf":[],"yoast_head":"<!-- This site is optimized with the Yoast SEO plugin v27.4 - https:\/\/yoast.com\/product\/yoast-seo-wordpress\/ -->\n<title>HZC 32 - Holmac di Gastaldi Christian &amp; Figli SRL<\/title>\n<meta name=\"robots\" content=\"index, follow, max-snippet:-1, max-image-preview:large, max-video-preview:-1\" \/>\n<link rel=\"canonical\" href=\"https:\/\/holmac.com\/es\/catalogo-prodotti\/encepellonadora\/hzc-32\/\" \/>\n<meta property=\"og:locale\" content=\"es_ES\" \/>\n<meta property=\"og:type\" content=\"article\" \/>\n<meta property=\"og:title\" content=\"HZC 32 - Holmac di Gastaldi Christian &amp; Figli SRL\" \/>\n<meta property=\"og:description\" content=\"La HZC32 es una m\u00e1quina dise\u00f1ada y construida para ofrecer la mejor capacidad de trabajo con la m\u00e1xima seguridad y [&hellip;]\" \/>\n<meta property=\"og:url\" content=\"https:\/\/holmac.com\/es\/catalogo-prodotti\/encepellonadora\/hzc-32\/\" \/>\n<meta property=\"og:site_name\" content=\"Holmac di Gastaldi Christian &amp; Figli SRL\" \/>\n<meta property=\"article:publisher\" content=\"https:\/\/www.facebook.com\/HOLMAC-143398409180653\/\" \/>\n<meta property=\"article:modified_time\" content=\"2024-08-28T15:26:05+00:00\" \/>\n<meta property=\"og:image\" content=\"https:\/\/holmac.com\/wp-content\/uploads\/2021\/04\/HZC32_side_white.png\" \/>\n\t<meta property=\"og:image:width\" content=\"822\" \/>\n\t<meta property=\"og:image:height\" content=\"595\" \/>\n\t<meta property=\"og:image:type\" content=\"image\/png\" \/>\n<meta name=\"twitter:card\" content=\"summary_large_image\" \/>\n<meta name=\"twitter:label1\" content=\"Tiempo de lectura\" \/>\n\t<meta name=\"twitter:data1\" content=\"1 minuto\" \/>\n<script type=\"application\/ld+json\" class=\"yoast-schema-graph\">{\"@context\":\"https:\\\/\\\/schema.org\",\"@graph\":[{\"@type\":\"WebPage\",\"@id\":\"https:\\\/\\\/holmac.com\\\/es\\\/catalogo-prodotti\\\/encepellonadora\\\/hzc-32\\\/\",\"url\":\"https:\\\/\\\/holmac.com\\\/es\\\/catalogo-prodotti\\\/encepellonadora\\\/hzc-32\\\/\",\"name\":\"HZC 32 - Holmac di Gastaldi Christian &amp; Figli SRL\",\"isPartOf\":{\"@id\":\"https:\\\/\\\/holmac.com\\\/es\\\/#website\"},\"primaryImageOfPage\":{\"@id\":\"https:\\\/\\\/holmac.com\\\/es\\\/catalogo-prodotti\\\/encepellonadora\\\/hzc-32\\\/#primaryimage\"},\"image\":{\"@id\":\"https:\\\/\\\/holmac.com\\\/es\\\/catalogo-prodotti\\\/encepellonadora\\\/hzc-32\\\/#primaryimage\"},\"thumbnailUrl\":\"https:\\\/\\\/holmac.com\\\/wp-content\\\/uploads\\\/2021\\\/04\\\/HZC32_side_white.png\",\"datePublished\":\"2024-06-07T16:32:35+00:00\",\"dateModified\":\"2024-08-28T15:26:05+00:00\",\"breadcrumb\":{\"@id\":\"https:\\\/\\\/holmac.com\\\/es\\\/catalogo-prodotti\\\/encepellonadora\\\/hzc-32\\\/#breadcrumb\"},\"inLanguage\":\"es\",\"potentialAction\":[{\"@type\":\"ReadAction\",\"target\":[\"https:\\\/\\\/holmac.com\\\/es\\\/catalogo-prodotti\\\/encepellonadora\\\/hzc-32\\\/\"]}]},{\"@type\":\"ImageObject\",\"inLanguage\":\"es\",\"@id\":\"https:\\\/\\\/holmac.com\\\/es\\\/catalogo-prodotti\\\/encepellonadora\\\/hzc-32\\\/#primaryimage\",\"url\":\"https:\\\/\\\/holmac.com\\\/wp-content\\\/uploads\\\/2021\\\/04\\\/HZC32_side_white.png\",\"contentUrl\":\"https:\\\/\\\/holmac.com\\\/wp-content\\\/uploads\\\/2021\\\/04\\\/HZC32_side_white.png\",\"width\":822,\"height\":595},{\"@type\":\"BreadcrumbList\",\"@id\":\"https:\\\/\\\/holmac.com\\\/es\\\/catalogo-prodotti\\\/encepellonadora\\\/hzc-32\\\/#breadcrumb\",\"itemListElement\":[{\"@type\":\"ListItem\",\"position\":1,\"name\":\"Home\",\"item\":\"https:\\\/\\\/holmac.com\\\/es\\\/holmac\\\/\"},{\"@type\":\"ListItem\",\"position\":2,\"name\":\"Catalogo de producto\",\"item\":\"https:\\\/\\\/holmac.com\\\/es\\\/catalogo-de-producto\\\/\"},{\"@type\":\"ListItem\",\"position\":3,\"name\":\"HZC 32\"}]},{\"@type\":\"WebSite\",\"@id\":\"https:\\\/\\\/holmac.com\\\/es\\\/#website\",\"url\":\"https:\\\/\\\/holmac.com\\\/es\\\/\",\"name\":\"HOLMAC sas di Gastaldi Niccol\u00f2 & C.\",\"description\":\"since 1969\",\"publisher\":{\"@id\":\"https:\\\/\\\/holmac.com\\\/es\\\/#organization\"},\"alternateName\":\"HOLMAC\",\"potentialAction\":[{\"@type\":\"SearchAction\",\"target\":{\"@type\":\"EntryPoint\",\"urlTemplate\":\"https:\\\/\\\/holmac.com\\\/es\\\/?s={search_term_string}\"},\"query-input\":{\"@type\":\"PropertyValueSpecification\",\"valueRequired\":true,\"valueName\":\"search_term_string\"}}],\"inLanguage\":\"es\"},{\"@type\":\"Organization\",\"@id\":\"https:\\\/\\\/holmac.com\\\/es\\\/#organization\",\"name\":\"HOLMAC sas di Gastaldi Niccol\u00f2 & C.\",\"url\":\"https:\\\/\\\/holmac.com\\\/es\\\/\",\"logo\":{\"@type\":\"ImageObject\",\"inLanguage\":\"es\",\"@id\":\"https:\\\/\\\/holmac.com\\\/es\\\/#\\\/schema\\\/logo\\\/image\\\/\",\"url\":\"https:\\\/\\\/holmac.com\\\/wp-content\\\/uploads\\\/2024\\\/04\\\/logo-holmac-full.svg\",\"contentUrl\":\"https:\\\/\\\/holmac.com\\\/wp-content\\\/uploads\\\/2024\\\/04\\\/logo-holmac-full.svg\",\"caption\":\"HOLMAC sas di Gastaldi Niccol\u00f2 & C.\"},\"image\":{\"@id\":\"https:\\\/\\\/holmac.com\\\/es\\\/#\\\/schema\\\/logo\\\/image\\\/\"},\"sameAs\":[\"https:\\\/\\\/www.facebook.com\\\/HOLMAC-143398409180653\\\/\",\"https:\\\/\\\/www.instagram.com\\\/holmac_official\\\/\",\"https:\\\/\\\/www.youtube.com\\\/channel\\\/UCyTkusnUyzkvOnuJgEEh-1Q\\\/featured\",\"https:\\\/\\\/www.linkedin.com\\\/company\\\/holmac-sas-official\\\/about\\\/\"]}]}<\/script>\n<!-- \/ Yoast SEO plugin. -->","yoast_head_json":{"title":"HZC 32 - Holmac di Gastaldi Christian &amp; Figli SRL","robots":{"index":"index","follow":"follow","max-snippet":"max-snippet:-1","max-image-preview":"max-image-preview:large","max-video-preview":"max-video-preview:-1"},"canonical":"https:\/\/holmac.com\/es\/catalogo-prodotti\/encepellonadora\/hzc-32\/","og_locale":"es_ES","og_type":"article","og_title":"HZC 32 - Holmac di Gastaldi Christian &amp; Figli SRL","og_description":"La HZC32 es una m\u00e1quina dise\u00f1ada y construida para ofrecer la mejor capacidad de trabajo con la m\u00e1xima seguridad y [&hellip;]","og_url":"https:\/\/holmac.com\/es\/catalogo-prodotti\/encepellonadora\/hzc-32\/","og_site_name":"Holmac di Gastaldi Christian &amp; Figli SRL","article_publisher":"https:\/\/www.facebook.com\/HOLMAC-143398409180653\/","article_modified_time":"2024-08-28T15:26:05+00:00","og_image":[{"width":822,"height":595,"url":"https:\/\/holmac.com\/wp-content\/uploads\/2021\/04\/HZC32_side_white.png","type":"image\/png"}],"twitter_card":"summary_large_image","twitter_misc":{"Tiempo de lectura":"1 minuto"},"schema":{"@context":"https:\/\/schema.org","@graph":[{"@type":"WebPage","@id":"https:\/\/holmac.com\/es\/catalogo-prodotti\/encepellonadora\/hzc-32\/","url":"https:\/\/holmac.com\/es\/catalogo-prodotti\/encepellonadora\/hzc-32\/","name":"HZC 32 - Holmac di Gastaldi Christian &amp; Figli SRL","isPartOf":{"@id":"https:\/\/holmac.com\/es\/#website"},"primaryImageOfPage":{"@id":"https:\/\/holmac.com\/es\/catalogo-prodotti\/encepellonadora\/hzc-32\/#primaryimage"},"image":{"@id":"https:\/\/holmac.com\/es\/catalogo-prodotti\/encepellonadora\/hzc-32\/#primaryimage"},"thumbnailUrl":"https:\/\/holmac.com\/wp-content\/uploads\/2021\/04\/HZC32_side_white.png","datePublished":"2024-06-07T16:32:35+00:00","dateModified":"2024-08-28T15:26:05+00:00","breadcrumb":{"@id":"https:\/\/holmac.com\/es\/catalogo-prodotti\/encepellonadora\/hzc-32\/#breadcrumb"},"inLanguage":"es","potentialAction":[{"@type":"ReadAction","target":["https:\/\/holmac.com\/es\/catalogo-prodotti\/encepellonadora\/hzc-32\/"]}]},{"@type":"ImageObject","inLanguage":"es","@id":"https:\/\/holmac.com\/es\/catalogo-prodotti\/encepellonadora\/hzc-32\/#primaryimage","url":"https:\/\/holmac.com\/wp-content\/uploads\/2021\/04\/HZC32_side_white.png","contentUrl":"https:\/\/holmac.com\/wp-content\/uploads\/2021\/04\/HZC32_side_white.png","width":822,"height":595},{"@type":"BreadcrumbList","@id":"https:\/\/holmac.com\/es\/catalogo-prodotti\/encepellonadora\/hzc-32\/#breadcrumb","itemListElement":[{"@type":"ListItem","position":1,"name":"Home","item":"https:\/\/holmac.com\/es\/holmac\/"},{"@type":"ListItem","position":2,"name":"Catalogo de producto","item":"https:\/\/holmac.com\/es\/catalogo-de-producto\/"},{"@type":"ListItem","position":3,"name":"HZC 32"}]},{"@type":"WebSite","@id":"https:\/\/holmac.com\/es\/#website","url":"https:\/\/holmac.com\/es\/","name":"HOLMAC sas di Gastaldi Niccol\u00f2 & C.","description":"since 1969","publisher":{"@id":"https:\/\/holmac.com\/es\/#organization"},"alternateName":"HOLMAC","potentialAction":[{"@type":"SearchAction","target":{"@type":"EntryPoint","urlTemplate":"https:\/\/holmac.com\/es\/?s={search_term_string}"},"query-input":{"@type":"PropertyValueSpecification","valueRequired":true,"valueName":"search_term_string"}}],"inLanguage":"es"},{"@type":"Organization","@id":"https:\/\/holmac.com\/es\/#organization","name":"HOLMAC sas di Gastaldi Niccol\u00f2 & C.","url":"https:\/\/holmac.com\/es\/","logo":{"@type":"ImageObject","inLanguage":"es","@id":"https:\/\/holmac.com\/es\/#\/schema\/logo\/image\/","url":"https:\/\/holmac.com\/wp-content\/uploads\/2024\/04\/logo-holmac-full.svg","contentUrl":"https:\/\/holmac.com\/wp-content\/uploads\/2024\/04\/logo-holmac-full.svg","caption":"HOLMAC sas di Gastaldi Niccol\u00f2 & C."},"image":{"@id":"https:\/\/holmac.com\/es\/#\/schema\/logo\/image\/"},"sameAs":["https:\/\/www.facebook.com\/HOLMAC-143398409180653\/","https:\/\/www.instagram.com\/holmac_official\/","https:\/\/www.youtube.com\/channel\/UCyTkusnUyzkvOnuJgEEh-1Q\/featured","https:\/\/www.linkedin.com\/company\/holmac-sas-official\/about\/"]}]}},"_links":{"self":[{"href":"https:\/\/holmac.com\/es\/wp-json\/wp\/v2\/product\/7424","targetHints":{"allow":["GET"]}}],"collection":[{"href":"https:\/\/holmac.com\/es\/wp-json\/wp\/v2\/product"}],"about":[{"href":"https:\/\/holmac.com\/es\/wp-json\/wp\/v2\/types\/product"}],"wp:featuredmedia":[{"embeddable":true,"href":"https:\/\/holmac.com\/es\/wp-json\/wp\/v2\/media\/6020"}],"wp:attachment":[{"href":"https:\/\/holmac.com\/es\/wp-json\/wp\/v2\/media?parent=7424"}],"wp:term":[{"taxonomy":"product_brand","embeddable":true,"href":"https:\/\/holmac.com\/es\/wp-json\/wp\/v2\/product_brand?post=7424"},{"taxonomy":"product_cat","embeddable":true,"href":"https:\/\/holmac.com\/es\/wp-json\/wp\/v2\/product_cat?post=7424"},{"taxonomy":"product_tag","embeddable":true,"href":"https:\/\/holmac.com\/es\/wp-json\/wp\/v2\/product_tag?post=7424"}],"curies":[{"name":"wp","href":"https:\/\/api.w.org\/{rel}","templated":true}]}}