{"id":7357,"date":"2024-06-07T16:42:44","date_gmt":"2024-06-07T14:42:44","guid":{"rendered":"https:\/\/holmac.com\/politica-de-privacidad\/"},"modified":"2024-06-07T16:42:45","modified_gmt":"2024-06-07T14:42:45","slug":"politica-de-privacidad","status":"publish","type":"page","link":"https:\/\/holmac.com\/es\/politica-de-privacidad\/","title":{"rendered":"Pol\u00edtica de privacidad"},"content":{"rendered":"\t\t<div data-elementor-type=\"wp-page\" data-elementor-id=\"7357\" class=\"elementor elementor-7357 elementor-649\" data-elementor-settings=\"{&quot;ha_cmc_init_switcher&quot;:&quot;no&quot;}\" data-elementor-post-type=\"page\">\n\t\t\t\t<div class=\"elementor-element elementor-element-244a007 e-flex e-con-boxed e-con e-parent\" data-id=\"244a007\" data-element_type=\"container\" data-e-type=\"container\" data-settings=\"{&quot;_ha_eqh_enable&quot;:false}\">\n\t\t\t\t\t<div class=\"e-con-inner\">\n\t\t\t\t<div class=\"elementor-element elementor-element-122ade0 elementor-widget__width-inherit elementor-invisible elementor-widget elementor-widget-heading\" data-id=\"122ade0\" data-element_type=\"widget\" data-e-type=\"widget\" data-settings=\"{&quot;_animation&quot;:&quot;fadeIn&quot;,&quot;_animation_delay&quot;:100}\" data-widget_type=\"heading.default\">\n\t\t\t\t\t<h2 class=\"elementor-heading-title elementor-size-default\">Pol\u00edtica de privacidad<\/h2>\t\t\t\t<\/div>\n\t\t\t\t\t<\/div>\n\t\t\t\t<\/div>\n\t\t<div class=\"elementor-element elementor-element-490bf57 e-flex e-con-boxed e-con e-parent\" data-id=\"490bf57\" data-element_type=\"container\" data-e-type=\"container\" data-settings=\"{&quot;_ha_eqh_enable&quot;:false}\">\n\t\t\t\t\t<div class=\"e-con-inner\">\n\t\t\t\t<div class=\"elementor-element elementor-element-db0f90e elementor-widget elementor-widget-text-editor\" data-id=\"db0f90e\" data-element_type=\"widget\" data-e-type=\"widget\" data-widget_type=\"text-editor.default\">\n\t\t\t\t\t\t\t\t\t<i>Informaci\u00f3n de conformidad con el art\u00edculo 13 del Reglamento (UE) 2016\/679  <\/i>\n<h3>Por qu\u00e9 esta informaci\u00f3n<\/h3>\nDe conformidad con el Reglamento (UE) 2016\/679 (en lo sucesivo, el \u00abReglamento\u00bb), esta p\u00e1gina describe las modalidades de tratamiento de los datos personales de los usuarios que consultan el sitio web de Holmac S.a.s., accesible por v\u00eda electr\u00f3nica en https:\/\/holmac.com (en lo sucesivo, el \u00abSitio\u00bb).\n\nEsta informaci\u00f3n no se refiere a otros sitios, p\u00e1ginas o servicios en l\u00ednea a los que se pueda acceder a trav\u00e9s de enlaces de hipertexto que puedan publicarse en el Sitio, pero que remitan a recursos ajenos al dominio <a href=\"https:\/\/holmac.com\/es\/\">https:\/\/holmac.com<\/a>.\n\nEsta pol\u00edtica de privacidad de Holmac S.a.s. (la \u00abPol\u00edtica de Privacidad\u00bb) se aplica exclusivamente a las actividades en l\u00ednea del Sitio y es v\u00e1lida para los visitantes y usuarios del Sitio. No se aplica a la informaci\u00f3n recopilada a trav\u00e9s de canales distintos del Sitio.\n\nEl objetivo de la Pol\u00edtica de Privacidad es proporcionar la m\u00e1xima transparencia en relaci\u00f3n con la informaci\u00f3n que el Sitio recoge y c\u00f3mo la utiliza.\n\nCuando el Sitio requiera el suministro de datos, el suministro y, por lo tanto, el consentimiento para la recopilaci\u00f3n y el tratamiento de los mismos es opcional, el usuario puede negar su consentimiento, y puede revocar el consentimiento ya proporcionado en cualquier momento (escribiendo a Holmac S.a.s. utilizando las direcciones que figuran en la secci\u00f3n \u00abContactos\u00bb del Sitio). No obstante, la denegaci\u00f3n del consentimiento, incluso mediante la desactivaci\u00f3n de las cookies, puede dar lugar a la imposibilidad de prestar determinados servicios y su experiencia de navegaci\u00f3n en el Sitio puede verse perjudicada.\n<h3><span style=\"font-weight: normal;\">Controlador de datos<\/span><\/h3>\nEl responsable del tratamiento de los datos es Holmac S.a.s., con domicilio social en Via Canada n. 13, 35127 Padua, en la persona de su representante legal <em>pro tempore<\/em>. \n<h3>Responsable de protecci\u00f3n de datos<\/h3>\nPuede ponerse en contacto con el responsable de la protecci\u00f3n de datos (RPD) de la empresa en la direcci\u00f3n que figura en la secci\u00f3n \u00abContacto\u00bb del sitio web.\n<h3><span style=\"font-weight: normal;\">Base jur\u00eddica del tratamiento <\/span><\/h3>\nLos datos personales recogidos se tratan exclusivamente para fines relacionados con el ejercicio de la actividad t\u00edpica de Holmac S.a.s. La base jur\u00eddica del tratamiento se encuentra en el Reglamento.\n<h3>Tipos de datos tratados<\/h3>\n<h6><em>\nDatos de navegaci\u00f3n <\/em><\/h6>\nLos sistemas inform\u00e1ticos y los procedimientos de software utilizados para hacer funcionar el Sitio adquieren, en el curso de su funcionamiento normal, determinados datos personales cuya transmisi\u00f3n est\u00e1 impl\u00edcita en el uso de los protocolos de comunicaci\u00f3n de Internet.\n\nEsta categor\u00eda de datos incluye las direcciones IP o los nombres de dominio de los ordenadores y terminales utilizados por los usuarios, las direcciones de notaci\u00f3n URI\/URL (Uniform Resource Identifier\/Locator) de los recursos solicitados, la hora de la solicitud, el m\u00e9todo utilizado para enviar la solicitud al servidor, el tama\u00f1o del archivo obtenido como respuesta, el c\u00f3digo num\u00e9rico que indica el estado de la respuesta dada por el servidor (correcto, error, etc.) y otros par\u00e1metros relativos al sistema operativo y al entorno inform\u00e1tico del usuario.\n\nDichos datos, necesarios para el uso del Sitio y de los servicios que ofrece, tambi\u00e9n podr\u00e1n ser tratados con la finalidad de:\n<ul>\n \t<li>obtener informaci\u00f3n estad\u00edstica sobre la utilizaci\u00f3n de los servicios o las preferencias de los usuarios con respecto a los coches y veh\u00edculos promocionados a trav\u00e9s del Sitio (p\u00e1ginas m\u00e1s visitadas, n\u00famero de visitantes por franja horaria o d\u00eda, zonas geogr\u00e1ficas de procedencia, tipo de veh\u00edculos en los que se centra la atenci\u00f3n, etc.);<\/li>\n \t<li>controlar el buen funcionamiento de los servicios ofrecidos.<\/li>\n<\/ul>\nLos datos de navegaci\u00f3n no persisten y se suprimen una vez agregados (salvo en caso de investigaci\u00f3n penal por parte de las autoridades judiciales).\n\nEsta informaci\u00f3n se procesa autom\u00e1ticamente y se recopila de forma agregada \u00fanicamente con el fin de verificar el correcto funcionamiento del sitio y por motivos de seguridad.\n\nPor motivos de seguridad (filtros antispam, cortafuegos, detecci\u00f3n de virus), los datos registrados autom\u00e1ticamente pueden incluir tambi\u00e9n datos personales como la direcci\u00f3n IP, que podr\u00eda utilizarse, de conformidad con la legislaci\u00f3n vigente en la materia, para bloquear intentos de da\u00f1ar el propio Sitio o de causar da\u00f1os a otros usuarios, o en cualquier caso actividades perjudiciales o delictivas. Estos datos nunca se utilizan para la identificaci\u00f3n del usuario o la elaboraci\u00f3n de perfiles, sino \u00fanicamente para la protecci\u00f3n del Sitio y de sus usuarios.\n<h6><em>Datos comunicados por el usuario<\/em><\/h6>\nEl env\u00edo facultativo, expl\u00edcito y voluntario de mensajes a las direcciones de contacto del Sitio, as\u00ed como la cumplimentaci\u00f3n y el reenv\u00edo de eventuales formularios o la cumplimentaci\u00f3n de formularios de contacto, conllevan la adquisici\u00f3n de los datos de contacto del remitente necesarios para responder, as\u00ed como de todos los datos personales incluidos en las propias comunicaciones, y su suministro implica el consentimiento a su tratamiento para las finalidades aqu\u00ed indicadas.\n<h6><em>Cookies y otros sistemas de seguimiento<\/em><\/h6>\nPara m\u00e1s detalles sobre el uso de cookies, consulte el aviso correspondiente aqu\u00ed: <a href=\"https:\/\/holmac.com\/es\/cookie-policy-ue\/\">https:\/\/holmac.com\/es\/cookie-policy-ue\/<\/a>\n<h3>Finalidad del tratamiento<\/h3>\nLos datos ser\u00e1n tratados para fines institucionales, relacionados e instrumentales con la actividad t\u00edpica de Holmac S.a.s. y en particular:\n<ol>\n \t<li>para fines estrictamente relacionados con la gesti\u00f3n de la relaci\u00f3n contractual, cuyo tratamiento es necesario para la ejecuci\u00f3n del contrato en el que el interesado es parte (art. 6 letra b) del GDPR) y la persecuci\u00f3n del inter\u00e9s de Holmac S.a.s. en llevar a cabo su actividad econ\u00f3mica (art. 6 letra f) del GDPR);<\/li>\n \t<li>para el cumplimiento de obligaciones legales a las que est\u00e9 sujeto el responsable del tratamiento (art. 6(c) GDPR);<\/li>\n \t<li>comunicar y\/o enviar, tambi\u00e9n por medios automatizados, boletines informativos e informaci\u00f3n sobre las actividades y productos de Holmac S.a.s. (art. 6 letra a) del GDPR) (fines de marketing directo);<\/li>\n \t<li>identificar, incluso mediante tratamiento electr\u00f3nico, los h\u00e1bitos y propensiones de los consumidores, para satisfacer necesidades espec\u00edficas de los usuarios proponiendo nuevos servicios y productos (Art. 6(a) GDPR);<\/li>\n \t<li>difundir, en eventos promocionales y ferias, en los canales de comunicaci\u00f3n de Holmac S.a.s. las im\u00e1genes de los participantes recogidas en los mismos mediante fotograf\u00edas y\/o pel\u00edculas;<\/li>\n<\/ol>\n<h3>Lugar de transformaci\u00f3n<\/h3>\nLos datos recogidos por el sitio se procesan en los locales del responsable del tratamiento y en el centro de datos de alojamiento web, que se encuentra en la Uni\u00f3n Europea y act\u00faa de conformidad con las normas europeas.\n<h3>Medidas de seguridad<\/h3>\nEl Sitio procesa los datos de los usuarios de forma legal y justa, adoptando las medidas de seguridad adecuadas para evitar el acceso, la divulgaci\u00f3n, la modificaci\u00f3n o la destrucci\u00f3n no autorizados de los datos.\n\nEl tratamiento se realiza mediante herramientas inform\u00e1ticas y\/o telem\u00e1ticas, con m\u00e9todos organizativos y l\u00f3gicos estrictamente relacionados con los fines indicados.\n\nAdem\u00e1s del Responsable del tratamiento, en algunos casos, pueden tener acceso a los datos categor\u00edas de personas encargadas de la organizaci\u00f3n del Sitio y de Holmac S.a.s. (como personal administrativo y comercial, personal de marketing, administradores de sistemas) o sujetos externos (como proveedores de servicios t\u00e9cnicos externos, mensajeros postales, proveedores de hosting, empresas inform\u00e1ticas, agencias de comunicaci\u00f3n).\n<h3>Derechos de los usuarios<\/h3>\nDe conformidad con el Reglamento y la legislaci\u00f3n nacional, el usuario podr\u00e1 ejercer, en la forma y dentro de los l\u00edmites previstos por la legislaci\u00f3n vigente, los siguientes derechos:\n<ul>\n \t<li>solicitar la confirmaci\u00f3n de la existencia de datos personales que le conciernan (derecho de acceso);<\/li>\n \t<li>conocer su origen;<\/li>\n \t<li>recibir una comunicaci\u00f3n inteligible;<\/li>\n \t<li>obtener informaci\u00f3n sobre la l\u00f3gica, los m\u00e9todos y los fines del tratamiento;<\/li>\n \t<li>solicitar la actualizaci\u00f3n, rectificaci\u00f3n, integraci\u00f3n, supresi\u00f3n, transformaci\u00f3n en forma an\u00f3nima y bloqueo de los datos tratados en violaci\u00f3n de la ley, incluidos aquellos que ya no sean necesarios para los fines para los que fueron recogidos;<\/li>\n \t<li>en los casos de tratamiento basado en el consentimiento, recibir, con cargo exclusivo a cualquier soporte, sus datos facilitados al responsable del tratamiento, de forma estructurada, legible por m\u00e1quina y en un formato com\u00fanmente utilizado por un dispositivo electr\u00f3nico;<\/li>\n \t<li>derecho a presentar una reclamaci\u00f3n ante la autoridad de control (garanteprivacy.it);<\/li>\n \t<li>as\u00ed como, en general, a ejercer todos los derechos que le reconocen las disposiciones legales aplicables.<\/li>\n<\/ul>\nLas solicitudes deben dirigirse al responsable del tratamiento a las direcciones indicadas en la secci\u00f3n \u00abContacto\u00bb del sitio.\n\nCuando los datos se traten sobre la base del <strong>intereses leg\u00edtimos<\/strong> Los derechos del interesado al tratamiento est\u00e1n en todo caso garantizados (salvo el derecho a la portabilidad, que no est\u00e1 previsto en la normativa), en particular el derecho a oponerse al tratamiento, que podr\u00e1 ejercerse enviando una solicitud al responsable del tratamiento.\n<h3>Derecho a reclamar<\/h3>\nLos interesados que consideren que el tratamiento de los datos personales que les conciernen efectuado a trav\u00e9s de este Sitio infringe las disposiciones del Reglamento tienen derecho a presentar una reclamaci\u00f3n ante el Garante della Privacy (<a href=\"https:\/\/www.google.com\/url?sa=t&amp;source=web&amp;rct=j&amp;opi=89978449&amp;url=https:\/\/www.garanteprivacy.it\/home\/diritti\/come-agire-per-tutelare-i-tuoi-dati-personali&amp;ved=2ahUKEwi2qdD74ceGAxX3_7sIHT0RB_8QFnoECB0QAQ&amp;usg=AOvVaw2ixjp6c78ql8r1GPvZ08_G\">www.garanteprivacy.it<\/a>), seg\u00fan lo dispuesto en el Art. 77 del propio Reglamento, o a emprender las acciones legales pertinentes (art. 79 del Reglamento).\t\t\t\t\t\t\t\t<\/div>\n\t\t\t\t\t<\/div>\n\t\t\t\t<\/div>\n\t\t\t\t<\/div>\n\t\t","protected":false},"excerpt":{"rendered":"<p>Informaci\u00f3n de conformidad con el art\u00edculo 13 del Reglamento (UE) 2016\/679 Por qu\u00e9 esta informaci\u00f3n De conformidad con el Reglamento [&hellip;]<\/p>\n","protected":false},"author":1,"featured_media":0,"parent":0,"menu_order":48,"comment_status":"closed","ping_status":"closed","template":"elementor_header_footer","meta":{"_acf_changed":false,"_mo_disable_npp":"","site-sidebar-layout":"default","site-content-layout":"","ast-site-content-layout":"default","site-content-style":"default","site-sidebar-style":"default","ast-global-header-display":"","ast-banner-title-visibility":"","ast-main-header-display":"","ast-hfb-above-header-display":"","ast-hfb-below-header-display":"","ast-hfb-mobile-header-display":"","site-post-title":"","ast-breadcrumbs-content":"","ast-featured-img":"","footer-sml-layout":"","ast-disable-related-posts":"","theme-transparent-header-meta":"","adv-header-id-meta":"","stick-header-meta":"","header-above-stick-meta":"","header-main-stick-meta":"","header-below-stick-meta":"","astra-migrate-meta-layouts":"default","ast-page-background-enabled":"default","ast-page-background-meta":{"desktop":{"background-color":"var(--ast-global-color-4)","background-image":"","background-repeat":"repeat","background-position":"center center","background-size":"auto","background-attachment":"scroll","background-type":"","background-media":"","overlay-type":"","overlay-color":"","overlay-opacity":"","overlay-gradient":""},"tablet":{"background-color":"","background-image":"","background-repeat":"repeat","background-position":"center center","background-size":"auto","background-attachment":"scroll","background-type":"","background-media":"","overlay-type":"","overlay-color":"","overlay-opacity":"","overlay-gradient":""},"mobile":{"background-color":"","background-image":"","background-repeat":"repeat","background-position":"center center","background-size":"auto","background-attachment":"scroll","background-type":"","background-media":"","overlay-type":"","overlay-color":"","overlay-opacity":"","overlay-gradient":""}},"ast-content-background-meta":{"desktop":{"background-color":"var(--ast-global-color-5)","background-image":"","background-repeat":"repeat","background-position":"center center","background-size":"auto","background-attachment":"scroll","background-type":"","background-media":"","overlay-type":"","overlay-color":"","overlay-opacity":"","overlay-gradient":""},"tablet":{"background-color":"var(--ast-global-color-5)","background-image":"","background-repeat":"repeat","background-position":"center center","background-size":"auto","background-attachment":"scroll","background-type":"","background-media":"","overlay-type":"","overlay-color":"","overlay-opacity":"","overlay-gradient":""},"mobile":{"background-color":"var(--ast-global-color-5)","background-image":"","background-repeat":"repeat","background-position":"center center","background-size":"auto","background-attachment":"scroll","background-type":"","background-media":"","overlay-type":"","overlay-color":"","overlay-opacity":"","overlay-gradient":""}},"footnotes":""},"class_list":["post-7357","page","type-page","status-publish","hentry"],"acf":[],"yoast_head":"<!-- This site is optimized with the Yoast SEO plugin v27.4 - https:\/\/yoast.com\/product\/yoast-seo-wordpress\/ -->\n<title>Pol\u00edtica de privacidad - Holmac di Gastaldi Christian &amp; Figli SRL<\/title>\n<meta name=\"robots\" content=\"index, follow, max-snippet:-1, max-image-preview:large, max-video-preview:-1\" \/>\n<link rel=\"canonical\" href=\"https:\/\/holmac.com\/es\/politica-de-privacidad\/\" \/>\n<meta property=\"og:locale\" content=\"es_ES\" \/>\n<meta property=\"og:type\" content=\"article\" \/>\n<meta property=\"og:title\" content=\"Pol\u00edtica de privacidad - Holmac di Gastaldi Christian &amp; Figli SRL\" \/>\n<meta property=\"og:description\" content=\"Informaci\u00f3n de conformidad con el art\u00edculo 13 del Reglamento (UE) 2016\/679 Por qu\u00e9 esta informaci\u00f3n De conformidad con el Reglamento [&hellip;]\" \/>\n<meta property=\"og:url\" content=\"https:\/\/holmac.com\/es\/politica-de-privacidad\/\" \/>\n<meta property=\"og:site_name\" content=\"Holmac di Gastaldi Christian &amp; Figli SRL\" \/>\n<meta property=\"article:publisher\" content=\"https:\/\/www.facebook.com\/HOLMAC-143398409180653\/\" \/>\n<meta property=\"article:modified_time\" content=\"2024-06-07T14:42:45+00:00\" \/>\n<meta name=\"twitter:card\" content=\"summary_large_image\" \/>\n<meta name=\"twitter:label1\" content=\"Tiempo de lectura\" \/>\n\t<meta name=\"twitter:data1\" content=\"8 minutos\" \/>\n<script type=\"application\/ld+json\" class=\"yoast-schema-graph\">{\"@context\":\"https:\\\/\\\/schema.org\",\"@graph\":[{\"@type\":\"WebPage\",\"@id\":\"https:\\\/\\\/holmac.com\\\/es\\\/politica-de-privacidad\\\/\",\"url\":\"https:\\\/\\\/holmac.com\\\/es\\\/politica-de-privacidad\\\/\",\"name\":\"Pol\u00edtica de privacidad - Holmac di Gastaldi Christian &amp; Figli SRL\",\"isPartOf\":{\"@id\":\"https:\\\/\\\/holmac.com\\\/es\\\/#website\"},\"datePublished\":\"2024-06-07T14:42:44+00:00\",\"dateModified\":\"2024-06-07T14:42:45+00:00\",\"breadcrumb\":{\"@id\":\"https:\\\/\\\/holmac.com\\\/es\\\/politica-de-privacidad\\\/#breadcrumb\"},\"inLanguage\":\"es\",\"potentialAction\":[{\"@type\":\"ReadAction\",\"target\":[\"https:\\\/\\\/holmac.com\\\/es\\\/politica-de-privacidad\\\/\"]}]},{\"@type\":\"BreadcrumbList\",\"@id\":\"https:\\\/\\\/holmac.com\\\/es\\\/politica-de-privacidad\\\/#breadcrumb\",\"itemListElement\":[{\"@type\":\"ListItem\",\"position\":1,\"name\":\"Home\",\"item\":\"https:\\\/\\\/holmac.com\\\/es\\\/holmac\\\/\"},{\"@type\":\"ListItem\",\"position\":2,\"name\":\"Pol\u00edtica de privacidad\"}]},{\"@type\":\"WebSite\",\"@id\":\"https:\\\/\\\/holmac.com\\\/es\\\/#website\",\"url\":\"https:\\\/\\\/holmac.com\\\/es\\\/\",\"name\":\"HOLMAC sas di Gastaldi Niccol\u00f2 & C.\",\"description\":\"since 1969\",\"publisher\":{\"@id\":\"https:\\\/\\\/holmac.com\\\/es\\\/#organization\"},\"alternateName\":\"HOLMAC\",\"potentialAction\":[{\"@type\":\"SearchAction\",\"target\":{\"@type\":\"EntryPoint\",\"urlTemplate\":\"https:\\\/\\\/holmac.com\\\/es\\\/?s={search_term_string}\"},\"query-input\":{\"@type\":\"PropertyValueSpecification\",\"valueRequired\":true,\"valueName\":\"search_term_string\"}}],\"inLanguage\":\"es\"},{\"@type\":\"Organization\",\"@id\":\"https:\\\/\\\/holmac.com\\\/es\\\/#organization\",\"name\":\"HOLMAC sas di Gastaldi Niccol\u00f2 & C.\",\"url\":\"https:\\\/\\\/holmac.com\\\/es\\\/\",\"logo\":{\"@type\":\"ImageObject\",\"inLanguage\":\"es\",\"@id\":\"https:\\\/\\\/holmac.com\\\/es\\\/#\\\/schema\\\/logo\\\/image\\\/\",\"url\":\"https:\\\/\\\/holmac.com\\\/wp-content\\\/uploads\\\/2024\\\/04\\\/logo-holmac-full.svg\",\"contentUrl\":\"https:\\\/\\\/holmac.com\\\/wp-content\\\/uploads\\\/2024\\\/04\\\/logo-holmac-full.svg\",\"caption\":\"HOLMAC sas di Gastaldi Niccol\u00f2 & C.\"},\"image\":{\"@id\":\"https:\\\/\\\/holmac.com\\\/es\\\/#\\\/schema\\\/logo\\\/image\\\/\"},\"sameAs\":[\"https:\\\/\\\/www.facebook.com\\\/HOLMAC-143398409180653\\\/\",\"https:\\\/\\\/www.instagram.com\\\/holmac_official\\\/\",\"https:\\\/\\\/www.youtube.com\\\/channel\\\/UCyTkusnUyzkvOnuJgEEh-1Q\\\/featured\",\"https:\\\/\\\/www.linkedin.com\\\/company\\\/holmac-sas-official\\\/about\\\/\"]}]}<\/script>\n<!-- \/ Yoast SEO plugin. -->","yoast_head_json":{"title":"Pol\u00edtica de privacidad - Holmac di Gastaldi Christian &amp; Figli SRL","robots":{"index":"index","follow":"follow","max-snippet":"max-snippet:-1","max-image-preview":"max-image-preview:large","max-video-preview":"max-video-preview:-1"},"canonical":"https:\/\/holmac.com\/es\/politica-de-privacidad\/","og_locale":"es_ES","og_type":"article","og_title":"Pol\u00edtica de privacidad - Holmac di Gastaldi Christian &amp; Figli SRL","og_description":"Informaci\u00f3n de conformidad con el art\u00edculo 13 del Reglamento (UE) 2016\/679 Por qu\u00e9 esta informaci\u00f3n De conformidad con el Reglamento [&hellip;]","og_url":"https:\/\/holmac.com\/es\/politica-de-privacidad\/","og_site_name":"Holmac di Gastaldi Christian &amp; Figli SRL","article_publisher":"https:\/\/www.facebook.com\/HOLMAC-143398409180653\/","article_modified_time":"2024-06-07T14:42:45+00:00","twitter_card":"summary_large_image","twitter_misc":{"Tiempo de lectura":"8 minutos"},"schema":{"@context":"https:\/\/schema.org","@graph":[{"@type":"WebPage","@id":"https:\/\/holmac.com\/es\/politica-de-privacidad\/","url":"https:\/\/holmac.com\/es\/politica-de-privacidad\/","name":"Pol\u00edtica de privacidad - Holmac di Gastaldi Christian &amp; Figli SRL","isPartOf":{"@id":"https:\/\/holmac.com\/es\/#website"},"datePublished":"2024-06-07T14:42:44+00:00","dateModified":"2024-06-07T14:42:45+00:00","breadcrumb":{"@id":"https:\/\/holmac.com\/es\/politica-de-privacidad\/#breadcrumb"},"inLanguage":"es","potentialAction":[{"@type":"ReadAction","target":["https:\/\/holmac.com\/es\/politica-de-privacidad\/"]}]},{"@type":"BreadcrumbList","@id":"https:\/\/holmac.com\/es\/politica-de-privacidad\/#breadcrumb","itemListElement":[{"@type":"ListItem","position":1,"name":"Home","item":"https:\/\/holmac.com\/es\/holmac\/"},{"@type":"ListItem","position":2,"name":"Pol\u00edtica de privacidad"}]},{"@type":"WebSite","@id":"https:\/\/holmac.com\/es\/#website","url":"https:\/\/holmac.com\/es\/","name":"HOLMAC sas di Gastaldi Niccol\u00f2 & C.","description":"since 1969","publisher":{"@id":"https:\/\/holmac.com\/es\/#organization"},"alternateName":"HOLMAC","potentialAction":[{"@type":"SearchAction","target":{"@type":"EntryPoint","urlTemplate":"https:\/\/holmac.com\/es\/?s={search_term_string}"},"query-input":{"@type":"PropertyValueSpecification","valueRequired":true,"valueName":"search_term_string"}}],"inLanguage":"es"},{"@type":"Organization","@id":"https:\/\/holmac.com\/es\/#organization","name":"HOLMAC sas di Gastaldi Niccol\u00f2 & C.","url":"https:\/\/holmac.com\/es\/","logo":{"@type":"ImageObject","inLanguage":"es","@id":"https:\/\/holmac.com\/es\/#\/schema\/logo\/image\/","url":"https:\/\/holmac.com\/wp-content\/uploads\/2024\/04\/logo-holmac-full.svg","contentUrl":"https:\/\/holmac.com\/wp-content\/uploads\/2024\/04\/logo-holmac-full.svg","caption":"HOLMAC sas di Gastaldi Niccol\u00f2 & C."},"image":{"@id":"https:\/\/holmac.com\/es\/#\/schema\/logo\/image\/"},"sameAs":["https:\/\/www.facebook.com\/HOLMAC-143398409180653\/","https:\/\/www.instagram.com\/holmac_official\/","https:\/\/www.youtube.com\/channel\/UCyTkusnUyzkvOnuJgEEh-1Q\/featured","https:\/\/www.linkedin.com\/company\/holmac-sas-official\/about\/"]}]}},"_links":{"self":[{"href":"https:\/\/holmac.com\/es\/wp-json\/wp\/v2\/pages\/7357","targetHints":{"allow":["GET"]}}],"collection":[{"href":"https:\/\/holmac.com\/es\/wp-json\/wp\/v2\/pages"}],"about":[{"href":"https:\/\/holmac.com\/es\/wp-json\/wp\/v2\/types\/page"}],"author":[{"embeddable":true,"href":"https:\/\/holmac.com\/es\/wp-json\/wp\/v2\/users\/1"}],"replies":[{"embeddable":true,"href":"https:\/\/holmac.com\/es\/wp-json\/wp\/v2\/comments?post=7357"}],"version-history":[{"count":1,"href":"https:\/\/holmac.com\/es\/wp-json\/wp\/v2\/pages\/7357\/revisions"}],"predecessor-version":[{"id":7358,"href":"https:\/\/holmac.com\/es\/wp-json\/wp\/v2\/pages\/7357\/revisions\/7358"}],"wp:attachment":[{"href":"https:\/\/holmac.com\/es\/wp-json\/wp\/v2\/media?parent=7357"}],"curies":[{"name":"wp","href":"https:\/\/api.w.org\/{rel}","templated":true}]}}