{"id":6538,"date":"2021-04-01T11:05:44","date_gmt":"2024-05-28T15:09:57","guid":{"rendered":"https:\/\/holmac.com\/catalogo-prodotti\/unkategorisiert\/hzc-24\/"},"modified":"2024-08-28T17:25:51","modified_gmt":"2024-08-28T15:25:51","slug":"hzc-24","status":"publish","type":"product","link":"https:\/\/holmac.com\/de\/catalogo-prodotti\/ballenschneider\/hzc-24\/","title":{"rendered":"HZC 24"},"content":{"rendered":"<p>Die HZC 24 ist die Maschine, die geeignet f\u00fcr kleinen Baumschulen ist, da sie erlaubt, Pflanzen mit Ballen mit Durchmesser von 25 bis 80 cm auszugraben, aber die Vibrationsfrequenz ist perfekt am meistens f\u00fcr Pflanzen mit Ballen mit Durchmesser von 25 bis 50 cm. Das bedeutet eine ganz h\u00f6he Produktionsf\u00e4higkeit, da der Arbeiter bis mehr als 200 Pflanzen pro Stunde ausgraben kann.<\/p>\n","protected":false},"excerpt":{"rendered":"<p>Die HZC 24 ist die Maschine, die geeignet f\u00fcr kleinen Baumschulen ist, da sie erlaubt, Pflanzen mit Ballen mit Durchmesser [&hellip;]<\/p>\n","protected":false},"featured_media":5934,"template":"","meta":{"_acf_changed":false,"_mo_disable_npp":"","site-sidebar-layout":"default","site-content-layout":"","ast-site-content-layout":"default","site-content-style":"default","site-sidebar-style":"default","ast-global-header-display":"","ast-banner-title-visibility":"","ast-main-header-display":"","ast-hfb-above-header-display":"","ast-hfb-below-header-display":"","ast-hfb-mobile-header-display":"","site-post-title":"","ast-breadcrumbs-content":"","ast-featured-img":"","footer-sml-layout":"","ast-disable-related-posts":"","theme-transparent-header-meta":"default","adv-header-id-meta":"","stick-header-meta":"","header-above-stick-meta":"","header-main-stick-meta":"","header-below-stick-meta":"","astra-migrate-meta-layouts":"set","ast-page-background-enabled":"default","ast-page-background-meta":{"desktop":{"background-color":"var(--ast-global-color-4)","background-image":"","background-repeat":"repeat","background-position":"center center","background-size":"auto","background-attachment":"scroll","background-type":"","background-media":"","overlay-type":"","overlay-color":"","overlay-opacity":"","overlay-gradient":""},"tablet":{"background-color":"","background-image":"","background-repeat":"repeat","background-position":"center center","background-size":"auto","background-attachment":"scroll","background-type":"","background-media":"","overlay-type":"","overlay-color":"","overlay-opacity":"","overlay-gradient":""},"mobile":{"background-color":"","background-image":"","background-repeat":"repeat","background-position":"center center","background-size":"auto","background-attachment":"scroll","background-type":"","background-media":"","overlay-type":"","overlay-color":"","overlay-opacity":"","overlay-gradient":""}},"ast-content-background-meta":{"desktop":{"background-color":"var(--ast-global-color-5)","background-image":"","background-repeat":"repeat","background-position":"center center","background-size":"auto","background-attachment":"scroll","background-type":"","background-media":"","overlay-type":"","overlay-color":"","overlay-opacity":"","overlay-gradient":""},"tablet":{"background-color":"var(--ast-global-color-5)","background-image":"","background-repeat":"repeat","background-position":"center center","background-size":"auto","background-attachment":"scroll","background-type":"","background-media":"","overlay-type":"","overlay-color":"","overlay-opacity":"","overlay-gradient":""},"mobile":{"background-color":"var(--ast-global-color-5)","background-image":"","background-repeat":"repeat","background-position":"center center","background-size":"auto","background-attachment":"scroll","background-type":"","background-media":"","overlay-type":"","overlay-color":"","overlay-opacity":"","overlay-gradient":""}}},"product_brand":[],"product_cat":[161],"product_tag":[],"class_list":{"0":"post-6538","1":"product","2":"type-product","3":"status-publish","4":"has-post-thumbnail","6":"product_cat-ballenschneider","7":"desktop-align-left","8":"tablet-align-left","9":"mobile-align-left","11":"first","12":"instock","13":"shipping-taxable","14":"purchasable","15":"product-type-woosg"},"acf":[],"yoast_head":"<!-- This site is optimized with the Yoast SEO plugin v27.4 - https:\/\/yoast.com\/product\/yoast-seo-wordpress\/ -->\n<title>HZC 24 - Holmac di Gastaldi Christian &amp; Figli SRL<\/title>\n<meta name=\"robots\" content=\"index, follow, max-snippet:-1, max-image-preview:large, max-video-preview:-1\" \/>\n<link rel=\"canonical\" href=\"https:\/\/holmac.com\/de\/catalogo-prodotti\/ballenschneider\/hzc-24\/\" \/>\n<meta property=\"og:locale\" content=\"de_DE\" \/>\n<meta property=\"og:type\" content=\"article\" \/>\n<meta property=\"og:title\" content=\"HZC 24 - Holmac di Gastaldi Christian &amp; Figli SRL\" \/>\n<meta property=\"og:description\" content=\"Die HZC 24 ist die Maschine, die geeignet f\u00fcr kleinen Baumschulen ist, da sie erlaubt, Pflanzen mit Ballen mit Durchmesser [&hellip;]\" \/>\n<meta property=\"og:url\" content=\"https:\/\/holmac.com\/de\/catalogo-prodotti\/ballenschneider\/hzc-24\/\" \/>\n<meta property=\"og:site_name\" content=\"Holmac di Gastaldi Christian &amp; Figli SRL\" \/>\n<meta property=\"article:publisher\" content=\"https:\/\/www.facebook.com\/HOLMAC-143398409180653\/\" \/>\n<meta property=\"article:modified_time\" content=\"2024-08-28T15:25:51+00:00\" \/>\n<meta property=\"og:image\" content=\"https:\/\/holmac.com\/wp-content\/uploads\/2021\/04\/HZC24-25_side_white.png\" \/>\n\t<meta property=\"og:image:width\" content=\"822\" \/>\n\t<meta property=\"og:image:height\" content=\"595\" \/>\n\t<meta property=\"og:image:type\" content=\"image\/png\" \/>\n<meta name=\"twitter:card\" content=\"summary_large_image\" \/>\n<meta name=\"twitter:label1\" content=\"Gesch\u00e4tzte Lesezeit\" \/>\n\t<meta name=\"twitter:data1\" content=\"1\u00a0Minute\" \/>\n<script type=\"application\/ld+json\" class=\"yoast-schema-graph\">{\"@context\":\"https:\\\/\\\/schema.org\",\"@graph\":[{\"@type\":\"WebPage\",\"@id\":\"https:\\\/\\\/holmac.com\\\/de\\\/catalogo-prodotti\\\/ballenschneider\\\/hzc-24\\\/\",\"url\":\"https:\\\/\\\/holmac.com\\\/de\\\/catalogo-prodotti\\\/ballenschneider\\\/hzc-24\\\/\",\"name\":\"HZC 24 - Holmac di Gastaldi Christian &amp; Figli SRL\",\"isPartOf\":{\"@id\":\"https:\\\/\\\/holmac.com\\\/de\\\/#website\"},\"primaryImageOfPage\":{\"@id\":\"https:\\\/\\\/holmac.com\\\/de\\\/catalogo-prodotti\\\/ballenschneider\\\/hzc-24\\\/#primaryimage\"},\"image\":{\"@id\":\"https:\\\/\\\/holmac.com\\\/de\\\/catalogo-prodotti\\\/ballenschneider\\\/hzc-24\\\/#primaryimage\"},\"thumbnailUrl\":\"https:\\\/\\\/holmac.com\\\/wp-content\\\/uploads\\\/2021\\\/04\\\/HZC24-25_side_white.png\",\"datePublished\":\"2024-05-28T15:09:57+00:00\",\"dateModified\":\"2024-08-28T15:25:51+00:00\",\"breadcrumb\":{\"@id\":\"https:\\\/\\\/holmac.com\\\/de\\\/catalogo-prodotti\\\/ballenschneider\\\/hzc-24\\\/#breadcrumb\"},\"inLanguage\":\"de\",\"potentialAction\":[{\"@type\":\"ReadAction\",\"target\":[\"https:\\\/\\\/holmac.com\\\/de\\\/catalogo-prodotti\\\/ballenschneider\\\/hzc-24\\\/\"]}]},{\"@type\":\"ImageObject\",\"inLanguage\":\"de\",\"@id\":\"https:\\\/\\\/holmac.com\\\/de\\\/catalogo-prodotti\\\/ballenschneider\\\/hzc-24\\\/#primaryimage\",\"url\":\"https:\\\/\\\/holmac.com\\\/wp-content\\\/uploads\\\/2021\\\/04\\\/HZC24-25_side_white.png\",\"contentUrl\":\"https:\\\/\\\/holmac.com\\\/wp-content\\\/uploads\\\/2021\\\/04\\\/HZC24-25_side_white.png\",\"width\":822,\"height\":595},{\"@type\":\"BreadcrumbList\",\"@id\":\"https:\\\/\\\/holmac.com\\\/de\\\/catalogo-prodotti\\\/ballenschneider\\\/hzc-24\\\/#breadcrumb\",\"itemListElement\":[{\"@type\":\"ListItem\",\"position\":1,\"name\":\"Home\",\"item\":\"https:\\\/\\\/holmac.com\\\/de\\\/holmac\\\/\"},{\"@type\":\"ListItem\",\"position\":2,\"name\":\"Produktkatalog\",\"item\":\"https:\\\/\\\/holmac.com\\\/de\\\/produktkatalog\\\/\"},{\"@type\":\"ListItem\",\"position\":3,\"name\":\"HZC 24\"}]},{\"@type\":\"WebSite\",\"@id\":\"https:\\\/\\\/holmac.com\\\/de\\\/#website\",\"url\":\"https:\\\/\\\/holmac.com\\\/de\\\/\",\"name\":\"HOLMAC sas di Gastaldi Niccol\u00f2 & C.\",\"description\":\"since 1969\",\"publisher\":{\"@id\":\"https:\\\/\\\/holmac.com\\\/de\\\/#organization\"},\"alternateName\":\"HOLMAC\",\"potentialAction\":[{\"@type\":\"SearchAction\",\"target\":{\"@type\":\"EntryPoint\",\"urlTemplate\":\"https:\\\/\\\/holmac.com\\\/de\\\/?s={search_term_string}\"},\"query-input\":{\"@type\":\"PropertyValueSpecification\",\"valueRequired\":true,\"valueName\":\"search_term_string\"}}],\"inLanguage\":\"de\"},{\"@type\":\"Organization\",\"@id\":\"https:\\\/\\\/holmac.com\\\/de\\\/#organization\",\"name\":\"HOLMAC sas di Gastaldi Niccol\u00f2 & C.\",\"url\":\"https:\\\/\\\/holmac.com\\\/de\\\/\",\"logo\":{\"@type\":\"ImageObject\",\"inLanguage\":\"de\",\"@id\":\"https:\\\/\\\/holmac.com\\\/de\\\/#\\\/schema\\\/logo\\\/image\\\/\",\"url\":\"https:\\\/\\\/holmac.com\\\/wp-content\\\/uploads\\\/2024\\\/04\\\/logo-holmac-full.svg\",\"contentUrl\":\"https:\\\/\\\/holmac.com\\\/wp-content\\\/uploads\\\/2024\\\/04\\\/logo-holmac-full.svg\",\"caption\":\"HOLMAC sas di Gastaldi Niccol\u00f2 & C.\"},\"image\":{\"@id\":\"https:\\\/\\\/holmac.com\\\/de\\\/#\\\/schema\\\/logo\\\/image\\\/\"},\"sameAs\":[\"https:\\\/\\\/www.facebook.com\\\/HOLMAC-143398409180653\\\/\",\"https:\\\/\\\/www.instagram.com\\\/holmac_official\\\/\",\"https:\\\/\\\/www.youtube.com\\\/channel\\\/UCyTkusnUyzkvOnuJgEEh-1Q\\\/featured\",\"https:\\\/\\\/www.linkedin.com\\\/company\\\/holmac-sas-official\\\/about\\\/\"]}]}<\/script>\n<!-- \/ Yoast SEO plugin. -->","yoast_head_json":{"title":"HZC 24 - Holmac di Gastaldi Christian &amp; Figli SRL","robots":{"index":"index","follow":"follow","max-snippet":"max-snippet:-1","max-image-preview":"max-image-preview:large","max-video-preview":"max-video-preview:-1"},"canonical":"https:\/\/holmac.com\/de\/catalogo-prodotti\/ballenschneider\/hzc-24\/","og_locale":"de_DE","og_type":"article","og_title":"HZC 24 - Holmac di Gastaldi Christian &amp; Figli SRL","og_description":"Die HZC 24 ist die Maschine, die geeignet f\u00fcr kleinen Baumschulen ist, da sie erlaubt, Pflanzen mit Ballen mit Durchmesser [&hellip;]","og_url":"https:\/\/holmac.com\/de\/catalogo-prodotti\/ballenschneider\/hzc-24\/","og_site_name":"Holmac di Gastaldi Christian &amp; Figli SRL","article_publisher":"https:\/\/www.facebook.com\/HOLMAC-143398409180653\/","article_modified_time":"2024-08-28T15:25:51+00:00","og_image":[{"width":822,"height":595,"url":"https:\/\/holmac.com\/wp-content\/uploads\/2021\/04\/HZC24-25_side_white.png","type":"image\/png"}],"twitter_card":"summary_large_image","twitter_misc":{"Gesch\u00e4tzte Lesezeit":"1\u00a0Minute"},"schema":{"@context":"https:\/\/schema.org","@graph":[{"@type":"WebPage","@id":"https:\/\/holmac.com\/de\/catalogo-prodotti\/ballenschneider\/hzc-24\/","url":"https:\/\/holmac.com\/de\/catalogo-prodotti\/ballenschneider\/hzc-24\/","name":"HZC 24 - Holmac di Gastaldi Christian &amp; Figli SRL","isPartOf":{"@id":"https:\/\/holmac.com\/de\/#website"},"primaryImageOfPage":{"@id":"https:\/\/holmac.com\/de\/catalogo-prodotti\/ballenschneider\/hzc-24\/#primaryimage"},"image":{"@id":"https:\/\/holmac.com\/de\/catalogo-prodotti\/ballenschneider\/hzc-24\/#primaryimage"},"thumbnailUrl":"https:\/\/holmac.com\/wp-content\/uploads\/2021\/04\/HZC24-25_side_white.png","datePublished":"2024-05-28T15:09:57+00:00","dateModified":"2024-08-28T15:25:51+00:00","breadcrumb":{"@id":"https:\/\/holmac.com\/de\/catalogo-prodotti\/ballenschneider\/hzc-24\/#breadcrumb"},"inLanguage":"de","potentialAction":[{"@type":"ReadAction","target":["https:\/\/holmac.com\/de\/catalogo-prodotti\/ballenschneider\/hzc-24\/"]}]},{"@type":"ImageObject","inLanguage":"de","@id":"https:\/\/holmac.com\/de\/catalogo-prodotti\/ballenschneider\/hzc-24\/#primaryimage","url":"https:\/\/holmac.com\/wp-content\/uploads\/2021\/04\/HZC24-25_side_white.png","contentUrl":"https:\/\/holmac.com\/wp-content\/uploads\/2021\/04\/HZC24-25_side_white.png","width":822,"height":595},{"@type":"BreadcrumbList","@id":"https:\/\/holmac.com\/de\/catalogo-prodotti\/ballenschneider\/hzc-24\/#breadcrumb","itemListElement":[{"@type":"ListItem","position":1,"name":"Home","item":"https:\/\/holmac.com\/de\/holmac\/"},{"@type":"ListItem","position":2,"name":"Produktkatalog","item":"https:\/\/holmac.com\/de\/produktkatalog\/"},{"@type":"ListItem","position":3,"name":"HZC 24"}]},{"@type":"WebSite","@id":"https:\/\/holmac.com\/de\/#website","url":"https:\/\/holmac.com\/de\/","name":"HOLMAC sas di Gastaldi Niccol\u00f2 & C.","description":"since 1969","publisher":{"@id":"https:\/\/holmac.com\/de\/#organization"},"alternateName":"HOLMAC","potentialAction":[{"@type":"SearchAction","target":{"@type":"EntryPoint","urlTemplate":"https:\/\/holmac.com\/de\/?s={search_term_string}"},"query-input":{"@type":"PropertyValueSpecification","valueRequired":true,"valueName":"search_term_string"}}],"inLanguage":"de"},{"@type":"Organization","@id":"https:\/\/holmac.com\/de\/#organization","name":"HOLMAC sas di Gastaldi Niccol\u00f2 & C.","url":"https:\/\/holmac.com\/de\/","logo":{"@type":"ImageObject","inLanguage":"de","@id":"https:\/\/holmac.com\/de\/#\/schema\/logo\/image\/","url":"https:\/\/holmac.com\/wp-content\/uploads\/2024\/04\/logo-holmac-full.svg","contentUrl":"https:\/\/holmac.com\/wp-content\/uploads\/2024\/04\/logo-holmac-full.svg","caption":"HOLMAC sas di Gastaldi Niccol\u00f2 & C."},"image":{"@id":"https:\/\/holmac.com\/de\/#\/schema\/logo\/image\/"},"sameAs":["https:\/\/www.facebook.com\/HOLMAC-143398409180653\/","https:\/\/www.instagram.com\/holmac_official\/","https:\/\/www.youtube.com\/channel\/UCyTkusnUyzkvOnuJgEEh-1Q\/featured","https:\/\/www.linkedin.com\/company\/holmac-sas-official\/about\/"]}]}},"_links":{"self":[{"href":"https:\/\/holmac.com\/de\/wp-json\/wp\/v2\/product\/6538","targetHints":{"allow":["GET"]}}],"collection":[{"href":"https:\/\/holmac.com\/de\/wp-json\/wp\/v2\/product"}],"about":[{"href":"https:\/\/holmac.com\/de\/wp-json\/wp\/v2\/types\/product"}],"wp:featuredmedia":[{"embeddable":true,"href":"https:\/\/holmac.com\/de\/wp-json\/wp\/v2\/media\/5934"}],"wp:attachment":[{"href":"https:\/\/holmac.com\/de\/wp-json\/wp\/v2\/media?parent=6538"}],"wp:term":[{"taxonomy":"product_brand","embeddable":true,"href":"https:\/\/holmac.com\/de\/wp-json\/wp\/v2\/product_brand?post=6538"},{"taxonomy":"product_cat","embeddable":true,"href":"https:\/\/holmac.com\/de\/wp-json\/wp\/v2\/product_cat?post=6538"},{"taxonomy":"product_tag","embeddable":true,"href":"https:\/\/holmac.com\/de\/wp-json\/wp\/v2\/product_tag?post=6538"}],"curies":[{"name":"wp","href":"https:\/\/api.w.org\/{rel}","templated":true}]}}