{"id":7355,"date":"2024-06-07T15:53:39","date_gmt":"2024-06-07T13:53:39","guid":{"rendered":"https:\/\/holmac.com\/datenschutzbestimmungen\/"},"modified":"2024-06-07T15:53:40","modified_gmt":"2024-06-07T13:53:40","slug":"datenschutzbestimmungen","status":"publish","type":"page","link":"https:\/\/holmac.com\/de\/datenschutzbestimmungen\/","title":{"rendered":"Datenschutzbestimmungen"},"content":{"rendered":"\t\t<div data-elementor-type=\"wp-page\" data-elementor-id=\"7355\" class=\"elementor elementor-7355 elementor-649\" data-elementor-settings=\"{&quot;ha_cmc_init_switcher&quot;:&quot;no&quot;}\" data-elementor-post-type=\"page\">\n\t\t\t\t<div class=\"elementor-element elementor-element-244a007 e-flex e-con-boxed e-con e-parent\" data-id=\"244a007\" data-element_type=\"container\" data-e-type=\"container\" data-settings=\"{&quot;_ha_eqh_enable&quot;:false}\">\n\t\t\t\t\t<div class=\"e-con-inner\">\n\t\t\t\t<div class=\"elementor-element elementor-element-122ade0 elementor-widget__width-inherit elementor-invisible elementor-widget elementor-widget-heading\" data-id=\"122ade0\" data-element_type=\"widget\" data-e-type=\"widget\" data-settings=\"{&quot;_animation&quot;:&quot;fadeIn&quot;,&quot;_animation_delay&quot;:100}\" data-widget_type=\"heading.default\">\n\t\t\t\t\t<h2 class=\"elementor-heading-title elementor-size-default\">Datenschutzbestimmungen<\/h2>\t\t\t\t<\/div>\n\t\t\t\t\t<\/div>\n\t\t\t\t<\/div>\n\t\t<div class=\"elementor-element elementor-element-490bf57 e-flex e-con-boxed e-con e-parent\" data-id=\"490bf57\" data-element_type=\"container\" data-e-type=\"container\" data-settings=\"{&quot;_ha_eqh_enable&quot;:false}\">\n\t\t\t\t\t<div class=\"e-con-inner\">\n\t\t\t\t<div class=\"elementor-element elementor-element-db0f90e elementor-widget elementor-widget-text-editor\" data-id=\"db0f90e\" data-element_type=\"widget\" data-e-type=\"widget\" data-widget_type=\"text-editor.default\">\n\t\t\t\t\t\t\t\t\t<i>Informationen gem\u00e4\u00df Artikel 13 der Verordnung (EU) 2016\/679  <\/i>\n<h3>Warum diese Informationen<\/h3>\nGem\u00e4\u00df der Verordnung (EU) 2016\/679 (im Folgenden &#8222;Verordnung&#8220;) werden auf dieser Seite die Modalit\u00e4ten der Verarbeitung der personenbezogenen Daten der Nutzer beschrieben, die die Website von Holmac S.a.s. besuchen, die elektronisch unter https:\/\/holmac.com (im Folgenden &#8222;Website&#8220;) zug\u00e4nglich ist.\n\nDiese Informationen beziehen sich nicht auf andere Websites, Seiten oder Online-Dienste, die \u00fcber Hypertext-Links erreicht werden k\u00f6nnen, die auf der Website ver\u00f6ffentlicht werden k\u00f6nnen, die aber auf Ressourcen au\u00dferhalb der Domain <a href=\"https:\/\/holmac.com\/de\/\">https:\/\/holmac.com verweisen<\/a>.\n\nDie vorliegende Datenschutzpolitik von Holmac S.a.s. (die &#8222;Datenschutzpolitik&#8220;) bezieht sich ausschlie\u00dflich auf die Online-Aktivit\u00e4ten der Website und gilt f\u00fcr Besucher und Nutzer der Website. Sie gilt nicht f\u00fcr Informationen, die \u00fcber andere Kan\u00e4le als die Website gesammelt werden.\n\nZweck der Datenschutzrichtlinie ist es, ein H\u00f6chstma\u00df an Transparenz hinsichtlich der von der Website gesammelten Informationen und deren Verwendung zu gew\u00e4hrleisten.\n\nWenn die Website die Angabe von Daten erfordert, ist die Angabe und somit die Zustimmung zur Erfassung und Verarbeitung derselben fakultativ, der Nutzer kann die Zustimmung verweigern und kann eine bereits erteilte Zustimmung jederzeit widerrufen (durch ein Schreiben an Holmac S.a.s. unter Verwendung der Adressen im Abschnitt &#8222;Kontakte&#8220; auf der Website). Die Verweigerung der Zustimmung, auch durch die Deaktivierung von Cookies, kann jedoch dazu f\u00fchren, dass bestimmte Dienste nicht angeboten werden k\u00f6nnen und Ihr Surferlebnis auf der Website beeintr\u00e4chtigt wird.\n<h3><span style=\"font-weight: normal;\">Verantwortlicher f\u00fcr die Datenverarbeitung<\/span><\/h3>\nDer Inhaber der Datenverarbeitung ist Holmac S.a.s., mit Sitz in Via Canada n. 13, 35127 Padua, in der Person seines gesetzlichen Vertreters <em>pro tempore<\/em>. \n<h3>Datenschutzbeauftragter<\/h3>\nDer Datenschutzbeauftragte (DSB) des Unternehmens ist unter der im Abschnitt &#8222;Kontakt&#8220; der Website angegebenen Adresse zu erreichen.\n<h3><span style=\"font-weight: normal;\">Rechtsgrundlage f\u00fcr die Verarbeitung <\/span><\/h3>\nDie erhobenen personenbezogenen Daten werden ausschlie\u00dflich zu Zwecken verarbeitet, die mit der Aus\u00fcbung der typischen T\u00e4tigkeit von Holmac S.a.s. zusammenh\u00e4ngen. Die Rechtsgrundlage f\u00fcr die Verarbeitung ist in der Verordnung zu finden.\n<h3>Arten der verarbeiteten Daten<\/h3>\n<h6><em>\nDaten zur Navigation <\/em><\/h6>\nDie f\u00fcr den Betrieb der Website verwendeten Computersysteme und Softwareverfahren erfassen im Rahmen ihres normalen Betriebs bestimmte personenbezogene Daten, deren \u00dcbermittlung durch die Verwendung von Internet-Kommunikationsprotokollen impliziert ist.\n\nZu dieser Datenkategorie geh\u00f6ren die IP-Adressen oder Dom\u00e4nennamen der von den Nutzern verwendeten Computer und Endger\u00e4te, die URI\/URL-Notationsadressen (Uniform Resource Identifier\/Locator) der angeforderten Ressourcen, die Uhrzeit der Anfrage, die bei der \u00dcbermittlung der Anfrage an den Server verwendete Methode, die Gr\u00f6\u00dfe der als Antwort erhaltenen Datei, der numerische Code, der den Status der vom Server gegebenen Antwort angibt (erfolgreich, Fehler usw.), sowie andere Parameter, die sich auf das Betriebssystem und die Computerumgebung des Nutzers beziehen.\n\nDiese Daten, die f\u00fcr die Nutzung der Website und der dort angebotenen Dienste erforderlich sind, k\u00f6nnen auch zu folgenden Zwecken verarbeitet werden\n<ul>\n \t<li>statistische Informationen \u00fcber die Nutzung der Dienste oder die Pr\u00e4ferenzen der Nutzer in Bezug auf die \u00fcber die Website beworbenen Autos und Fahrzeuge zu erhalten (meistbesuchte Seiten, Anzahl der Besucher pro Zeitfenster oder Tag, geografische Herkunftsgebiete, Art der Fahrzeuge, auf die sich die Aufmerksamkeit konzentriert, usw.);<\/li>\n \t<li>das ordnungsgem\u00e4\u00dfe Funktionieren der angebotenen Dienste zu \u00fcberwachen.<\/li>\n<\/ul>\nDie Browsing-Daten bleiben nicht erhalten und werden nach ihrer Zusammenstellung gel\u00f6scht (au\u00dfer im Falle strafrechtlicher Ermittlungen der Justizbeh\u00f6rden).\n\nDiese Informationen werden automatisch verarbeitet und nur in zusammengefasster Form erhoben, um das ordnungsgem\u00e4\u00dfe Funktionieren der Website zu \u00fcberpr\u00fcfen, sowie aus Sicherheitsgr\u00fcnden.\n\nZu Sicherheitszwecken (Anti-Spam-Filter, Firewalls, Virenerkennung) k\u00f6nnen die automatisch erfassten Daten m\u00f6glicherweise auch personenbezogene Daten wie die IP-Adresse enthalten, die in \u00dcbereinstimmung mit den geltenden Gesetzen verwendet werden k\u00f6nnten, um Versuche zu unterbinden, die Website selbst zu besch\u00e4digen oder anderen Nutzern Schaden zuzuf\u00fcgen, oder in jedem Fall sch\u00e4dliche oder kriminelle Aktivit\u00e4ten. Diese Daten werden niemals zur Identifizierung der Nutzer oder zur Erstellung von Profilen verwendet, sondern dienen ausschlie\u00dflich dem Schutz der Website und ihrer Nutzer.\n<h6><em>Vom Nutzer \u00fcbermittelte Daten<\/em><\/h6>\nDas fakultative, ausdr\u00fcckliche und freiwillige Versenden von Nachrichten an die Kontaktadressen auf der Website sowie das Ausf\u00fcllen und Weiterleiten von Formularen oder das Ausf\u00fcllen von Kontaktformularen setzt die Erfassung der f\u00fcr die Beantwortung erforderlichen Kontaktdaten des Absenders sowie aller personenbezogenen Daten voraus, die in den Mitteilungen selbst enthalten sind, und ihre Bereitstellung setzt die Zustimmung zu ihrer Verarbeitung zu den hier angegebenen Zwecken voraus.\n<h6><em>Cookies und andere Tracking-Systeme<\/em><\/h6>\nWeitere Einzelheiten \u00fcber die Verwendung von Cookies finden Sie in dem entsprechenden Hinweis: <a href=\"https:\/\/holmac.com\/de\/cookie-policy-ue\/\">https:\/\/holmac.com\/de\/cookie-policy-ue\/<\/a>\n<h3>Zweck der Verarbeitung<\/h3>\nDie Daten werden zu institutionellen Zwecken verarbeitet, die mit der typischen T\u00e4tigkeit von Holmac S.a.s. zusammenh\u00e4ngen und ihr dienen, insbesondere:\n<ol>\n \t<li>f\u00fcr Zwecke, die eng mit der Verwaltung des Vertragsverh\u00e4ltnisses zusammenh\u00e4ngen und deren Verarbeitung f\u00fcr die Erf\u00fcllung des Vertrags, dessen Vertragspartei die betroffene Person ist, erforderlich ist (Art. 6 Buchstabe b) DSGVO), und zur Verfolgung des Interesses von Holmac S.a.s. an der Aus\u00fcbung ihrer wirtschaftlichen T\u00e4tigkeit (Art. 6 Buchstabe f) DSGVO);<\/li>\n \t<li>zur Erf\u00fcllung rechtlicher Verpflichtungen, denen der f\u00fcr die Datenverarbeitung Verantwortliche unterliegt (Art. 6(c) GDPR);<\/li>\n \t<li>um, auch mit automatisierten Mitteln, Newsletter und Informationen \u00fcber die Aktivit\u00e4ten und Produkte von Holmac S.a.s. zu \u00fcbermitteln und\/oder zu versenden (Art. 6 Buchstabe a) des GDPR) (Zwecke des Direktmarketing);<\/li>\n \t<li>die Gewohnheiten und Neigungen der Verbraucher, auch mit Hilfe elektronischer Datenverarbeitung, zu ermitteln, um spezifische Bed\u00fcrfnisse der Nutzer durch Vorschl\u00e4ge f\u00fcr neue Dienstleistungen und Produkte zu erf\u00fcllen (Art. 6(a) GDPR);<\/li>\n \t<li>bei Werbeveranstaltungen und Messen \u00fcber die Kommunikationskan\u00e4le von Holmac S.a.s. die dort gesammelten Bilder der Teilnehmer in Form von Fotos und\/oder Filmen zu verbreiten;<\/li>\n<\/ol>\n<h3>Ort der Verarbeitung<\/h3>\nDie von der Website gesammelten Daten werden in den R\u00e4umlichkeiten des f\u00fcr die Datenverarbeitung Verantwortlichen und im Webhosting-Rechenzentrum verarbeitet, das sich in der Europ\u00e4ischen Union befindet und nach europ\u00e4ischen Standards arbeitet.\n<h3>Sicherheitsma\u00dfnahmen<\/h3>\nDie Website verarbeitet die Nutzerdaten auf rechtm\u00e4\u00dfige und faire Weise und ergreift geeignete Sicherheitsma\u00dfnahmen, um den unbefugten Zugriff, die Offenlegung, \u00c4nderung oder Zerst\u00f6rung von Daten zu verhindern.\n\nDie Verarbeitung erfolgt mit Hilfe von Informatik- und\/oder Telematikinstrumenten, deren Organisationsmethoden und Logik sich streng an die angegebenen Zwecke halten.\n\nNeben dem Inhaber der Datenverarbeitung k\u00f6nnen in einigen F\u00e4llen auch Kategorien von Personen, die mit der Organisation der Website und von Holmac S.a.s. betraut sind (z. B. Verwaltungs- und Verkaufspersonal, Marketingmitarbeiter, Systemadministratoren) oder externe Personen (z. B. dritte technische Dienstleister, Postkuriere, Hosting-Anbieter, IT-Unternehmen, Kommunikationsagenturen) Zugang zu den Daten haben.\n<h3>Rechte der Nutzer<\/h3>\nGem\u00e4\u00df der Gesch\u00e4ftsordnung und der nationalen Gesetzgebung kann der Nutzer in der Art und Weise und innerhalb der Grenzen, die in der geltenden Gesetzgebung vorgesehen sind, die folgenden Rechte aus\u00fcben:\n<ul>\n \t<li>eine Best\u00e4tigung \u00fcber das Vorhandensein der ihn betreffenden personenbezogenen Daten zu verlangen (Recht auf Zugang);<\/li>\n \t<li>seinen Ursprung kennen;<\/li>\n \t<li>eine verst\u00e4ndliche Kommunikation erhalten;<\/li>\n \t<li>Informationen \u00fcber die Logik, die Methoden und die Zwecke der Verarbeitung zu erhalten;<\/li>\n \t<li>die Aktualisierung, die Berichtigung, die Erg\u00e4nzung, die L\u00f6schung, die Umwandlung in anonyme Form und die Sperrung von Daten zu verlangen, die unter Verletzung des Gesetzes verarbeitet wurden, einschlie\u00dflich der Daten, die f\u00fcr die Zwecke, f\u00fcr die sie erhoben wurden, nicht mehr erforderlich sind;<\/li>\n \t<li>im Falle einer Verarbeitung auf der Grundlage einer Einwilligung Ihre Daten, die Sie dem f\u00fcr die Verarbeitung Verantwortlichen zur Verf\u00fcgung gestellt haben, in einer strukturierten, maschinenlesbaren Form und in einem Format, das \u00fcblicherweise von einem elektronischen Ger\u00e4t verwendet wird, zu erhalten, und zwar auf die alleinigen Kosten jeglicher Unterst\u00fctzung;<\/li>\n \t<li>das Recht, eine Beschwerde bei der Aufsichtsbeh\u00f6rde (garanteprivacy.it) einzureichen;<\/li>\n \t<li>sowie ganz allgemein die Aus\u00fcbung aller Rechte, die ihm nach den geltenden Rechtsvorschriften zustehen.<\/li>\n<\/ul>\nAnfragen sollten an den f\u00fcr die Verarbeitung Verantwortlichen unter den im Abschnitt &#8222;Kontakt&#8220; der Website angegebenen Adressen gerichtet werden.\n\nWerden die Daten auf der Grundlage des <strong>berechtigte Interessen<\/strong> Die Rechte der von der Verarbeitung betroffenen Person sind in jedem Fall gew\u00e4hrleistet (mit Ausnahme des Rechts auf \u00dcbertragbarkeit, das in den Vorschriften nicht vorgesehen ist), insbesondere das Recht auf Widerspruch gegen die Verarbeitung, das durch einen Antrag an den f\u00fcr die Verarbeitung Verantwortlichen ausge\u00fcbt werden kann.\n<h3>Recht auf Beschwerde<\/h3>\nBetroffene Personen, die der Ansicht sind, dass die Verarbeitung der sie betreffenden personenbezogenen Daten \u00fcber diese Website gegen die Bestimmungen der Verordnung verst\u00f6\u00dft, haben das Recht, eine Beschwerde beim Datenschutzbeauftragten (<a href=\"https:\/\/www.google.com\/url?sa=t&amp;source=web&amp;rct=j&amp;opi=89978449&amp;url=https:\/\/www.garanteprivacy.it\/home\/diritti\/come-agire-per-tutelare-i-tuoi-dati-personali&amp;ved=2ahUKEwi2qdD74ceGAxX3_7sIHT0RB_8QFnoECB0QAQ&amp;usg=AOvVaw2ixjp6c78ql8r1GPvZ08_G\">www.garanteprivacy.it<\/a>) einzureichen, wie in Artikel 1 vorgesehen. 77 der Verordnung selbst, oder geeignete rechtliche Schritte einzuleiten (Art. 79 der Verordnung).\t\t\t\t\t\t\t\t<\/div>\n\t\t\t\t\t<\/div>\n\t\t\t\t<\/div>\n\t\t\t\t<\/div>\n\t\t","protected":false},"excerpt":{"rendered":"<p>Informationen gem\u00e4\u00df Artikel 13 der Verordnung (EU) 2016\/679 Warum diese Informationen Gem\u00e4\u00df der Verordnung (EU) 2016\/679 (im Folgenden &#8222;Verordnung&#8220;) werden [&hellip;]<\/p>\n","protected":false},"author":1,"featured_media":0,"parent":0,"menu_order":49,"comment_status":"closed","ping_status":"closed","template":"elementor_header_footer","meta":{"_acf_changed":false,"_mo_disable_npp":"","site-sidebar-layout":"default","site-content-layout":"","ast-site-content-layout":"default","site-content-style":"default","site-sidebar-style":"default","ast-global-header-display":"","ast-banner-title-visibility":"","ast-main-header-display":"","ast-hfb-above-header-display":"","ast-hfb-below-header-display":"","ast-hfb-mobile-header-display":"","site-post-title":"","ast-breadcrumbs-content":"","ast-featured-img":"","footer-sml-layout":"","ast-disable-related-posts":"","theme-transparent-header-meta":"","adv-header-id-meta":"","stick-header-meta":"","header-above-stick-meta":"","header-main-stick-meta":"","header-below-stick-meta":"","astra-migrate-meta-layouts":"default","ast-page-background-enabled":"default","ast-page-background-meta":{"desktop":{"background-color":"var(--ast-global-color-4)","background-image":"","background-repeat":"repeat","background-position":"center center","background-size":"auto","background-attachment":"scroll","background-type":"","background-media":"","overlay-type":"","overlay-color":"","overlay-opacity":"","overlay-gradient":""},"tablet":{"background-color":"","background-image":"","background-repeat":"repeat","background-position":"center center","background-size":"auto","background-attachment":"scroll","background-type":"","background-media":"","overlay-type":"","overlay-color":"","overlay-opacity":"","overlay-gradient":""},"mobile":{"background-color":"","background-image":"","background-repeat":"repeat","background-position":"center center","background-size":"auto","background-attachment":"scroll","background-type":"","background-media":"","overlay-type":"","overlay-color":"","overlay-opacity":"","overlay-gradient":""}},"ast-content-background-meta":{"desktop":{"background-color":"var(--ast-global-color-5)","background-image":"","background-repeat":"repeat","background-position":"center center","background-size":"auto","background-attachment":"scroll","background-type":"","background-media":"","overlay-type":"","overlay-color":"","overlay-opacity":"","overlay-gradient":""},"tablet":{"background-color":"var(--ast-global-color-5)","background-image":"","background-repeat":"repeat","background-position":"center center","background-size":"auto","background-attachment":"scroll","background-type":"","background-media":"","overlay-type":"","overlay-color":"","overlay-opacity":"","overlay-gradient":""},"mobile":{"background-color":"var(--ast-global-color-5)","background-image":"","background-repeat":"repeat","background-position":"center center","background-size":"auto","background-attachment":"scroll","background-type":"","background-media":"","overlay-type":"","overlay-color":"","overlay-opacity":"","overlay-gradient":""}},"footnotes":""},"class_list":["post-7355","page","type-page","status-publish","hentry"],"acf":[],"yoast_head":"<!-- This site is optimized with the Yoast SEO plugin v27.4 - https:\/\/yoast.com\/product\/yoast-seo-wordpress\/ -->\n<title>Datenschutzbestimmungen - Holmac di Gastaldi Christian &amp; Figli SRL<\/title>\n<meta name=\"robots\" content=\"index, follow, max-snippet:-1, max-image-preview:large, max-video-preview:-1\" \/>\n<link rel=\"canonical\" href=\"https:\/\/holmac.com\/de\/datenschutzbestimmungen\/\" \/>\n<meta property=\"og:locale\" content=\"de_DE\" \/>\n<meta property=\"og:type\" content=\"article\" \/>\n<meta property=\"og:title\" content=\"Datenschutzbestimmungen - Holmac di Gastaldi Christian &amp; Figli SRL\" \/>\n<meta property=\"og:description\" content=\"Informationen gem\u00e4\u00df Artikel 13 der Verordnung (EU) 2016\/679 Warum diese Informationen Gem\u00e4\u00df der Verordnung (EU) 2016\/679 (im Folgenden &#8222;Verordnung&#8220;) werden [&hellip;]\" \/>\n<meta property=\"og:url\" content=\"https:\/\/holmac.com\/de\/datenschutzbestimmungen\/\" \/>\n<meta property=\"og:site_name\" content=\"Holmac di Gastaldi Christian &amp; Figli SRL\" \/>\n<meta property=\"article:publisher\" content=\"https:\/\/www.facebook.com\/HOLMAC-143398409180653\/\" \/>\n<meta property=\"article:modified_time\" content=\"2024-06-07T13:53:40+00:00\" \/>\n<meta name=\"twitter:card\" content=\"summary_large_image\" \/>\n<meta name=\"twitter:label1\" content=\"Gesch\u00e4tzte Lesezeit\" \/>\n\t<meta name=\"twitter:data1\" content=\"7\u00a0Minuten\" \/>\n<script type=\"application\/ld+json\" class=\"yoast-schema-graph\">{\"@context\":\"https:\\\/\\\/schema.org\",\"@graph\":[{\"@type\":\"WebPage\",\"@id\":\"https:\\\/\\\/holmac.com\\\/de\\\/datenschutzbestimmungen\\\/\",\"url\":\"https:\\\/\\\/holmac.com\\\/de\\\/datenschutzbestimmungen\\\/\",\"name\":\"Datenschutzbestimmungen - Holmac di Gastaldi Christian &amp; Figli SRL\",\"isPartOf\":{\"@id\":\"https:\\\/\\\/holmac.com\\\/de\\\/#website\"},\"datePublished\":\"2024-06-07T13:53:39+00:00\",\"dateModified\":\"2024-06-07T13:53:40+00:00\",\"breadcrumb\":{\"@id\":\"https:\\\/\\\/holmac.com\\\/de\\\/datenschutzbestimmungen\\\/#breadcrumb\"},\"inLanguage\":\"de\",\"potentialAction\":[{\"@type\":\"ReadAction\",\"target\":[\"https:\\\/\\\/holmac.com\\\/de\\\/datenschutzbestimmungen\\\/\"]}]},{\"@type\":\"BreadcrumbList\",\"@id\":\"https:\\\/\\\/holmac.com\\\/de\\\/datenschutzbestimmungen\\\/#breadcrumb\",\"itemListElement\":[{\"@type\":\"ListItem\",\"position\":1,\"name\":\"Home\",\"item\":\"https:\\\/\\\/holmac.com\\\/de\\\/holmac\\\/\"},{\"@type\":\"ListItem\",\"position\":2,\"name\":\"Datenschutzbestimmungen\"}]},{\"@type\":\"WebSite\",\"@id\":\"https:\\\/\\\/holmac.com\\\/de\\\/#website\",\"url\":\"https:\\\/\\\/holmac.com\\\/de\\\/\",\"name\":\"HOLMAC sas di Gastaldi Niccol\u00f2 & C.\",\"description\":\"since 1969\",\"publisher\":{\"@id\":\"https:\\\/\\\/holmac.com\\\/de\\\/#organization\"},\"alternateName\":\"HOLMAC\",\"potentialAction\":[{\"@type\":\"SearchAction\",\"target\":{\"@type\":\"EntryPoint\",\"urlTemplate\":\"https:\\\/\\\/holmac.com\\\/de\\\/?s={search_term_string}\"},\"query-input\":{\"@type\":\"PropertyValueSpecification\",\"valueRequired\":true,\"valueName\":\"search_term_string\"}}],\"inLanguage\":\"de\"},{\"@type\":\"Organization\",\"@id\":\"https:\\\/\\\/holmac.com\\\/de\\\/#organization\",\"name\":\"HOLMAC sas di Gastaldi Niccol\u00f2 & C.\",\"url\":\"https:\\\/\\\/holmac.com\\\/de\\\/\",\"logo\":{\"@type\":\"ImageObject\",\"inLanguage\":\"de\",\"@id\":\"https:\\\/\\\/holmac.com\\\/de\\\/#\\\/schema\\\/logo\\\/image\\\/\",\"url\":\"https:\\\/\\\/holmac.com\\\/wp-content\\\/uploads\\\/2024\\\/04\\\/logo-holmac-full.svg\",\"contentUrl\":\"https:\\\/\\\/holmac.com\\\/wp-content\\\/uploads\\\/2024\\\/04\\\/logo-holmac-full.svg\",\"caption\":\"HOLMAC sas di Gastaldi Niccol\u00f2 & C.\"},\"image\":{\"@id\":\"https:\\\/\\\/holmac.com\\\/de\\\/#\\\/schema\\\/logo\\\/image\\\/\"},\"sameAs\":[\"https:\\\/\\\/www.facebook.com\\\/HOLMAC-143398409180653\\\/\",\"https:\\\/\\\/www.instagram.com\\\/holmac_official\\\/\",\"https:\\\/\\\/www.youtube.com\\\/channel\\\/UCyTkusnUyzkvOnuJgEEh-1Q\\\/featured\",\"https:\\\/\\\/www.linkedin.com\\\/company\\\/holmac-sas-official\\\/about\\\/\"]}]}<\/script>\n<!-- \/ Yoast SEO plugin. -->","yoast_head_json":{"title":"Datenschutzbestimmungen - Holmac di Gastaldi Christian &amp; Figli SRL","robots":{"index":"index","follow":"follow","max-snippet":"max-snippet:-1","max-image-preview":"max-image-preview:large","max-video-preview":"max-video-preview:-1"},"canonical":"https:\/\/holmac.com\/de\/datenschutzbestimmungen\/","og_locale":"de_DE","og_type":"article","og_title":"Datenschutzbestimmungen - Holmac di Gastaldi Christian &amp; Figli SRL","og_description":"Informationen gem\u00e4\u00df Artikel 13 der Verordnung (EU) 2016\/679 Warum diese Informationen Gem\u00e4\u00df der Verordnung (EU) 2016\/679 (im Folgenden &#8222;Verordnung&#8220;) werden [&hellip;]","og_url":"https:\/\/holmac.com\/de\/datenschutzbestimmungen\/","og_site_name":"Holmac di Gastaldi Christian &amp; Figli SRL","article_publisher":"https:\/\/www.facebook.com\/HOLMAC-143398409180653\/","article_modified_time":"2024-06-07T13:53:40+00:00","twitter_card":"summary_large_image","twitter_misc":{"Gesch\u00e4tzte Lesezeit":"7\u00a0Minuten"},"schema":{"@context":"https:\/\/schema.org","@graph":[{"@type":"WebPage","@id":"https:\/\/holmac.com\/de\/datenschutzbestimmungen\/","url":"https:\/\/holmac.com\/de\/datenschutzbestimmungen\/","name":"Datenschutzbestimmungen - Holmac di Gastaldi Christian &amp; Figli SRL","isPartOf":{"@id":"https:\/\/holmac.com\/de\/#website"},"datePublished":"2024-06-07T13:53:39+00:00","dateModified":"2024-06-07T13:53:40+00:00","breadcrumb":{"@id":"https:\/\/holmac.com\/de\/datenschutzbestimmungen\/#breadcrumb"},"inLanguage":"de","potentialAction":[{"@type":"ReadAction","target":["https:\/\/holmac.com\/de\/datenschutzbestimmungen\/"]}]},{"@type":"BreadcrumbList","@id":"https:\/\/holmac.com\/de\/datenschutzbestimmungen\/#breadcrumb","itemListElement":[{"@type":"ListItem","position":1,"name":"Home","item":"https:\/\/holmac.com\/de\/holmac\/"},{"@type":"ListItem","position":2,"name":"Datenschutzbestimmungen"}]},{"@type":"WebSite","@id":"https:\/\/holmac.com\/de\/#website","url":"https:\/\/holmac.com\/de\/","name":"HOLMAC sas di Gastaldi Niccol\u00f2 & C.","description":"since 1969","publisher":{"@id":"https:\/\/holmac.com\/de\/#organization"},"alternateName":"HOLMAC","potentialAction":[{"@type":"SearchAction","target":{"@type":"EntryPoint","urlTemplate":"https:\/\/holmac.com\/de\/?s={search_term_string}"},"query-input":{"@type":"PropertyValueSpecification","valueRequired":true,"valueName":"search_term_string"}}],"inLanguage":"de"},{"@type":"Organization","@id":"https:\/\/holmac.com\/de\/#organization","name":"HOLMAC sas di Gastaldi Niccol\u00f2 & C.","url":"https:\/\/holmac.com\/de\/","logo":{"@type":"ImageObject","inLanguage":"de","@id":"https:\/\/holmac.com\/de\/#\/schema\/logo\/image\/","url":"https:\/\/holmac.com\/wp-content\/uploads\/2024\/04\/logo-holmac-full.svg","contentUrl":"https:\/\/holmac.com\/wp-content\/uploads\/2024\/04\/logo-holmac-full.svg","caption":"HOLMAC sas di Gastaldi Niccol\u00f2 & C."},"image":{"@id":"https:\/\/holmac.com\/de\/#\/schema\/logo\/image\/"},"sameAs":["https:\/\/www.facebook.com\/HOLMAC-143398409180653\/","https:\/\/www.instagram.com\/holmac_official\/","https:\/\/www.youtube.com\/channel\/UCyTkusnUyzkvOnuJgEEh-1Q\/featured","https:\/\/www.linkedin.com\/company\/holmac-sas-official\/about\/"]}]}},"_links":{"self":[{"href":"https:\/\/holmac.com\/de\/wp-json\/wp\/v2\/pages\/7355","targetHints":{"allow":["GET"]}}],"collection":[{"href":"https:\/\/holmac.com\/de\/wp-json\/wp\/v2\/pages"}],"about":[{"href":"https:\/\/holmac.com\/de\/wp-json\/wp\/v2\/types\/page"}],"author":[{"embeddable":true,"href":"https:\/\/holmac.com\/de\/wp-json\/wp\/v2\/users\/1"}],"replies":[{"embeddable":true,"href":"https:\/\/holmac.com\/de\/wp-json\/wp\/v2\/comments?post=7355"}],"version-history":[{"count":1,"href":"https:\/\/holmac.com\/de\/wp-json\/wp\/v2\/pages\/7355\/revisions"}],"predecessor-version":[{"id":7356,"href":"https:\/\/holmac.com\/de\/wp-json\/wp\/v2\/pages\/7355\/revisions\/7356"}],"wp:attachment":[{"href":"https:\/\/holmac.com\/de\/wp-json\/wp\/v2\/media?parent=7355"}],"curies":[{"name":"wp","href":"https:\/\/api.w.org\/{rel}","templated":true}]}}